{"id":53845,"date":"2025-07-01T06:29:24","date_gmt":"2025-07-01T06:29:24","guid":{"rendered":"https:\/\/kasima.lt\/produktas\/merlo-32-6-vairuotojo-kabina\/"},"modified":"2025-10-29T08:35:30","modified_gmt":"2025-10-29T08:35:30","slug":"merlo-32-6-vairuotojo-kabina","status":"publish","type":"product","link":"https:\/\/kasima3.bcapps.lt\/lv\/produktas\/merlo-32-6-vairuotojo-kabina\/","title":{"rendered":"Merlo 32.6 vad\u012bt\u0101ja kab\u012bne"},"content":{"rendered":"<p>Kab\u012bnes iek\u0161puse ir boj\u0101ta ugunsgr\u0113k\u0101, un liel\u0101kajai da\u013cai logu nav logu. \u0100rpuse nav b\u016btiski cietusi, un nav konstrukcijas boj\u0101jumu. Joproj\u0101m der\u012bga lieto\u0161anai<br \/>\nNo\u0146emts no Merlo 32.6, 2011. gads<br \/>\nDeta\u013cas numurs:<br \/>\n053587<br \/>\n062848<br \/>\n062849<br \/>\n062751<br \/>\n063870<br \/>\n064733.  <\/p>\n","protected":false},"excerpt":{"rendered":"<p>Cena bez PVN<\/p>\n<p>Ra\u017eot\u0101js: MERLO<br \/>\nModelis: MERLOP320019<br \/>\nIzsaukums: <a href=\"tel:+37060842988\">+37060842988<\/a><br \/>\nE-pasts: <a href=\"mailto:usedparts@kasima3.bcapps.lt\">usedparts@kasima3.bcapps.lt<\/a><\/p>\n","protected":false},"featured_media":53841,"template":"","meta":{"_et_pb_use_builder":"","_et_pb_old_content":"","_et_gb_content_width":""},"product_brand":[],"product_cat":[514,318,452],"product_tag":[],"class_list":{"0":"post-53845","1":"product","2":"type-product","3":"status-publish","4":"has-post-thumbnail","6":"product_cat-czesci-merlo","7":"product_cat-lietotas-detalas","8":"product_cat-celtniecibas-tehnikas-dalas","10":"first","11":"instock","12":"taxable","13":"shipping-taxable","14":"purchasable","15":"product-type-simple"},"_links":{"self":[{"href":"https:\/\/kasima3.bcapps.lt\/lv\/wp-json\/wp\/v2\/product\/53845","targetHints":{"allow":["GET"]}}],"collection":[{"href":"https:\/\/kasima3.bcapps.lt\/lv\/wp-json\/wp\/v2\/product"}],"about":[{"href":"https:\/\/kasima3.bcapps.lt\/lv\/wp-json\/wp\/v2\/types\/product"}],"wp:featuredmedia":[{"embeddable":true,"href":"https:\/\/kasima3.bcapps.lt\/lv\/wp-json\/wp\/v2\/media\/53841"}],"wp:attachment":[{"href":"https:\/\/kasima3.bcapps.lt\/lv\/wp-json\/wp\/v2\/media?parent=53845"}],"wp:term":[{"taxonomy":"product_brand","embeddable":true,"href":"https:\/\/kasima3.bcapps.lt\/lv\/wp-json\/wp\/v2\/product_brand?post=53845"},{"taxonomy":"product_cat","embeddable":true,"href":"https:\/\/kasima3.bcapps.lt\/lv\/wp-json\/wp\/v2\/product_cat?post=53845"},{"taxonomy":"product_tag","embeddable":true,"href":"https:\/\/kasima3.bcapps.lt\/lv\/wp-json\/wp\/v2\/product_tag?post=53845"}],"curies":[{"name":"wp","href":"https:\/\/api.w.org\/{rel}","templated":true}]}}