{"id":54247,"date":"2025-07-03T08:05:58","date_gmt":"2025-07-03T08:05:58","guid":{"rendered":"https:\/\/kasima.lt\/produktas\/case-puma-kabinos-remas\/"},"modified":"2025-10-29T08:35:34","modified_gmt":"2025-10-29T08:35:34","slug":"case-puma-kabinos-remas","status":"publish","type":"product","link":"https:\/\/kasima3.bcapps.lt\/lv\/produktas\/case-puma-kabinos-remas\/","title":{"rendered":"CASE Puma kab\u012bnes r\u0101mis"},"content":{"rendered":"<p>\u0160\u012b da\u013ca ir cietusi ugunsgr\u0113k\u0101, nav redzamu struktur\u0101lu boj\u0101jumu<br \/>\nNo\u0146emts no Case Puma CVX 185, 2018<br \/>\nDeta\u013cas numurs:<br \/>\n87706096<br \/>\n84574461<br \/>\n84574464<\/p>\n","protected":false},"excerpt":{"rendered":"<p>Cena bez PVN<\/p>\n<p>Ra\u017eot\u0101js: CASE<br \/>\nModelis: CS185PUMA0046<br \/>\nIzsaukums:<a href=\"tel:+37060842988\"> +37060842988<\/a><br \/>\nE-pasts: <a href=\"mailto:usedparts@kasima3.bcapps.lt\">usedparts@kasima3.bcapps.lt<\/a><\/p>\n","protected":false},"featured_media":54218,"template":"","meta":{"_et_pb_use_builder":"","_et_pb_old_content":"","_et_gb_content_width":""},"product_brand":[],"product_cat":[508,318,455],"product_tag":[],"class_list":{"0":"post-54247","1":"product","2":"type-product","3":"status-publish","4":"has-post-thumbnail","6":"product_cat-case-strony","7":"product_cat-lietotas-detalas","8":"product_cat-lauksaimniecibas-tehnikas-dalas","10":"first","11":"instock","12":"taxable","13":"shipping-taxable","14":"purchasable","15":"product-type-simple"},"_links":{"self":[{"href":"https:\/\/kasima3.bcapps.lt\/lv\/wp-json\/wp\/v2\/product\/54247","targetHints":{"allow":["GET"]}}],"collection":[{"href":"https:\/\/kasima3.bcapps.lt\/lv\/wp-json\/wp\/v2\/product"}],"about":[{"href":"https:\/\/kasima3.bcapps.lt\/lv\/wp-json\/wp\/v2\/types\/product"}],"wp:featuredmedia":[{"embeddable":true,"href":"https:\/\/kasima3.bcapps.lt\/lv\/wp-json\/wp\/v2\/media\/54218"}],"wp:attachment":[{"href":"https:\/\/kasima3.bcapps.lt\/lv\/wp-json\/wp\/v2\/media?parent=54247"}],"wp:term":[{"taxonomy":"product_brand","embeddable":true,"href":"https:\/\/kasima3.bcapps.lt\/lv\/wp-json\/wp\/v2\/product_brand?post=54247"},{"taxonomy":"product_cat","embeddable":true,"href":"https:\/\/kasima3.bcapps.lt\/lv\/wp-json\/wp\/v2\/product_cat?post=54247"},{"taxonomy":"product_tag","embeddable":true,"href":"https:\/\/kasima3.bcapps.lt\/lv\/wp-json\/wp\/v2\/product_tag?post=54247"}],"curies":[{"name":"wp","href":"https:\/\/api.w.org\/{rel}","templated":true}]}}