{"id":54666,"date":"2025-07-04T12:46:17","date_gmt":"2025-07-04T12:46:17","guid":{"rendered":"https:\/\/kasima.lt\/produktas\/vredestein-traction-xxl-padanga-su-ratlankiu-2\/"},"modified":"2025-10-29T08:35:37","modified_gmt":"2025-10-29T08:35:37","slug":"vredestein-traction-xxl-padanga-su-ratlankiu-2","status":"publish","type":"product","link":"https:\/\/kasima3.bcapps.lt\/lv\/produktas\/vredestein-traction-xxl-padanga-su-ratlankiu-2\/","title":{"rendered":"VREDESTEIN TRACTION XXL riepa ar loka disku"},"content":{"rendered":"<p>\u0160\u012b riepa ir lietota, neliela da\u013ca bija pak\u013cauta uguns iedarb\u012bbai<br \/>\nNo\u0146emta no Case Puma CVX 185, 2018<br \/>\n710\/75 R28<br \/>\nRiepa<br \/>\nTW23Bx38<br \/>\n1138065<br \/>\n84419506<\/p>\n","protected":false},"excerpt":{"rendered":"<p>Cena bez PVN<\/p>\n<p>Ra\u017eot\u0101js: VREDESTEIN<br \/>\nModelis: CS185PUMA0030<br \/>\nIzsaukums: <a href=\"tel:+37060842988\">+37060842988<\/a><br \/>\nE-pasts: <a href=\"mailto:usedparts@kasima3.bcapps.lt\">usedparts@kasima3.bcapps.lt<\/a><\/p>\n","protected":false},"featured_media":54576,"template":"","meta":{"_et_pb_use_builder":"","_et_pb_old_content":"","_et_gb_content_width":""},"product_brand":[],"product_cat":[508,318,455],"product_tag":[],"class_list":{"0":"post-54666","1":"product","2":"type-product","3":"status-publish","4":"has-post-thumbnail","6":"product_cat-case-strony","7":"product_cat-lietotas-detalas","8":"product_cat-lauksaimniecibas-tehnikas-dalas","10":"first","11":"instock","12":"taxable","13":"shipping-taxable","14":"purchasable","15":"product-type-simple"},"_links":{"self":[{"href":"https:\/\/kasima3.bcapps.lt\/lv\/wp-json\/wp\/v2\/product\/54666","targetHints":{"allow":["GET"]}}],"collection":[{"href":"https:\/\/kasima3.bcapps.lt\/lv\/wp-json\/wp\/v2\/product"}],"about":[{"href":"https:\/\/kasima3.bcapps.lt\/lv\/wp-json\/wp\/v2\/types\/product"}],"wp:featuredmedia":[{"embeddable":true,"href":"https:\/\/kasima3.bcapps.lt\/lv\/wp-json\/wp\/v2\/media\/54576"}],"wp:attachment":[{"href":"https:\/\/kasima3.bcapps.lt\/lv\/wp-json\/wp\/v2\/media?parent=54666"}],"wp:term":[{"taxonomy":"product_brand","embeddable":true,"href":"https:\/\/kasima3.bcapps.lt\/lv\/wp-json\/wp\/v2\/product_brand?post=54666"},{"taxonomy":"product_cat","embeddable":true,"href":"https:\/\/kasima3.bcapps.lt\/lv\/wp-json\/wp\/v2\/product_cat?post=54666"},{"taxonomy":"product_tag","embeddable":true,"href":"https:\/\/kasima3.bcapps.lt\/lv\/wp-json\/wp\/v2\/product_tag?post=54666"}],"curies":[{"name":"wp","href":"https:\/\/api.w.org\/{rel}","templated":true}]}}