{"id":54977,"date":"2025-07-07T13:46:01","date_gmt":"2025-07-07T13:46:01","guid":{"rendered":"https:\/\/kasima.lt\/produktas\/perkins-degalu-pakelimo-siurblys-ir-filtras\/"},"modified":"2025-10-29T08:35:40","modified_gmt":"2025-10-29T08:35:40","slug":"perkins-degalu-pakelimo-siurblys-ir-filtras","status":"publish","type":"product","link":"https:\/\/kasima3.bcapps.lt\/lv\/produktas\/perkins-degalu-pakelimo-siurblys-ir-filtras\/","title":{"rendered":"Perkins degvielas pac\u0113l\u0101ja s\u016bknis\/filtrs"},"content":{"rendered":"<p>\u0160\u012b da\u013ca ir lietota, bet ir lab\u0101 st\u0101vokl\u012b<br \/>\nNo\u0146emts no Merlo 32.6 , 2011<br \/>\nDeta\u013cas numurs:<br \/>\nP00735<br \/>\n3860189<br \/>\n20F26A.<\/p>\n","protected":false},"excerpt":{"rendered":"<p>Cena bez PVN<\/p>\n<p>Ra\u017eot\u0101js: PERKINS<br \/>\nModelis: MERLOP320025<br \/>\nIzsaukums: <a href=\"tel:+37060842988\">+37060842988<\/a><br \/>\nE-pasts: <a href=\"mailto:usedparts@kasima3.bcapps.lt\">usedparts@kasima3.bcapps.lt<\/a><\/p>\n","protected":false},"featured_media":54953,"template":"","meta":{"_et_pb_use_builder":"","_et_pb_old_content":"","_et_gb_content_width":""},"product_brand":[],"product_cat":[514,490,318,452],"product_tag":[],"class_list":{"0":"post-54977","1":"product","2":"type-product","3":"status-publish","4":"has-post-thumbnail","6":"product_cat-czesci-merlo","7":"product_cat-elektronikas-dalas","8":"product_cat-lietotas-detalas","9":"product_cat-celtniecibas-tehnikas-dalas","11":"first","12":"instock","13":"taxable","14":"shipping-taxable","15":"purchasable","16":"product-type-simple"},"_links":{"self":[{"href":"https:\/\/kasima3.bcapps.lt\/lv\/wp-json\/wp\/v2\/product\/54977","targetHints":{"allow":["GET"]}}],"collection":[{"href":"https:\/\/kasima3.bcapps.lt\/lv\/wp-json\/wp\/v2\/product"}],"about":[{"href":"https:\/\/kasima3.bcapps.lt\/lv\/wp-json\/wp\/v2\/types\/product"}],"wp:featuredmedia":[{"embeddable":true,"href":"https:\/\/kasima3.bcapps.lt\/lv\/wp-json\/wp\/v2\/media\/54953"}],"wp:attachment":[{"href":"https:\/\/kasima3.bcapps.lt\/lv\/wp-json\/wp\/v2\/media?parent=54977"}],"wp:term":[{"taxonomy":"product_brand","embeddable":true,"href":"https:\/\/kasima3.bcapps.lt\/lv\/wp-json\/wp\/v2\/product_brand?post=54977"},{"taxonomy":"product_cat","embeddable":true,"href":"https:\/\/kasima3.bcapps.lt\/lv\/wp-json\/wp\/v2\/product_cat?post=54977"},{"taxonomy":"product_tag","embeddable":true,"href":"https:\/\/kasima3.bcapps.lt\/lv\/wp-json\/wp\/v2\/product_tag?post=54977"}],"curies":[{"name":"wp","href":"https:\/\/api.w.org\/{rel}","templated":true}]}}