{"id":55134,"date":"2025-07-09T07:22:46","date_gmt":"2025-07-09T07:22:46","guid":{"rendered":"https:\/\/kasima.lt\/produktas\/rexroth-valdymo-voztuvas\/"},"modified":"2025-10-29T08:35:41","modified_gmt":"2025-10-29T08:35:41","slug":"rexroth-valdymo-voztuvas","status":"publish","type":"product","link":"https:\/\/kasima3.bcapps.lt\/lv\/produktas\/rexroth-valdymo-voztuvas\/","title":{"rendered":"Rexroth vad\u012bbas v\u0101rsts"},"content":{"rendered":"<p>\u0160\u012b da\u013ca ir lietota, elektrisk\u0101 da\u013ca ir cietusi no karstuma<br \/>\nNo\u0146emts no Case Puma CVX, 2018<br \/>\nDeta\u013cas numurs:<br \/>\nR917004247<br \/>\n87546170,<br \/>\n84175671,<br \/>\n87635977,<br \/>\n630416<br \/>\n84230181<\/p>\n","protected":false},"excerpt":{"rendered":"<p>Cena bez PVN<\/p>\n<p>Ra\u017eot\u0101js: REXROTH<br \/>\nModelis: CS185PUMA0049<br \/>\nIzsaukums: <a href=\"tel:+37060842988\">+37060842988<\/a><br \/>\nE-pasts: <a href=\"mailto:usedparts@kasima3.bcapps.lt\">usedparts@kasima3.bcapps.lt<\/a><\/p>\n","protected":false},"featured_media":55120,"template":"","meta":{"_et_pb_use_builder":"","_et_pb_old_content":"","_et_gb_content_width":""},"product_brand":[],"product_cat":[508,318,455],"product_tag":[],"class_list":{"0":"post-55134","1":"product","2":"type-product","3":"status-publish","4":"has-post-thumbnail","6":"product_cat-case-strony","7":"product_cat-lietotas-detalas","8":"product_cat-lauksaimniecibas-tehnikas-dalas","10":"first","11":"instock","12":"taxable","13":"shipping-taxable","14":"purchasable","15":"product-type-simple"},"_links":{"self":[{"href":"https:\/\/kasima3.bcapps.lt\/lv\/wp-json\/wp\/v2\/product\/55134","targetHints":{"allow":["GET"]}}],"collection":[{"href":"https:\/\/kasima3.bcapps.lt\/lv\/wp-json\/wp\/v2\/product"}],"about":[{"href":"https:\/\/kasima3.bcapps.lt\/lv\/wp-json\/wp\/v2\/types\/product"}],"wp:featuredmedia":[{"embeddable":true,"href":"https:\/\/kasima3.bcapps.lt\/lv\/wp-json\/wp\/v2\/media\/55120"}],"wp:attachment":[{"href":"https:\/\/kasima3.bcapps.lt\/lv\/wp-json\/wp\/v2\/media?parent=55134"}],"wp:term":[{"taxonomy":"product_brand","embeddable":true,"href":"https:\/\/kasima3.bcapps.lt\/lv\/wp-json\/wp\/v2\/product_brand?post=55134"},{"taxonomy":"product_cat","embeddable":true,"href":"https:\/\/kasima3.bcapps.lt\/lv\/wp-json\/wp\/v2\/product_cat?post=55134"},{"taxonomy":"product_tag","embeddable":true,"href":"https:\/\/kasima3.bcapps.lt\/lv\/wp-json\/wp\/v2\/product_tag?post=55134"}],"curies":[{"name":"wp","href":"https:\/\/api.w.org\/{rel}","templated":true}]}}