{"id":55545,"date":"2025-07-09T13:23:24","date_gmt":"2025-07-09T13:23:24","guid":{"rendered":"https:\/\/kasima.lt\/produktas\/vogele-ab340-v-praplatinimo-modulis-025-m-025-m\/"},"modified":"2025-10-29T08:35:43","modified_gmt":"2025-10-29T08:35:43","slug":"vogele-ab340-v-praplatinimo-modulis-025-m-025-m","status":"publish","type":"product","link":"https:\/\/kasima3.bcapps.lt\/lv\/produktas\/vogele-ab340-v-praplatinimo-modulis-025-m-025-m\/","title":{"rendered":"V\u00d6GELE AB340 V pagarin\u0101juma modulis (0,25 m + 0,25 m)"},"content":{"rendered":"<p>Neizmantotie AB340 V pagarin\u0101jumi (0,25 m + 0,25 m)<\/p>\n<p>P\u0101rdod ori\u0123in\u0101lus V\u00f6gele AB340 V bl\u012bv\u0113\u0161anas pagarin\u0101juma modu\u013cus, 2 x 0,25 m, izgatavoti 2014. gad\u0101. Modu\u013ci ir piln\u012bgi neizmantoti &#8211; lieliska izv\u0113le tiem, kas mekl\u0113 augstas kvalit\u0101tes risin\u0101jumu, lai papla\u0161in\u0101tu savu asfalta iekl\u0101j\u0113ju darba platumu. <\/p>\n<p>Funkcijas:<\/p>\n<p>Darba platums: 0,25 m + 0,25 m<br \/>\nGads: 2014<br \/>\nKond\u012bcija: nelietots<br \/>\nSavietojam\u012bba: V\u00f6gele AB340 V bl\u012bv\u0113t\u0101jiem.<\/p>\n<p>Ieguvumi:<\/p>\n<p>\u0100tra un vienk\u0101r\u0161a uzst\u0101d\u012b\u0161ana uz eso\u0161ajiem bru\u0123akme\u0146iem<br \/>\nNodro\u0161ina augstas kvalit\u0101tes asfalt\u0113\u0161anas rezult\u0101tus pat liel\u0101kos platumos<br \/>\nUzticama V\u00f6gele konstrukcija &#8211; iztur\u012bga un iztur\u012bga.<\/p>\n","protected":false},"excerpt":{"rendered":"<p>Cena bez PVN<\/p>\n<p>Ra\u017eot\u0101js: Wirtgen<br \/>\nModelis: 2184001<br \/>\nZvans: <a href=\"tel:+37063025580\">+37063025580<\/a><br \/>\nE-pasts: <a href=\"mailto:e-commerce@kasima3.bcapps.lt\">e-commerce@kasima3.bcapps.lt<\/a><\/p>\n","protected":false},"featured_media":55486,"template":"","meta":{"_et_pb_use_builder":"","_et_pb_old_content":"","_et_gb_content_width":""},"product_brand":[],"product_cat":[155,219,458,445],"product_tag":[],"class_list":{"0":"post-55545","1":"product","2":"type-product","3":"status-publish","4":"has-post-thumbnail","6":"product_cat-jauns","7":"product_cat-lietots","8":"product_cat-citas-dalas","9":"product_cat-jaunas-dalas","11":"first","12":"instock","13":"taxable","14":"shipping-taxable","15":"purchasable","16":"product-type-simple"},"_links":{"self":[{"href":"https:\/\/kasima3.bcapps.lt\/lv\/wp-json\/wp\/v2\/product\/55545","targetHints":{"allow":["GET"]}}],"collection":[{"href":"https:\/\/kasima3.bcapps.lt\/lv\/wp-json\/wp\/v2\/product"}],"about":[{"href":"https:\/\/kasima3.bcapps.lt\/lv\/wp-json\/wp\/v2\/types\/product"}],"wp:featuredmedia":[{"embeddable":true,"href":"https:\/\/kasima3.bcapps.lt\/lv\/wp-json\/wp\/v2\/media\/55486"}],"wp:attachment":[{"href":"https:\/\/kasima3.bcapps.lt\/lv\/wp-json\/wp\/v2\/media?parent=55545"}],"wp:term":[{"taxonomy":"product_brand","embeddable":true,"href":"https:\/\/kasima3.bcapps.lt\/lv\/wp-json\/wp\/v2\/product_brand?post=55545"},{"taxonomy":"product_cat","embeddable":true,"href":"https:\/\/kasima3.bcapps.lt\/lv\/wp-json\/wp\/v2\/product_cat?post=55545"},{"taxonomy":"product_tag","embeddable":true,"href":"https:\/\/kasima3.bcapps.lt\/lv\/wp-json\/wp\/v2\/product_tag?post=55545"}],"curies":[{"name":"wp","href":"https:\/\/api.w.org\/{rel}","templated":true}]}}