{"id":55657,"date":"2025-07-10T11:32:56","date_gmt":"2025-07-10T11:32:56","guid":{"rendered":"https:\/\/kasima.lt\/produktas\/parker-hidraulinis-voztuvas\/"},"modified":"2025-10-29T08:35:44","modified_gmt":"2025-10-29T08:35:44","slug":"parker-hidraulinis-voztuvas","status":"publish","type":"product","link":"https:\/\/kasima3.bcapps.lt\/lv\/produktas\/parker-hidraulinis-voztuvas\/","title":{"rendered":"Parker hidrauliskais v\u0101rsts"},"content":{"rendered":"<p>\u0160\u012b da\u013ca ir jauna, nav lietota<br \/>\nDeta\u013cas numurs:<br \/>\n3509612025<br \/>\n35\/910098<br \/>\nJCB 510-55 TC<\/p>\n","protected":false},"excerpt":{"rendered":"<p>Cena bez PVN<\/p>\n<p>Ra\u017eot\u0101js: PARKER<br \/>\nModelis: KND0087<br \/>\nIzsaukums: <a href=\"tel:+37060842988\">+37060842988<\/a><br \/>\nE-pasts: <a href=\"mailto:usedparts@kasima3.bcapps.lt\">usedparts@kasima3.bcapps.lt<\/a><\/p>\n","protected":false},"featured_media":55623,"template":"","meta":{"_et_pb_use_builder":"","_et_pb_old_content":"","_et_gb_content_width":""},"product_brand":[],"product_cat":[443,318,452],"product_tag":[],"class_list":{"0":"post-55657","1":"product","2":"type-product","3":"status-publish","4":"has-post-thumbnail","6":"product_cat-jcb-dalas","7":"product_cat-lietotas-detalas","8":"product_cat-celtniecibas-tehnikas-dalas","10":"first","11":"instock","12":"taxable","13":"shipping-taxable","14":"purchasable","15":"product-type-simple"},"_links":{"self":[{"href":"https:\/\/kasima3.bcapps.lt\/lv\/wp-json\/wp\/v2\/product\/55657","targetHints":{"allow":["GET"]}}],"collection":[{"href":"https:\/\/kasima3.bcapps.lt\/lv\/wp-json\/wp\/v2\/product"}],"about":[{"href":"https:\/\/kasima3.bcapps.lt\/lv\/wp-json\/wp\/v2\/types\/product"}],"wp:featuredmedia":[{"embeddable":true,"href":"https:\/\/kasima3.bcapps.lt\/lv\/wp-json\/wp\/v2\/media\/55623"}],"wp:attachment":[{"href":"https:\/\/kasima3.bcapps.lt\/lv\/wp-json\/wp\/v2\/media?parent=55657"}],"wp:term":[{"taxonomy":"product_brand","embeddable":true,"href":"https:\/\/kasima3.bcapps.lt\/lv\/wp-json\/wp\/v2\/product_brand?post=55657"},{"taxonomy":"product_cat","embeddable":true,"href":"https:\/\/kasima3.bcapps.lt\/lv\/wp-json\/wp\/v2\/product_cat?post=55657"},{"taxonomy":"product_tag","embeddable":true,"href":"https:\/\/kasima3.bcapps.lt\/lv\/wp-json\/wp\/v2\/product_tag?post=55657"}],"curies":[{"name":"wp","href":"https:\/\/api.w.org\/{rel}","templated":true}]}}