{"id":55692,"date":"2025-07-10T11:57:46","date_gmt":"2025-07-10T11:57:46","guid":{"rendered":"https:\/\/kasima.lt\/produktas\/perkins-vandens-siurblys\/"},"modified":"2025-10-29T08:35:44","modified_gmt":"2025-10-29T08:35:44","slug":"perkins-vandens-siurblys","status":"publish","type":"product","link":"https:\/\/kasima3.bcapps.lt\/lv\/produktas\/perkins-vandens-siurblys\/","title":{"rendered":"Perkins \u016bdens s\u016bknis"},"content":{"rendered":"<p>\u0160\u012b da\u013ca ir jauna, nav lietota<\/p>\n<p>Savietojams ar JCB:<br \/>\nBACKHOE LOADERS 3CX, 4CX<br \/>\nRITE\u0145U KRAUV\u0112JIEM<br \/>\nRITE\u0145U EKSKAVATORIEM<br \/>\nTELESKOPISK\u0100M ROK\u0100M<br \/>\nROUGH TERRAIN FORK LIFT<br \/>\nBACKHOE LOADER 2CX, MIDI CX<\/p>\n<p>Deta\u013cas numurs: 332\/H0895<\/p>\n","protected":false},"excerpt":{"rendered":"<p>Cena bez PVN<\/p>\n<p>Ra\u017eot\u0101js: PERKINS<br \/>\nModelis: KND0088<br \/>\nIzsaukums: <a href=\"tel:+37060842988\">+37060842988<\/a><br \/>\nE-pasts: <a href=\"mailto:usedparts@kasima3.bcapps.lt\">usedparts@kasima3.bcapps.lt<\/a><\/p>\n","protected":false},"featured_media":55663,"template":"","meta":{"_et_pb_use_builder":"","_et_pb_old_content":"","_et_gb_content_width":""},"product_brand":[],"product_cat":[443,318,452],"product_tag":[],"class_list":{"0":"post-55692","1":"product","2":"type-product","3":"status-publish","4":"has-post-thumbnail","6":"product_cat-jcb-dalas","7":"product_cat-lietotas-detalas","8":"product_cat-celtniecibas-tehnikas-dalas","10":"first","11":"instock","12":"taxable","13":"shipping-taxable","14":"purchasable","15":"product-type-simple"},"_links":{"self":[{"href":"https:\/\/kasima3.bcapps.lt\/lv\/wp-json\/wp\/v2\/product\/55692","targetHints":{"allow":["GET"]}}],"collection":[{"href":"https:\/\/kasima3.bcapps.lt\/lv\/wp-json\/wp\/v2\/product"}],"about":[{"href":"https:\/\/kasima3.bcapps.lt\/lv\/wp-json\/wp\/v2\/types\/product"}],"wp:featuredmedia":[{"embeddable":true,"href":"https:\/\/kasima3.bcapps.lt\/lv\/wp-json\/wp\/v2\/media\/55663"}],"wp:attachment":[{"href":"https:\/\/kasima3.bcapps.lt\/lv\/wp-json\/wp\/v2\/media?parent=55692"}],"wp:term":[{"taxonomy":"product_brand","embeddable":true,"href":"https:\/\/kasima3.bcapps.lt\/lv\/wp-json\/wp\/v2\/product_brand?post=55692"},{"taxonomy":"product_cat","embeddable":true,"href":"https:\/\/kasima3.bcapps.lt\/lv\/wp-json\/wp\/v2\/product_cat?post=55692"},{"taxonomy":"product_tag","embeddable":true,"href":"https:\/\/kasima3.bcapps.lt\/lv\/wp-json\/wp\/v2\/product_tag?post=55692"}],"curies":[{"name":"wp","href":"https:\/\/api.w.org\/{rel}","templated":true}]}}