{"id":55717,"date":"2025-07-10T12:15:24","date_gmt":"2025-07-10T12:15:24","guid":{"rendered":"https:\/\/kasima.lt\/produktas\/ekskavatoriu-kaisciai\/"},"modified":"2025-10-29T08:35:45","modified_gmt":"2025-10-29T08:35:45","slug":"ekskavatoriu-kaisciai","status":"publish","type":"product","link":"https:\/\/kasima3.bcapps.lt\/lv\/produktas\/ekskavatoriu-kaisciai\/","title":{"rendered":"Tapas ekskavatoriem"},"content":{"rendered":"<p>\u0160\u012bs tapas ir lietotas, bet joproj\u0101m ir lab\u0101 st\u0101vokl\u012b<br \/>\nDa\u017e\u0101da diametra un garuma<br \/>\nNo\u0146emtas no da\u017e\u0101diem ekskavatoriem:<br \/>\nVolvo,<br \/>\nJCB,<br \/>\nKomatsu,<br \/>\nAtlas,<br \/>\nKubota.<\/p>\n","protected":false},"excerpt":{"rendered":"<p>Cena bez PVN<\/p>\n<p>Ra\u017eot\u0101js: VOLVO,KOMATSU,JCB<br \/>\nModelis: KND0089<br \/>\nZvan\u012bt: <a href=\"tel:+37060842988\">+37060842988<\/a><br \/>\nE-pasts: <a href=\"mailto:usedparts@kasima3.bcapps.lt\">usedparts@kasima3.bcapps.lt<\/a><\/p>\n","protected":false},"featured_media":55698,"template":"","meta":{"_et_pb_use_builder":"","_et_pb_old_content":"","_et_gb_content_width":""},"product_brand":[],"product_cat":[484,443,481,398,318,452],"product_tag":[],"class_list":{"0":"post-55717","1":"product","2":"type-product","3":"status-publish","4":"has-post-thumbnail","6":"product_cat-atlas-dalas","7":"product_cat-jcb-dalas","8":"product_cat-komatsu-dalas","9":"product_cat-volvo-dalas","10":"product_cat-lietotas-detalas","11":"product_cat-celtniecibas-tehnikas-dalas","13":"first","14":"instock","15":"taxable","16":"shipping-taxable","17":"product-type-simple"},"_links":{"self":[{"href":"https:\/\/kasima3.bcapps.lt\/lv\/wp-json\/wp\/v2\/product\/55717","targetHints":{"allow":["GET"]}}],"collection":[{"href":"https:\/\/kasima3.bcapps.lt\/lv\/wp-json\/wp\/v2\/product"}],"about":[{"href":"https:\/\/kasima3.bcapps.lt\/lv\/wp-json\/wp\/v2\/types\/product"}],"wp:featuredmedia":[{"embeddable":true,"href":"https:\/\/kasima3.bcapps.lt\/lv\/wp-json\/wp\/v2\/media\/55698"}],"wp:attachment":[{"href":"https:\/\/kasima3.bcapps.lt\/lv\/wp-json\/wp\/v2\/media?parent=55717"}],"wp:term":[{"taxonomy":"product_brand","embeddable":true,"href":"https:\/\/kasima3.bcapps.lt\/lv\/wp-json\/wp\/v2\/product_brand?post=55717"},{"taxonomy":"product_cat","embeddable":true,"href":"https:\/\/kasima3.bcapps.lt\/lv\/wp-json\/wp\/v2\/product_cat?post=55717"},{"taxonomy":"product_tag","embeddable":true,"href":"https:\/\/kasima3.bcapps.lt\/lv\/wp-json\/wp\/v2\/product_tag?post=55717"}],"curies":[{"name":"wp","href":"https:\/\/api.w.org\/{rel}","templated":true}]}}