{"id":55833,"date":"2025-07-14T05:33:25","date_gmt":"2025-07-14T05:33:25","guid":{"rendered":"https:\/\/kasima.lt\/produktas\/kawasaki-hidraulinio-siurblio-elementai\/"},"modified":"2025-10-29T08:35:46","modified_gmt":"2025-10-29T08:35:46","slug":"kawasaki-hidraulinio-siurblio-elementai","status":"publish","type":"product","link":"https:\/\/kasima3.bcapps.lt\/lv\/produktas\/kawasaki-hidraulinio-siurblio-elementai\/","title":{"rendered":"Kawasaki hidraulisk\u0101 s\u016bk\u0146a elementi"},"content":{"rendered":"<p>\u0160\u012bs da\u013cas ir lietotas, bet joproj\u0101m ir lab\u0101 st\u0101vokl\u012b<br \/>\nShimadzu hidrauliskais s\u016bknis:<br \/>\nYN10V00024F1<br \/>\nKawasaki zobratu s\u016bknis:<br \/>\n10LP7G7-P<br \/>\nF72094B<br \/>\n2902440-3663G<\/p>\n","protected":false},"excerpt":{"rendered":"<p>Cena bez PVN<\/p>\n<p>Ra\u017eot\u0101js: KAWASAKI<br \/>\nModelis: KND0091<br \/>\nIzsaukums: <a href=\"tel:+37060842988\">+37060842988<\/a><br \/>\nE-pasts: <a href=\"mailto:usedparts@kasima3.bcapps.lt\">usedparts@kasima3.bcapps.lt<\/a><\/p>\n","protected":false},"featured_media":55804,"template":"","meta":{"_et_pb_use_builder":"","_et_pb_old_content":"","_et_gb_content_width":""},"product_brand":[],"product_cat":[443,398,318,452],"product_tag":[],"class_list":{"0":"post-55833","1":"product","2":"type-product","3":"status-publish","4":"has-post-thumbnail","6":"product_cat-jcb-dalas","7":"product_cat-volvo-dalas","8":"product_cat-lietotas-detalas","9":"product_cat-celtniecibas-tehnikas-dalas","11":"first","12":"instock","13":"taxable","14":"shipping-taxable","15":"purchasable","16":"product-type-simple"},"_links":{"self":[{"href":"https:\/\/kasima3.bcapps.lt\/lv\/wp-json\/wp\/v2\/product\/55833","targetHints":{"allow":["GET"]}}],"collection":[{"href":"https:\/\/kasima3.bcapps.lt\/lv\/wp-json\/wp\/v2\/product"}],"about":[{"href":"https:\/\/kasima3.bcapps.lt\/lv\/wp-json\/wp\/v2\/types\/product"}],"wp:featuredmedia":[{"embeddable":true,"href":"https:\/\/kasima3.bcapps.lt\/lv\/wp-json\/wp\/v2\/media\/55804"}],"wp:attachment":[{"href":"https:\/\/kasima3.bcapps.lt\/lv\/wp-json\/wp\/v2\/media?parent=55833"}],"wp:term":[{"taxonomy":"product_brand","embeddable":true,"href":"https:\/\/kasima3.bcapps.lt\/lv\/wp-json\/wp\/v2\/product_brand?post=55833"},{"taxonomy":"product_cat","embeddable":true,"href":"https:\/\/kasima3.bcapps.lt\/lv\/wp-json\/wp\/v2\/product_cat?post=55833"},{"taxonomy":"product_tag","embeddable":true,"href":"https:\/\/kasima3.bcapps.lt\/lv\/wp-json\/wp\/v2\/product_tag?post=55833"}],"curies":[{"name":"wp","href":"https:\/\/api.w.org\/{rel}","templated":true}]}}