{"id":56268,"date":"2025-07-16T10:52:33","date_gmt":"2025-07-16T10:52:33","guid":{"rendered":"https:\/\/kasima.lt\/produktas\/case-puma-vamzdziai-ir-vamzdeliai\/"},"modified":"2025-10-29T08:35:48","modified_gmt":"2025-10-29T08:35:48","slug":"case-puma-vamzdziai-ir-vamzdeliai","status":"publish","type":"product","link":"https:\/\/kasima3.bcapps.lt\/lv\/produktas\/case-puma-vamzdziai-ir-vamzdeliai\/","title":{"rendered":"CASE Puma caurules un caurul\u012btes"},"content":{"rendered":"<p>\u0160\u012bs caurules ir lietotas, bet joproj\u0101m ir lab\u0101 st\u0101vokl\u012b<br \/>\nNo\u0146emts no Case Puma CVX 185, 2018<br \/>\nKataloga numuri:<br \/>\n84483799<br \/>\n84467620<br \/>\n87722757<br \/>\n87758497<br \/>\n87687057<br \/>\n84152225<br \/>\n84546907<br \/>\n47397033<br \/>\n87744058<br \/>\n87676104<br \/>\n87676073<br \/>\n87659176<br \/>\n84236729<br \/>\n84342613<\/p>\n","protected":false},"excerpt":{"rendered":"<p>Cena bez PVN<\/p>\n<p>Ra\u017eot\u0101js: CASE<br \/>\nModelis: CS185PUMA0056<br \/>\nIzsaukums: <a href=\"tel:+37060842988\">+37060842988<\/a><br \/>\nE-pasts: <a href=\"mailto:usedparts@kasima3.bcapps.lt\">usedparts@kasima3.bcapps.lt<\/a><\/p>\n","protected":false},"featured_media":56249,"template":"","meta":{"_et_pb_use_builder":"","_et_pb_old_content":"","_et_gb_content_width":""},"product_brand":[],"product_cat":[508,318,455],"product_tag":[],"class_list":{"0":"post-56268","1":"product","2":"type-product","3":"status-publish","4":"has-post-thumbnail","6":"product_cat-case-strony","7":"product_cat-lietotas-detalas","8":"product_cat-lauksaimniecibas-tehnikas-dalas","10":"first","11":"instock","12":"taxable","13":"shipping-taxable","14":"product-type-simple"},"_links":{"self":[{"href":"https:\/\/kasima3.bcapps.lt\/lv\/wp-json\/wp\/v2\/product\/56268","targetHints":{"allow":["GET"]}}],"collection":[{"href":"https:\/\/kasima3.bcapps.lt\/lv\/wp-json\/wp\/v2\/product"}],"about":[{"href":"https:\/\/kasima3.bcapps.lt\/lv\/wp-json\/wp\/v2\/types\/product"}],"wp:featuredmedia":[{"embeddable":true,"href":"https:\/\/kasima3.bcapps.lt\/lv\/wp-json\/wp\/v2\/media\/56249"}],"wp:attachment":[{"href":"https:\/\/kasima3.bcapps.lt\/lv\/wp-json\/wp\/v2\/media?parent=56268"}],"wp:term":[{"taxonomy":"product_brand","embeddable":true,"href":"https:\/\/kasima3.bcapps.lt\/lv\/wp-json\/wp\/v2\/product_brand?post=56268"},{"taxonomy":"product_cat","embeddable":true,"href":"https:\/\/kasima3.bcapps.lt\/lv\/wp-json\/wp\/v2\/product_cat?post=56268"},{"taxonomy":"product_tag","embeddable":true,"href":"https:\/\/kasima3.bcapps.lt\/lv\/wp-json\/wp\/v2\/product_tag?post=56268"}],"curies":[{"name":"wp","href":"https:\/\/api.w.org\/{rel}","templated":true}]}}