{"id":56533,"date":"2025-07-23T12:56:02","date_gmt":"2025-07-23T12:56:02","guid":{"rendered":"https:\/\/kasima.lt\/produktas\/bobcat-duslintuvas\/"},"modified":"2025-10-29T08:35:49","modified_gmt":"2025-10-29T08:35:49","slug":"bobcat-duslintuvas","status":"publish","type":"product","link":"https:\/\/kasima3.bcapps.lt\/lv\/produktas\/bobcat-duslintuvas\/","title":{"rendered":"Bobcat trok\u0161\u0146a sl\u0101p\u0113t\u0101js"},"content":{"rendered":"<p>\u0160is ir lietots Bobcat trok\u0161\u0146a sl\u0101p\u0113t\u0101js, no\u0146emts no Bobcat S220. Tas ir lab\u0101 darba st\u0101vokl\u012b un gatavs uzst\u0101d\u012b\u0161anai, caurule ir nedaudz saliekta.<br \/>\n&#8211; Ori\u0123in\u0101l\u0101 ori\u0123in\u0101liek\u0101rtas da\u013ca Bobcat S220<br \/>\n&#8211; Pirms p\u0101rdo\u0161anas p\u0101rbaud\u012bja m\u016bsu meh\u0101ni\u0137i <\/p>\n<p>Deta\u013cu numuri:<br \/>\n7126109<br \/>\nNGP203554.<\/p>\n<p>Svars un izm\u0113ri:<br \/>\n11kg<br \/>\n60x45x30cm<\/p>\n","protected":false},"excerpt":{"rendered":"<p>Cena bez PVN<\/p>\n<p>Ra\u017eot\u0101js: BOBCAT<br \/>\nModelis: S220BC0020<br \/>\nZvan: <a href=\"tel:+37060842988\">+37060842988<\/a><br \/>\nE-pasts: <a href=\"mailto:usedparts@kasima3.bcapps.lt\">usedparts@kasima3.bcapps.lt<\/a><\/p>\n","protected":false},"featured_media":56499,"template":"","meta":{"_et_pb_use_builder":"","_et_pb_old_content":"","_et_gb_content_width":""},"product_brand":[],"product_cat":[407,318,452],"product_tag":[],"class_list":{"0":"post-56533","1":"product","2":"type-product","3":"status-publish","4":"has-post-thumbnail","6":"product_cat-bobcat-dalas","7":"product_cat-lietotas-detalas","8":"product_cat-celtniecibas-tehnikas-dalas","10":"first","11":"instock","12":"taxable","13":"shipping-taxable","14":"purchasable","15":"product-type-simple"},"_links":{"self":[{"href":"https:\/\/kasima3.bcapps.lt\/lv\/wp-json\/wp\/v2\/product\/56533","targetHints":{"allow":["GET"]}}],"collection":[{"href":"https:\/\/kasima3.bcapps.lt\/lv\/wp-json\/wp\/v2\/product"}],"about":[{"href":"https:\/\/kasima3.bcapps.lt\/lv\/wp-json\/wp\/v2\/types\/product"}],"wp:featuredmedia":[{"embeddable":true,"href":"https:\/\/kasima3.bcapps.lt\/lv\/wp-json\/wp\/v2\/media\/56499"}],"wp:attachment":[{"href":"https:\/\/kasima3.bcapps.lt\/lv\/wp-json\/wp\/v2\/media?parent=56533"}],"wp:term":[{"taxonomy":"product_brand","embeddable":true,"href":"https:\/\/kasima3.bcapps.lt\/lv\/wp-json\/wp\/v2\/product_brand?post=56533"},{"taxonomy":"product_cat","embeddable":true,"href":"https:\/\/kasima3.bcapps.lt\/lv\/wp-json\/wp\/v2\/product_cat?post=56533"},{"taxonomy":"product_tag","embeddable":true,"href":"https:\/\/kasima3.bcapps.lt\/lv\/wp-json\/wp\/v2\/product_tag?post=56533"}],"curies":[{"name":"wp","href":"https:\/\/api.w.org\/{rel}","templated":true}]}}