{"id":56585,"date":"2025-07-25T07:36:00","date_gmt":"2025-07-25T07:36:00","guid":{"rendered":"https:\/\/kasima.lt\/produktas\/cat-303e-2019-parduodamas-dalimis\/"},"modified":"2025-10-29T08:35:50","modified_gmt":"2025-10-29T08:35:50","slug":"cat-303e-2019-parduodamas-dalimis","status":"publish","type":"product","link":"https:\/\/kasima3.bcapps.lt\/lv\/produktas\/cat-303e-2019-parduodamas-dalimis\/","title":{"rendered":"CAT 303E (2019) &#8211; P\u0101rdo\u0161ana pa da\u013c\u0101m"},"content":{"rendered":"<p>Lietots mini ekskavators CAT 303E 2019 uz rezerves da\u013c\u0101m.<br \/>\nLaba st\u0101vok\u013ca dzin\u0113js, hidraulika un \u0161asija.<br \/>\nDzin\u0113js:<br \/>\n\u2022 C1.3-EF04<br \/>\n\u2022 HKBXL01.5BCB<br \/>\n\u2022 S\/N: 1KN1987<br \/>\nJauda: 18,2kW @ 2400rpm<br \/>\nVisas deta\u013cas \u013coti lab\u0101 st\u0101vokl\u012b &#8211; iz\u0146emot kab\u012bni un str\u0113li (boj\u0101tas, saliekts r\u0101mis, nav logu).<br \/>\nIde\u0101li piem\u0113rots dzin\u0113ja, hidraulikas, \u0161asijas un citu deta\u013cu nomai\u0146ai.  <\/p>\n","protected":false},"excerpt":{"rendered":"<p>Cena bez PVN<\/p>\n<p>Ra\u017eot\u0101js: CAT<br \/>\nModelis: 303E<br \/>\nZvans:<a href=\"tel:+37060842988\">+37060842988<\/a><br \/>\nE-pasts: <a href=\"mailto:usedparts@kasima3.bcapps.lt\">usedparts@kasima3.bcapps.lt<\/a><\/p>\n","protected":false},"featured_media":56551,"template":"","meta":{"_et_pb_use_builder":"","_et_pb_old_content":"","_et_gb_content_width":""},"product_brand":[],"product_cat":[518,490,318,452],"product_tag":[],"class_list":{"0":"post-56585","1":"product","2":"type-product","3":"status-publish","4":"has-post-thumbnail","6":"product_cat-cat-strony","7":"product_cat-elektronikas-dalas","8":"product_cat-lietotas-detalas","9":"product_cat-celtniecibas-tehnikas-dalas","11":"first","12":"instock","13":"taxable","14":"shipping-taxable","15":"product-type-simple"},"_links":{"self":[{"href":"https:\/\/kasima3.bcapps.lt\/lv\/wp-json\/wp\/v2\/product\/56585","targetHints":{"allow":["GET"]}}],"collection":[{"href":"https:\/\/kasima3.bcapps.lt\/lv\/wp-json\/wp\/v2\/product"}],"about":[{"href":"https:\/\/kasima3.bcapps.lt\/lv\/wp-json\/wp\/v2\/types\/product"}],"wp:featuredmedia":[{"embeddable":true,"href":"https:\/\/kasima3.bcapps.lt\/lv\/wp-json\/wp\/v2\/media\/56551"}],"wp:attachment":[{"href":"https:\/\/kasima3.bcapps.lt\/lv\/wp-json\/wp\/v2\/media?parent=56585"}],"wp:term":[{"taxonomy":"product_brand","embeddable":true,"href":"https:\/\/kasima3.bcapps.lt\/lv\/wp-json\/wp\/v2\/product_brand?post=56585"},{"taxonomy":"product_cat","embeddable":true,"href":"https:\/\/kasima3.bcapps.lt\/lv\/wp-json\/wp\/v2\/product_cat?post=56585"},{"taxonomy":"product_tag","embeddable":true,"href":"https:\/\/kasima3.bcapps.lt\/lv\/wp-json\/wp\/v2\/product_tag?post=56585"}],"curies":[{"name":"wp","href":"https:\/\/api.w.org\/{rel}","templated":true}]}}