{"id":57275,"date":"2025-07-30T06:27:37","date_gmt":"2025-07-30T06:27:37","guid":{"rendered":"https:\/\/kasima.lt\/produktas\/cat-259d-viksro-vedratis\/"},"modified":"2025-10-29T08:35:51","modified_gmt":"2025-10-29T08:35:51","slug":"cat-259d-viksro-vedratis","status":"publish","type":"product","link":"https:\/\/kasima3.bcapps.lt\/lv\/produktas\/cat-259d-viksro-vedratis\/","title":{"rendered":"CAT 259D k\u0101pur\u0137\u0113\u017eu veltnis"},"content":{"rendered":"<p>Lietots OEM k\u0101pur\u0137\u0113\u017eu veltnis, no\u0146emts no CAT 259D k\u0101pur\u0137\u0113\u017eu iekr\u0101v\u0113ja .<br \/>\nCaterpillar iekr\u0101v\u0113ju OEM rito\u0161\u0101s da\u013cas.<br \/>\nP\u0101rbaud\u012bts un lab\u0101 st\u0101vokl\u012b.<br \/>\nPieg\u0101de vis\u0101 pasaul\u0113.<br \/>\n\u012apa\u0161\u012bbas:<br \/>\nOEM k\u0101pur\u0137\u0113\u017eu veltnis CAT 259D k\u0101pur\u0137\u0113\u017eu iekr\u0101v\u0113<br \/>\nSvars un izm\u0113ri pieg\u0101dei:<br \/>\n\u2022 32kg \/gab<br \/>\n\u2022 378 x 235 mm<br \/>\nDeta\u013cu numuri:<br \/>\n\u2022 609-3712<br \/>\n\u2022 586-3550<\/p>\n","protected":false},"excerpt":{"rendered":"<p>Cena bez PVN<\/p>\n<p>Ra\u017eot\u0101js: Ra\u017eot\u0101js: CAT<br \/>\nModelis: KND0099<br \/>\nZvans: <a href=\"tel:+37060842988\">+37060842988<\/a><br \/>\nE-pasts: <a href=\"mailto:usedparts@kasima3.bcapps.lt\">usedparts@kasima3.bcapps.lt<\/a><\/p>\n","protected":false},"featured_media":57246,"template":"","meta":{"_et_pb_use_builder":"","_et_pb_old_content":"","_et_gb_content_width":""},"product_brand":[],"product_cat":[518,645,653,649,318,452],"product_tag":[],"class_list":{"0":"post-57275","1":"product","2":"type-product","3":"status-publish","4":"has-post-thumbnail","6":"product_cat-cat-strony","7":"product_cat-kabines-un-to-dalas","8":"product_cat-motora-un-sanu-parsegi","9":"product_cat-degvielas-un-skidrumu-tvertnes","10":"product_cat-lietotas-detalas","11":"product_cat-celtniecibas-tehnikas-dalas","13":"first","14":"instock","15":"taxable","16":"shipping-taxable","17":"purchasable","18":"product-type-simple"},"_links":{"self":[{"href":"https:\/\/kasima3.bcapps.lt\/lv\/wp-json\/wp\/v2\/product\/57275","targetHints":{"allow":["GET"]}}],"collection":[{"href":"https:\/\/kasima3.bcapps.lt\/lv\/wp-json\/wp\/v2\/product"}],"about":[{"href":"https:\/\/kasima3.bcapps.lt\/lv\/wp-json\/wp\/v2\/types\/product"}],"wp:featuredmedia":[{"embeddable":true,"href":"https:\/\/kasima3.bcapps.lt\/lv\/wp-json\/wp\/v2\/media\/57246"}],"wp:attachment":[{"href":"https:\/\/kasima3.bcapps.lt\/lv\/wp-json\/wp\/v2\/media?parent=57275"}],"wp:term":[{"taxonomy":"product_brand","embeddable":true,"href":"https:\/\/kasima3.bcapps.lt\/lv\/wp-json\/wp\/v2\/product_brand?post=57275"},{"taxonomy":"product_cat","embeddable":true,"href":"https:\/\/kasima3.bcapps.lt\/lv\/wp-json\/wp\/v2\/product_cat?post=57275"},{"taxonomy":"product_tag","embeddable":true,"href":"https:\/\/kasima3.bcapps.lt\/lv\/wp-json\/wp\/v2\/product_tag?post=57275"}],"curies":[{"name":"wp","href":"https:\/\/api.w.org\/{rel}","templated":true}]}}