{"id":57337,"date":"2025-07-30T07:27:06","date_gmt":"2025-07-30T07:27:06","guid":{"rendered":"https:\/\/kasima.lt\/produktas\/cat-259d-zvaigzdutes\/"},"modified":"2025-10-29T08:35:52","modified_gmt":"2025-10-29T08:35:52","slug":"cat-259d-zvaigzdutes","status":"publish","type":"product","link":"https:\/\/kasima3.bcapps.lt\/lv\/produktas\/cat-259d-zvaigzdutes\/","title":{"rendered":"CAT 259D zobrati\u0146i"},"content":{"rendered":"<p>Lietotas ori\u0123in\u0101liek\u0101rtu ra\u017eot\u0101ju \u0137\u0113des no\u0146emtas no CAT 259D k\u0101pur\u0137\u0113\u017eu iekr\u0101v\u0113ja.<br \/>\nCaterpillar iekr\u0101v\u0113ju ori\u0123in\u0101l\u0101s ori\u0123in\u0101liek\u0101rtas rito\u0161\u0101s da\u013cas.<br \/>\nPieg\u0101de vis\u0101 pasaul\u0113.<br \/>\nSvars un izm\u0113ri nos\u016bt\u012b\u0161anai:<br \/>\n\u2022 15 kg \/gab.<br \/>\n\u2022 400 x 46 mm<br \/>\nDeta\u013cu numuri:<br \/>\n\u2022 304-1870<br \/>\n\u2022 643-2399<\/p>\n","protected":false},"excerpt":{"rendered":"<p>Cena bez PVN<\/p>\n<p>Ra\u017eot\u0101js: Ra\u017eot\u0101js: CAT<br \/>\nModelis: KND0101<br \/>\nZvans: <a href=\"tel:+37060842988\">+37060842988<\/a><br \/>\nE-pasts: <a href=\"mailto:usedparts@kasima3.bcapps.lt\">usedparts@kasima3.bcapps.lt<\/a><\/p>\n","protected":false},"featured_media":57317,"template":"","meta":{"_et_pb_use_builder":"","_et_pb_old_content":"","_et_gb_content_width":""},"product_brand":[585],"product_cat":[518,318,452],"product_tag":[],"class_list":{"0":"post-57337","1":"product","2":"type-product","3":"status-publish","4":"has-post-thumbnail","6":"product_brand-cat","7":"product_cat-cat-strony","8":"product_cat-lietotas-detalas","9":"product_cat-celtniecibas-tehnikas-dalas","11":"first","12":"instock","13":"taxable","14":"shipping-taxable","15":"purchasable","16":"product-type-simple"},"_links":{"self":[{"href":"https:\/\/kasima3.bcapps.lt\/lv\/wp-json\/wp\/v2\/product\/57337","targetHints":{"allow":["GET"]}}],"collection":[{"href":"https:\/\/kasima3.bcapps.lt\/lv\/wp-json\/wp\/v2\/product"}],"about":[{"href":"https:\/\/kasima3.bcapps.lt\/lv\/wp-json\/wp\/v2\/types\/product"}],"wp:featuredmedia":[{"embeddable":true,"href":"https:\/\/kasima3.bcapps.lt\/lv\/wp-json\/wp\/v2\/media\/57317"}],"wp:attachment":[{"href":"https:\/\/kasima3.bcapps.lt\/lv\/wp-json\/wp\/v2\/media?parent=57337"}],"wp:term":[{"taxonomy":"product_brand","embeddable":true,"href":"https:\/\/kasima3.bcapps.lt\/lv\/wp-json\/wp\/v2\/product_brand?post=57337"},{"taxonomy":"product_cat","embeddable":true,"href":"https:\/\/kasima3.bcapps.lt\/lv\/wp-json\/wp\/v2\/product_cat?post=57337"},{"taxonomy":"product_tag","embeddable":true,"href":"https:\/\/kasima3.bcapps.lt\/lv\/wp-json\/wp\/v2\/product_tag?post=57337"}],"curies":[{"name":"wp","href":"https:\/\/api.w.org\/{rel}","templated":true}]}}