{"id":57438,"date":"2025-07-31T08:15:30","date_gmt":"2025-07-31T08:15:30","guid":{"rendered":"https:\/\/kasima.lt\/produktas\/zemes-grazto-komplektas-mini-krautuvui-ksm4000\/"},"modified":"2025-10-29T08:35:52","modified_gmt":"2025-10-29T08:35:52","slug":"zemes-grazto-komplektas-mini-krautuvui-ksm4000","status":"publish","type":"product","link":"https:\/\/kasima3.bcapps.lt\/lv\/produktas\/zemes-grazto-komplektas-mini-krautuvui-ksm4000\/","title":{"rendered":"S\u0113jma\u0161\u012bnas komplekts mini iekr\u0101v\u0113tim KSM4000"},"content":{"rendered":"<p>Piln\u012bgs zemes urb\u0161anas komplekts sl\u012bdkr\u0101v\u0113ju komplektam &#8211; profesion\u0101liem zemes darbiem. Piem\u0113rots Bobcat, Caterpillar, Gehl un citiem l\u012bdz\u012bgiem miniekr\u0101v\u0113\u0161iem. <\/p>\n<p>\u0160is komplekts ir ide\u0101li piem\u0113rots:<br \/>\npamatu p\u0101\u013cu urb\u0161anai,<br \/>\n\u017eogu, stabu vai balstu uzst\u0101d\u012b\u0161anai,<br \/>\nnelielu urbumu sagatavo\u0161anai,<br \/>\n\u0101ra apgaismojuma vai saules pane\u013cu uzst\u0101d\u012b\u0161anai,<br \/>\nkoku st\u0101d\u012b\u0161anai.<\/p>\n<p>Komplekt\u0101 ietilpst:<\/p>\n<p>Urb\u0161anas meh\u0101nisms &#8211; KSM piederumi KSM4000<br \/>\nGriezes moments: 1750-5150 Nm<br \/>\nHidrauliskais spiediens: 60-200 bar<br \/>\nHidraulisk\u0101 pl\u016bsma: 40-80 l\/min<br \/>\nRPM: 28-80 rpm<br \/>\nV\u0101rpsta: 2&#8243; HEX<br \/>\n\u0160\u013c\u016bte\u0146u savienot\u0101ji: 1\/2&#8243;<\/p>\n<p>Zemes urbji:<br \/>\nKSM Standard 200 mm, garums 150 cm<br \/>\nKSM Standard 300 mm, garums 150 cm<\/p>\n<p>Pagarin\u0101jums:<br \/>\n90 cm urbi pagarin\u0101t\u0101js &#8211; dzi\u013c\u0101kam urb\u0161anai.<\/p>\n<p>Slidkr\u0101v\u0113ja piekari\u0146\u0161<br \/>\nHidraulisk\u0101s \u0161\u013c\u016btenes ar \u0101trsavienojumiem &#8211; \u0113rtai savieno\u0161anai ar sl\u012bdkr\u0101v\u0113ja hidraulisko sist\u0113mu.<\/p>\n<p>Papildus pievienots:<\/p>\n<p>3 tapas urbjma\u0161\u012bn\u0101m vai pagarin\u0101t\u0101jiem<br \/>\n4 rezerves zobi zemes urbjam.  <\/p>\n<p>M\u0113s pied\u0101v\u0101jam garantiju. P\u0113cp\u0101rdo\u0161anas serviss.<br \/>\nM\u0113s pieg\u0101d\u0101jam rezerves da\u013cas un remont\u0113jam zemes urb\u0161anas iek\u0101rtas un to apr\u012bkojumu.<\/p>\n","protected":false},"excerpt":{"rendered":"<p>Cena bez PVN<\/p>\n<p>Ra\u017eot\u0101js: KSM Attachments<br \/>\nModelis: KSM4000 Skid Steer kit<br \/>\nZvans: <a href=\"tel:+37067607071\">+37067607071<\/a><br \/>\nE-pasts: <a href=\"mailto:sales@kasima3.bcapps.lt\">sales@kasima3.bcapps.lt<\/a><\/p>\n","protected":false},"featured_media":57374,"template":"","meta":{"_et_pb_use_builder":"off","_et_pb_old_content":"","_et_gb_content_width":""},"product_brand":[],"product_cat":[153,154,166,155,151],"product_tag":[],"class_list":{"0":"post-57438","1":"product","2":"type-product","3":"status-publish","4":"has-post-thumbnail","6":"product_cat-15-3-tonnas","7":"product_cat-3-5-tonnas","8":"product_cat-5-7-tonnas","9":"product_cat-jauns","10":"product_cat-mini-iekraveji","12":"first","13":"instock","14":"taxable","15":"shipping-taxable","16":"purchasable","17":"product-type-simple"},"_links":{"self":[{"href":"https:\/\/kasima3.bcapps.lt\/lv\/wp-json\/wp\/v2\/product\/57438","targetHints":{"allow":["GET"]}}],"collection":[{"href":"https:\/\/kasima3.bcapps.lt\/lv\/wp-json\/wp\/v2\/product"}],"about":[{"href":"https:\/\/kasima3.bcapps.lt\/lv\/wp-json\/wp\/v2\/types\/product"}],"wp:featuredmedia":[{"embeddable":true,"href":"https:\/\/kasima3.bcapps.lt\/lv\/wp-json\/wp\/v2\/media\/57374"}],"wp:attachment":[{"href":"https:\/\/kasima3.bcapps.lt\/lv\/wp-json\/wp\/v2\/media?parent=57438"}],"wp:term":[{"taxonomy":"product_brand","embeddable":true,"href":"https:\/\/kasima3.bcapps.lt\/lv\/wp-json\/wp\/v2\/product_brand?post=57438"},{"taxonomy":"product_cat","embeddable":true,"href":"https:\/\/kasima3.bcapps.lt\/lv\/wp-json\/wp\/v2\/product_cat?post=57438"},{"taxonomy":"product_tag","embeddable":true,"href":"https:\/\/kasima3.bcapps.lt\/lv\/wp-json\/wp\/v2\/product_tag?post=57438"}],"curies":[{"name":"wp","href":"https:\/\/api.w.org\/{rel}","templated":true}]}}