{"id":67297,"date":"2025-08-19T08:49:46","date_gmt":"2025-08-19T08:49:46","guid":{"rendered":"https:\/\/kasima3.bcapps.lt\/produktas\/daksu-pagarinajumi-200-cm-135x55\/"},"modified":"2025-10-29T08:36:03","modified_gmt":"2025-10-29T08:36:03","slug":"daksu-pagarinajumi-200-cm-135x55","status":"publish","type":"product","link":"https:\/\/kasima3.bcapps.lt\/lv\/produktas\/daksu-pagarinajumi-200-cm-135x55\/","title":{"rendered":"Dak\u0161u pagarin\u0101jumi 200 cm &#8211; 135&#215;55"},"content":{"rendered":"<p>Dak\u0161u pagarin\u0101jumu SPECIFIK\u0100CIJA:<br \/>\nGarums: 2000 mm.<br \/>\nPiem\u0113rots dak\u0161\u0101m: 135\u00d755 mm.<br \/>\nCinkots t\u0113rauds<br \/>\nTapu blo\u0137\u0113\u0161ana<br \/>\nPilna r\u0101mja konstrukcija.<\/p>\n<p>Paletes dak\u0161u pagarin\u0101t\u0101ji \u013cauj pagarin\u0101t eso\u0161o dak\u0161u garumu no standarta garuma l\u012bdz vajadz\u012bgajam. Cinkotie dak\u0161u pagarin\u0101jumi ir iztur\u012bgi un ilgi kalpo, un tie ir lieliski sader\u012bgi ar da\u017e\u0101du ra\u017eot\u0101ju dak\u0161\u0101m un ma\u0161\u012bn\u0101m. <\/p>\n<p>PIEG\u0100DE:<br \/>\nPreces ir m\u016bsu noliktav\u0101, t\u0101p\u0113c j\u016bs varat ierasties un apskat\u012bt t\u0101s kl\u0101tien\u0113.<br \/>\n\u0100tra pieg\u0101de uz j\u016bsu adresi.<\/p>\n","protected":false},"excerpt":{"rendered":"<p>Cena bez PVN<\/p>\n<p>Ra\u017eot\u0101js:<br \/>\nModelis: 200cm-55x135mm<br \/>\nZvans: <a href=\"tel:+37067607071\">+37067607071<\/a><br \/>\nE-pasts: <a href=\"mailto:sales@kasima.lt\">sales@kasima.lt<\/a><\/p>\n","protected":false},"featured_media":64891,"template":"","meta":{"_et_pb_use_builder":"","_et_pb_old_content":"","_et_gb_content_width":""},"product_brand":[],"product_cat":[294,153,154,155,151,163],"product_tag":[],"class_list":{"0":"post-67297","1":"product","2":"type-product","3":"status-publish","4":"has-post-thumbnail","6":"product_cat-lidz-15-tonnam","7":"product_cat-15-3-tonnas","8":"product_cat-3-5-tonnas","9":"product_cat-jauns","10":"product_cat-mini-iekraveji","11":"product_cat-traktors","13":"first","14":"outofstock","15":"taxable","16":"shipping-taxable","17":"purchasable","18":"product-type-simple"},"_links":{"self":[{"href":"https:\/\/kasima3.bcapps.lt\/lv\/wp-json\/wp\/v2\/product\/67297","targetHints":{"allow":["GET"]}}],"collection":[{"href":"https:\/\/kasima3.bcapps.lt\/lv\/wp-json\/wp\/v2\/product"}],"about":[{"href":"https:\/\/kasima3.bcapps.lt\/lv\/wp-json\/wp\/v2\/types\/product"}],"wp:featuredmedia":[{"embeddable":true,"href":"https:\/\/kasima3.bcapps.lt\/lv\/wp-json\/wp\/v2\/media\/64891"}],"wp:attachment":[{"href":"https:\/\/kasima3.bcapps.lt\/lv\/wp-json\/wp\/v2\/media?parent=67297"}],"wp:term":[{"taxonomy":"product_brand","embeddable":true,"href":"https:\/\/kasima3.bcapps.lt\/lv\/wp-json\/wp\/v2\/product_brand?post=67297"},{"taxonomy":"product_cat","embeddable":true,"href":"https:\/\/kasima3.bcapps.lt\/lv\/wp-json\/wp\/v2\/product_cat?post=67297"},{"taxonomy":"product_tag","embeddable":true,"href":"https:\/\/kasima3.bcapps.lt\/lv\/wp-json\/wp\/v2\/product_tag?post=67297"}],"curies":[{"name":"wp","href":"https:\/\/api.w.org\/{rel}","templated":true}]}}