{"id":67341,"date":"2025-08-21T12:38:51","date_gmt":"2025-08-21T12:38:51","guid":{"rendered":"https:\/\/kasima3.bcapps.lt\/produktas\/cat-303e-tapas\/"},"modified":"2025-10-29T08:36:07","modified_gmt":"2025-10-29T08:36:07","slug":"cat-303e-tapas","status":"publish","type":"product","link":"https:\/\/kasima3.bcapps.lt\/lv\/produktas\/cat-303e-tapas\/","title":{"rendered":"CAT 303E tapas"},"content":{"rendered":"<p>Lietotas ori\u0123in\u0101l\u0101s deta\u013cas, kas iz\u0146emtas no CAT 303E CR mini ekskavatora.<br \/>\nOEM deta\u013cas CAT mini ekskavatoriem.<br \/>\nPiln\u012bb\u0101 p\u0101rbaud\u012btas un gatavas uzst\u0101d\u012b\u0161anai.<br \/>\nPieg\u0101de vis\u0101 pasaul\u0113.<br \/>\nSvars un izm\u0113ri pieg\u0101dei:<br \/>\n\u2022 apm\u0113ram 1\u20132 kg<br \/>\n\u2022 300\/100x50x50mm<br \/>\nKataloga numurs:<br \/>\n\u2022 218-4681<br \/>\n\u2022 292-0153<br \/>\n\u2022 266-4071<br \/>\n\u2022 345-7819<br \/>\n\u2022 266-4104<br \/>\n\u2022 266-4080<br \/>\n\u2022 266-4064<br \/>\n\u2022 266-4106<br \/>\n\u2022 228-2856<br \/>\n\u2022 294-3097<\/p>\n","protected":false},"excerpt":{"rendered":"<p>Cena bez PVN<\/p>\n<p>Ra\u017eot\u0101js: CAT<br \/>\nModelis: CAT303E069<br \/>\nZvaniet: <a href=\"tel:+37060842988\">+37060842988<\/a><br \/>\nE-pasts: <a href=\"mailto:usedparts@kasima.lt\">usedparts@kasima.lt<\/a><\/p>\n","protected":false},"featured_media":65106,"template":"","meta":{"_et_pb_use_builder":"","_et_pb_old_content":"","_et_gb_content_width":""},"product_brand":[],"product_cat":[518,318,452],"product_tag":[],"class_list":{"0":"post-67341","1":"product","2":"type-product","3":"status-publish","4":"has-post-thumbnail","6":"product_cat-cat-strony","7":"product_cat-lietotas-detalas","8":"product_cat-celtniecibas-tehnikas-dalas","10":"first","11":"instock","12":"taxable","13":"shipping-taxable","14":"product-type-simple"},"_links":{"self":[{"href":"https:\/\/kasima3.bcapps.lt\/lv\/wp-json\/wp\/v2\/product\/67341","targetHints":{"allow":["GET"]}}],"collection":[{"href":"https:\/\/kasima3.bcapps.lt\/lv\/wp-json\/wp\/v2\/product"}],"about":[{"href":"https:\/\/kasima3.bcapps.lt\/lv\/wp-json\/wp\/v2\/types\/product"}],"wp:featuredmedia":[{"embeddable":true,"href":"https:\/\/kasima3.bcapps.lt\/lv\/wp-json\/wp\/v2\/media\/65106"}],"wp:attachment":[{"href":"https:\/\/kasima3.bcapps.lt\/lv\/wp-json\/wp\/v2\/media?parent=67341"}],"wp:term":[{"taxonomy":"product_brand","embeddable":true,"href":"https:\/\/kasima3.bcapps.lt\/lv\/wp-json\/wp\/v2\/product_brand?post=67341"},{"taxonomy":"product_cat","embeddable":true,"href":"https:\/\/kasima3.bcapps.lt\/lv\/wp-json\/wp\/v2\/product_cat?post=67341"},{"taxonomy":"product_tag","embeddable":true,"href":"https:\/\/kasima3.bcapps.lt\/lv\/wp-json\/wp\/v2\/product_tag?post=67341"}],"curies":[{"name":"wp","href":"https:\/\/api.w.org\/{rel}","templated":true}]}}