{"id":67345,"date":"2025-08-22T10:39:53","date_gmt":"2025-08-22T10:39:53","guid":{"rendered":"https:\/\/kasima3.bcapps.lt\/produktas\/cat-303e-hidrauliskas-slutenes\/"},"modified":"2025-10-29T08:36:07","modified_gmt":"2025-10-29T08:36:07","slug":"cat-303e-hidrauliskas-slutenes","status":"publish","type":"product","link":"https:\/\/kasima3.bcapps.lt\/lv\/produktas\/cat-303e-hidrauliskas-slutenes\/","title":{"rendered":"CAT 303E hidraulisk\u0101s \u0161\u013c\u016btenes"},"content":{"rendered":"<p>Lietotas ori\u0123in\u0101l\u0101s deta\u013cas, kas iz\u0146emtas no CAT 303E CR mini ekskavatora.<br \/>\nOEM deta\u013cas CAT mini ekskavatoriem.<br \/>\nPiln\u012bb\u0101 p\u0101rbaud\u012btas un gatavas uzst\u0101d\u012b\u0161anai.<br \/>\nPieg\u0101de vis\u0101 pasaul\u0113<br \/>\nSvars un izm\u0113ri pieg\u0101dei:<br \/>\n\u2022 apm\u0113ram 1\u20135 kg<br \/>\n&#8211; 400\/100&#215;400\/100\/100&#215;50 mm<br \/>\nKataloga numurs:<br \/>\n\u2022 381-0584<br \/>\n\u2022 267-4155<br \/>\n\u2022 415-9069<br \/>\n\u2022 415-8397<br \/>\n\u2022 415-8411<br \/>\n\u2022 365-6895<br \/>\n\u2022 208-0156<br \/>\n\u2022 415-9073<br \/>\n\u2022 267-4044<br \/>\n\u2022 267-4100<br \/>\n\u2022 415-9077<br \/>\n\u2022 267-4099<br \/>\n\u2022 245-7036<br \/>\n\u2022 346-1320<br \/>\n\u2022 278-1977<br \/>\n\u2022 472-3355<br \/>\n\u2022 475-0721<br \/>\n\u2022 472-3352<br \/>\n\u2022 415-9070<\/p>\n","protected":false},"excerpt":{"rendered":"<p>Cena bez PVN<\/p>\n<p>Ra\u017eot\u0101js: CAT<br \/>\nModelis: CAT303E070<br \/>\nZvaniet: <a href=\"tel:+37060842988\">+37060842988<\/a><br \/>\nE-pasts: <a href=\"mailto:usedparts@kasima.lt\">usedparts@kasima.lt<\/a><\/p>\n","protected":false},"featured_media":65136,"template":"","meta":{"_et_pb_use_builder":"","_et_pb_old_content":"","_et_gb_content_width":""},"product_brand":[],"product_cat":[518,318,452],"product_tag":[],"class_list":{"0":"post-67345","1":"product","2":"type-product","3":"status-publish","4":"has-post-thumbnail","6":"product_cat-cat-strony","7":"product_cat-lietotas-detalas","8":"product_cat-celtniecibas-tehnikas-dalas","10":"first","11":"instock","12":"taxable","13":"shipping-taxable","14":"product-type-simple"},"_links":{"self":[{"href":"https:\/\/kasima3.bcapps.lt\/lv\/wp-json\/wp\/v2\/product\/67345","targetHints":{"allow":["GET"]}}],"collection":[{"href":"https:\/\/kasima3.bcapps.lt\/lv\/wp-json\/wp\/v2\/product"}],"about":[{"href":"https:\/\/kasima3.bcapps.lt\/lv\/wp-json\/wp\/v2\/types\/product"}],"wp:featuredmedia":[{"embeddable":true,"href":"https:\/\/kasima3.bcapps.lt\/lv\/wp-json\/wp\/v2\/media\/65136"}],"wp:attachment":[{"href":"https:\/\/kasima3.bcapps.lt\/lv\/wp-json\/wp\/v2\/media?parent=67345"}],"wp:term":[{"taxonomy":"product_brand","embeddable":true,"href":"https:\/\/kasima3.bcapps.lt\/lv\/wp-json\/wp\/v2\/product_brand?post=67345"},{"taxonomy":"product_cat","embeddable":true,"href":"https:\/\/kasima3.bcapps.lt\/lv\/wp-json\/wp\/v2\/product_cat?post=67345"},{"taxonomy":"product_tag","embeddable":true,"href":"https:\/\/kasima3.bcapps.lt\/lv\/wp-json\/wp\/v2\/product_tag?post=67345"}],"curies":[{"name":"wp","href":"https:\/\/api.w.org\/{rel}","templated":true}]}}