{"id":67353,"date":"2025-08-22T12:31:45","date_gmt":"2025-08-22T12:31:45","guid":{"rendered":"https:\/\/kasima3.bcapps.lt\/produktas\/volvo-bosch-generators\/"},"modified":"2025-10-29T08:36:08","modified_gmt":"2025-10-29T08:36:08","slug":"volvo-bosch-generators","status":"publish","type":"product","link":"https:\/\/kasima3.bcapps.lt\/lv\/produktas\/volvo-bosch-generators\/","title":{"rendered":"Volvo Bosch \u0123enerators"},"content":{"rendered":"<p>Lietota ori\u0123in\u0101l\u0101 deta\u013ca, iz\u0146emta no Volvo EW160B mini ekskavatora.<br \/>\nOEM Bosch \u0123enerators Volvo ekskavatoriem.<br \/>\nPiln\u012bb\u0101 p\u0101rbaud\u012bts un gatavs uzst\u0101d\u012b\u0161anai.<br \/>\nPieg\u0101de vis\u0101 pasaul\u0113.<br \/>\nSvars un izm\u0113ri pieg\u0101dei:<br \/>\n\u2022 apm\u0113ram 12 kg<br \/>\n\u2022 300 x 300 x 300 mm<br \/>\nKataloga numurs:<br \/>\n\u2022 VOE17204355<br \/>\n\u2022 1197311304<br \/>\nSader\u012bgs ar:<br \/>\nEC140B\/C\/E, EC160C\/E, EC170D, EC180C\/E, EC200B\/D, EC210B\/C\/D, EC220D\/E, EC235C, EC240B\/C, EC290B\/C, EC350E, EC380E\/EHR, EC480E\/EHR, ECR145C\/E, ECR235C\/E, ECR305C, EW140C\/E, EW145B, EW160C, EW180C, EW205D, EW210C, EW230C, A25F\/G, A30F\/G, A35F\/G, A40F\/G, A60H, L60\u2013L350, L60GZ, L90GZ<\/p>\n","protected":false},"excerpt":{"rendered":"<p>Cena bez PVN<\/p>\n<p>Ra\u017eot\u0101js: BOSCH<br \/>\nModelis: EW160B0062<br \/>\nZvaniet: <a href=\"tel:+37060842988\">+37060842988<\/a><br \/>\nE-pasts: <a href=\"mailto:usedparts@kasima.lt\">usedparts@kasima.lt<\/a><\/p>\n","protected":false},"featured_media":65256,"template":"","meta":{"_et_pb_use_builder":"","_et_pb_old_content":"","_et_gb_content_width":""},"product_brand":[],"product_cat":[398,490,318,452],"product_tag":[],"class_list":{"0":"post-67353","1":"product","2":"type-product","3":"status-publish","4":"has-post-thumbnail","6":"product_cat-volvo-dalas","7":"product_cat-elektronikas-dalas","8":"product_cat-lietotas-detalas","9":"product_cat-celtniecibas-tehnikas-dalas","11":"first","12":"instock","13":"taxable","14":"shipping-taxable","15":"purchasable","16":"product-type-simple"},"_links":{"self":[{"href":"https:\/\/kasima3.bcapps.lt\/lv\/wp-json\/wp\/v2\/product\/67353","targetHints":{"allow":["GET"]}}],"collection":[{"href":"https:\/\/kasima3.bcapps.lt\/lv\/wp-json\/wp\/v2\/product"}],"about":[{"href":"https:\/\/kasima3.bcapps.lt\/lv\/wp-json\/wp\/v2\/types\/product"}],"wp:featuredmedia":[{"embeddable":true,"href":"https:\/\/kasima3.bcapps.lt\/lv\/wp-json\/wp\/v2\/media\/65256"}],"wp:attachment":[{"href":"https:\/\/kasima3.bcapps.lt\/lv\/wp-json\/wp\/v2\/media?parent=67353"}],"wp:term":[{"taxonomy":"product_brand","embeddable":true,"href":"https:\/\/kasima3.bcapps.lt\/lv\/wp-json\/wp\/v2\/product_brand?post=67353"},{"taxonomy":"product_cat","embeddable":true,"href":"https:\/\/kasima3.bcapps.lt\/lv\/wp-json\/wp\/v2\/product_cat?post=67353"},{"taxonomy":"product_tag","embeddable":true,"href":"https:\/\/kasima3.bcapps.lt\/lv\/wp-json\/wp\/v2\/product_tag?post=67353"}],"curies":[{"name":"wp","href":"https:\/\/api.w.org\/{rel}","templated":true}]}}