{"id":67373,"date":"2025-08-08T08:15:25","date_gmt":"2025-08-08T08:15:25","guid":{"rendered":"https:\/\/kasima3.bcapps.lt\/produktas\/jcb-8015\/"},"modified":"2025-10-29T08:36:09","modified_gmt":"2025-10-29T08:36:09","slug":"jcb-8015","status":"publish","type":"product","link":"https:\/\/kasima3.bcapps.lt\/lv\/produktas\/jcb-8015\/","title":{"rendered":"JCB 8015"},"content":{"rendered":"<p>JCB 8015 netiek ekspluat\u0113ts Lietuv\u0101<\/p>\n<p>Gads: 2004<br \/>\nJauda: 12,7 kW<br \/>\nStundas: 2414 h<br \/>\nSvars: 1620 kg<br \/>\nRak\u0161anas dzi\u013cums: l\u012bdz 2,35 m<br \/>\nPapildu hidraulisk\u0101 l\u012bnija<\/p>\n<p>Kauss iek\u013cauts<br \/>\nAlternat\u012bvi m\u0113s varam apr\u012bkot j\u016bs ar kausu, zemes urbjma\u0161\u012bnu, hidraulisko \u0101muru vai citu pal\u012bgier\u012bci.<\/p>\n<p>T\u012brs, lieto\u0161anai gatavs ekskavators.<\/p>\n<p>Iesp\u0113jama p\u0101rbaude un test\u0113\u0161ana KASIMA noliktav\u0101<br \/>\nIesp\u0113jama pieg\u0101de uz J\u016bsu adresi.<\/p>\n<p><iframe loading=\"lazy\" title=\"JCB 8015 \u2502 UAB KASIMA\" width=\"1080\" height=\"608\" src=\"https:\/\/www.youtube.com\/embed\/kXLpG7TDIKM?feature=oembed\"  allow=\"accelerometer; autoplay; clipboard-write; encrypted-media; gyroscope; picture-in-picture; web-share\" referrerpolicy=\"strict-origin-when-cross-origin\" allowfullscreen><\/iframe><\/p>\n","protected":false},"excerpt":{"rendered":"<p>Cena bez PVN<\/p>\n<p>Ra\u017eot\u0101js: JCB<br \/>\nModelis: 8015<br \/>\nZvans: <a href=\"tel:+37067607071\">+37067607071<\/a><br \/>\nE-pasts: <a href=\"mailto:sales@kasima.lt\">sales@kasima.lt<\/a><\/p>\n","protected":false},"featured_media":67108,"template":"","meta":{"_et_pb_use_builder":"","_et_pb_old_content":"","_et_gb_content_width":""},"product_brand":[],"product_cat":[149],"product_tag":[],"class_list":{"0":"post-67373","1":"product","2":"type-product","3":"status-publish","4":"has-post-thumbnail","6":"product_cat-buvnieciba","8":"first","9":"instock","10":"taxable","11":"shipping-taxable","12":"product-type-simple"},"_links":{"self":[{"href":"https:\/\/kasima3.bcapps.lt\/lv\/wp-json\/wp\/v2\/product\/67373","targetHints":{"allow":["GET"]}}],"collection":[{"href":"https:\/\/kasima3.bcapps.lt\/lv\/wp-json\/wp\/v2\/product"}],"about":[{"href":"https:\/\/kasima3.bcapps.lt\/lv\/wp-json\/wp\/v2\/types\/product"}],"wp:featuredmedia":[{"embeddable":true,"href":"https:\/\/kasima3.bcapps.lt\/lv\/wp-json\/wp\/v2\/media\/67108"}],"wp:attachment":[{"href":"https:\/\/kasima3.bcapps.lt\/lv\/wp-json\/wp\/v2\/media?parent=67373"}],"wp:term":[{"taxonomy":"product_brand","embeddable":true,"href":"https:\/\/kasima3.bcapps.lt\/lv\/wp-json\/wp\/v2\/product_brand?post=67373"},{"taxonomy":"product_cat","embeddable":true,"href":"https:\/\/kasima3.bcapps.lt\/lv\/wp-json\/wp\/v2\/product_cat?post=67373"},{"taxonomy":"product_tag","embeddable":true,"href":"https:\/\/kasima3.bcapps.lt\/lv\/wp-json\/wp\/v2\/product_tag?post=67373"}],"curies":[{"name":"wp","href":"https:\/\/api.w.org\/{rel}","templated":true}]}}