{"id":67377,"date":"2025-08-08T10:00:08","date_gmt":"2025-08-08T10:00:08","guid":{"rendered":"https:\/\/kasima3.bcapps.lt\/produktas\/bobcat-lr-5a-hidrauliskais-grabeklis\/"},"modified":"2025-10-29T08:36:09","modified_gmt":"2025-10-29T08:36:09","slug":"bobcat-lr-5a-hidrauliskais-grabeklis","status":"publish","type":"product","link":"https:\/\/kasima3.bcapps.lt\/lv\/produktas\/bobcat-lr-5a-hidrauliskais-grabeklis\/","title":{"rendered":"Bobcat LR 5A hidrauliskais gr\u0101beklis"},"content":{"rendered":"<p>Lietots Bobcat hidrauliskais ainavu gr\u0101beklis.<\/p>\n<p>Kond\u012bcija: Darba platums: 150 cm<br \/>\nDarba platums: 150 cm<br \/>\nUzst\u0101d\u012b\u0161ana: mini-iekr\u0101v\u0113<br \/>\nDarba bungas: abpus\u0113ja rot\u0101cija \u2013 sav\u0101k\u0161ana uz priek\u0161u un atpaka\u013c<br \/>\nParedz\u0113ts: zemes sagatavo\u0161anai, s\u0113jas sagatavo\u0161anai, akme\u0146u un gru\u017eu sav\u0101k\u0161anai, z\u0101liena atjauno\u0161anai<\/p>\n<p>Apskate un test\u0113\u0161ana iesp\u0113jama KASIMA noliktav\u0101<br \/>\nIesp\u0113jama iek\u0101rtas pieg\u0101de uz J\u016bsu izv\u0113l\u0113tu adresi<\/p>\n<p><iframe loading=\"lazy\" title=\"Bobcat Landscape Rake 5A \u2502 UAB KASIMA\" width=\"1080\" height=\"608\" src=\"https:\/\/www.youtube.com\/embed\/w4jCgajCl2Q?feature=oembed\"  allow=\"accelerometer; autoplay; clipboard-write; encrypted-media; gyroscope; picture-in-picture; web-share\" referrerpolicy=\"strict-origin-when-cross-origin\" allowfullscreen><\/iframe><\/p>\n","protected":false},"excerpt":{"rendered":"<p>Cena bez PVN<\/p>\n<p>Ra\u017eot\u0101js: Bobcat\/Melroe<br \/>\nModelis: Ainavu gr\u0101beklis 5A<br \/>\nZvans: <a href=\"tel:+37067607071\">+37067607071<\/a><br \/>\nE-pasts: <a href=\"mailto:sales@kasima.lt\">sales@kasima.lt<\/a><\/p>\n","protected":false},"featured_media":65472,"template":"","meta":{"_et_pb_use_builder":"","_et_pb_old_content":"","_et_gb_content_width":""},"product_brand":[],"product_cat":[219,151],"product_tag":[],"class_list":{"0":"post-67377","1":"product","2":"type-product","3":"status-publish","4":"has-post-thumbnail","6":"product_cat-lietots","7":"product_cat-mini-iekraveji","9":"first","10":"instock","11":"taxable","12":"shipping-taxable","13":"purchasable","14":"product-type-simple"},"_links":{"self":[{"href":"https:\/\/kasima3.bcapps.lt\/lv\/wp-json\/wp\/v2\/product\/67377","targetHints":{"allow":["GET"]}}],"collection":[{"href":"https:\/\/kasima3.bcapps.lt\/lv\/wp-json\/wp\/v2\/product"}],"about":[{"href":"https:\/\/kasima3.bcapps.lt\/lv\/wp-json\/wp\/v2\/types\/product"}],"wp:featuredmedia":[{"embeddable":true,"href":"https:\/\/kasima3.bcapps.lt\/lv\/wp-json\/wp\/v2\/media\/65472"}],"wp:attachment":[{"href":"https:\/\/kasima3.bcapps.lt\/lv\/wp-json\/wp\/v2\/media?parent=67377"}],"wp:term":[{"taxonomy":"product_brand","embeddable":true,"href":"https:\/\/kasima3.bcapps.lt\/lv\/wp-json\/wp\/v2\/product_brand?post=67377"},{"taxonomy":"product_cat","embeddable":true,"href":"https:\/\/kasima3.bcapps.lt\/lv\/wp-json\/wp\/v2\/product_cat?post=67377"},{"taxonomy":"product_tag","embeddable":true,"href":"https:\/\/kasima3.bcapps.lt\/lv\/wp-json\/wp\/v2\/product_tag?post=67377"}],"curies":[{"name":"wp","href":"https:\/\/api.w.org\/{rel}","templated":true}]}}