{"id":67381,"date":"2025-08-08T10:53:57","date_gmt":"2025-08-08T10:53:57","guid":{"rendered":"https:\/\/kasima3.bcapps.lt\/produktas\/ksm-8k-urbsanas-komplekts-ekskavatoram\/"},"modified":"2025-10-29T08:36:09","modified_gmt":"2025-10-29T08:36:09","slug":"ksm-8k-urbsanas-komplekts-ekskavatoram","status":"publish","type":"product","link":"https:\/\/kasima3.bcapps.lt\/lv\/produktas\/ksm-8k-urbsanas-komplekts-ekskavatoram\/","title":{"rendered":"KSM 8K urb\u0161anas komplekts ekskavatoram"},"content":{"rendered":"<p>Urb\u0161anas komplekts ekskavatoram KSM 8K<\/p>\n<p>Jaud\u012bgs un daudzpus\u012bgs risin\u0101jums urb\u0161anas darbiem ar 5-10 tonnu smagiem ekskavatoriem.<br \/>\nIntens\u012bvai izmanto\u0161anai b\u016bvniec\u012bb\u0101, in\u017eeniertehniskaj\u0101 b\u016bvniec\u012bb\u0101, \u017eogu, p\u0101\u013cu vai pamatu urb\u0161anai, st\u0101d\u012bjumu vai infrastrukt\u016bras ier\u012bko\u0161anai.<\/p>\n<p>Piel\u0101go\u0161ana:<\/p>\n<p>Urbumi pamatiem, stabiem un balstiem<br \/>\nUrbumi \u017eogiem, stabiem, saules pane\u013ciem<br \/>\nUrbumi koku st\u0101d\u012b\u0161anai<br \/>\nUrbumi zemes uzm\u0113r\u012b\u0161anai un citi urb\u0161anas darbi<\/p>\n<p>Komplekt\u0101 ietilpst:<\/p>\n<p>Urb\u0161anas meh\u0101nisms &#8211; KSM piederumi KSM 8K<br \/>\nGriezes moments: 2500-8075 Nm<br \/>\nHidrauliskais spiediens: 70-210 bar<br \/>\nHidraulisk\u0101 pl\u016bsma: 40-115 l\/min<br \/>\nDarb\u012bbas \u0101trums: 27-80 apgr.\/min<br \/>\nV\u0101rpsta: 75 mm kvadr\u0101tveida (75Sq)<br \/>\n\u0160\u013c\u016bte\u0146u savienojumi: 1\/2&#8243;, ar \u0101tr\u0101s savieno\u0161anas piederumiem.<\/p>\n<p>Urbji &#8211; KSM Premium ST:<\/p>\n<p>200 mm diametrs, 150 cm garums<br \/>\n300 mm diametrs, 150 cm garums<br \/>\n400 mm diametrs, 150 cm garums<\/p>\n<p>Urbuma pagarin\u0101t\u0101js:<\/p>\n<p>150 cm, ar 75 mm kvadr\u0101tveida v\u0101rpstu (75Sq)<\/p>\n<p>Pakarin\u0101\u0161ana:<\/p>\n<p>Izv\u0113l\u0113ts vai piel\u0101gots ekskavatora modelim<br \/>\nAr klo\u0137i, kas nodro\u0161ina vienm\u0113r\u012bgu urb\u0161anu un maz\u0101ku meh\u0101nisko slodzi.<\/p>\n<p>Papildu papildapr\u012bkojums:<\/p>\n<p>4 tapas<br \/>\n4 rezerves zobi urbjiem  <\/p>\n<p>&#8211; &#8211;<br \/>\nM\u0113s pieg\u0101d\u0101jam rezerves da\u013cas un remont\u0113jam zemes urb\u0161anas iek\u0101rtas un to apr\u012bkojumu.<\/p>\n","protected":false},"excerpt":{"rendered":"<p>Cena bez PVN<\/p>\n<p>Ra\u017eot\u0101js: KSM Attachments<br \/>\nModelis: KSM 8K ekskavatora komplekts<br \/>\nZvans: <a href=\"tel:+37067607071\">+37067607071<\/a><br \/>\nE-pasts: <a href=\"mailto:sales@kasima.lt\">sales@kasima.lt<\/a><\/p>\n","protected":false},"featured_media":65552,"template":"","meta":{"_et_pb_use_builder":"","_et_pb_old_content":"","_et_gb_content_width":""},"product_brand":[],"product_cat":[166,168,155,185,366],"product_tag":[],"class_list":{"0":"post-67381","1":"product","2":"type-product","3":"status-publish","4":"has-post-thumbnail","6":"product_cat-5-7-tonnas","7":"product_cat-7-10-tonnas","8":"product_cat-jauns","9":"product_cat-ekskavators","10":"product_cat-zemes-urbji","12":"first","13":"instock","14":"taxable","15":"shipping-taxable","16":"purchasable","17":"product-type-simple"},"_links":{"self":[{"href":"https:\/\/kasima3.bcapps.lt\/lv\/wp-json\/wp\/v2\/product\/67381","targetHints":{"allow":["GET"]}}],"collection":[{"href":"https:\/\/kasima3.bcapps.lt\/lv\/wp-json\/wp\/v2\/product"}],"about":[{"href":"https:\/\/kasima3.bcapps.lt\/lv\/wp-json\/wp\/v2\/types\/product"}],"wp:featuredmedia":[{"embeddable":true,"href":"https:\/\/kasima3.bcapps.lt\/lv\/wp-json\/wp\/v2\/media\/65552"}],"wp:attachment":[{"href":"https:\/\/kasima3.bcapps.lt\/lv\/wp-json\/wp\/v2\/media?parent=67381"}],"wp:term":[{"taxonomy":"product_brand","embeddable":true,"href":"https:\/\/kasima3.bcapps.lt\/lv\/wp-json\/wp\/v2\/product_brand?post=67381"},{"taxonomy":"product_cat","embeddable":true,"href":"https:\/\/kasima3.bcapps.lt\/lv\/wp-json\/wp\/v2\/product_cat?post=67381"},{"taxonomy":"product_tag","embeddable":true,"href":"https:\/\/kasima3.bcapps.lt\/lv\/wp-json\/wp\/v2\/product_tag?post=67381"}],"curies":[{"name":"wp","href":"https:\/\/api.w.org\/{rel}","templated":true}]}}