{"id":67385,"date":"2025-08-11T10:16:39","date_gmt":"2025-08-11T10:16:39","guid":{"rendered":"https:\/\/kasima3.bcapps.lt\/produktas\/cat-hidrauliskais-sadalitajs\/"},"modified":"2025-10-29T08:36:10","modified_gmt":"2025-10-29T08:36:10","slug":"cat-hidrauliskais-sadalitajs","status":"publish","type":"product","link":"https:\/\/kasima3.bcapps.lt\/lv\/produktas\/cat-hidrauliskais-sadalitajs\/","title":{"rendered":"CAT hidrauliskais sadal\u012bt\u0101js"},"content":{"rendered":"<p>Lietota OEM deta\u013ca, iz\u0146emta no CAT 303E CR mini ekskavatora.<br \/>\nOEM v\u0101rstu bloks CAT mini ekskavatoriem.<br \/>\nPieg\u0101de vis\u0101 pasaul\u0113.<br \/>\nSvars un izm\u0113ri pieg\u0101dei:<br \/>\n\u2022 apm\u0113ram 35 kg\/gab.<br \/>\n\u2022 700x400x200 mm<br \/>\nDeta\u013cas numurs:<br \/>\n\u2022 CA4388386<br \/>\n\u2022 438-8386<br \/>\n\u2022 4388386<br \/>\nTips: C0070-26943<br \/>\nS\/N: 19-08 0011<br \/>\nP\/N: 438-8386X02<\/p>\n","protected":false},"excerpt":{"rendered":"<p>Cena bez PVN<\/p>\n<p>Ra\u017eot\u0101js: Ra\u017eot\u0101js: CAT<br \/>\nModelis: CAT303E002<br \/>\nZvans:<a href=\"tel:+37060842988\">+37060842988<\/a><br \/>\nE-pasts: <a href=\"mailto:usedparts@kasima.lt\">usedparts@kasima.lt<\/a><\/p>\n","protected":false},"featured_media":65612,"template":"","meta":{"_et_pb_use_builder":"","_et_pb_old_content":"","_et_gb_content_width":""},"product_brand":[],"product_cat":[518,318,452],"product_tag":[],"class_list":{"0":"post-67385","1":"product","2":"type-product","3":"status-publish","4":"has-post-thumbnail","6":"product_cat-cat-strony","7":"product_cat-lietotas-detalas","8":"product_cat-celtniecibas-tehnikas-dalas","10":"first","11":"instock","12":"taxable","13":"shipping-taxable","14":"purchasable","15":"product-type-simple"},"_links":{"self":[{"href":"https:\/\/kasima3.bcapps.lt\/lv\/wp-json\/wp\/v2\/product\/67385","targetHints":{"allow":["GET"]}}],"collection":[{"href":"https:\/\/kasima3.bcapps.lt\/lv\/wp-json\/wp\/v2\/product"}],"about":[{"href":"https:\/\/kasima3.bcapps.lt\/lv\/wp-json\/wp\/v2\/types\/product"}],"wp:featuredmedia":[{"embeddable":true,"href":"https:\/\/kasima3.bcapps.lt\/lv\/wp-json\/wp\/v2\/media\/65612"}],"wp:attachment":[{"href":"https:\/\/kasima3.bcapps.lt\/lv\/wp-json\/wp\/v2\/media?parent=67385"}],"wp:term":[{"taxonomy":"product_brand","embeddable":true,"href":"https:\/\/kasima3.bcapps.lt\/lv\/wp-json\/wp\/v2\/product_brand?post=67385"},{"taxonomy":"product_cat","embeddable":true,"href":"https:\/\/kasima3.bcapps.lt\/lv\/wp-json\/wp\/v2\/product_cat?post=67385"},{"taxonomy":"product_tag","embeddable":true,"href":"https:\/\/kasima3.bcapps.lt\/lv\/wp-json\/wp\/v2\/product_tag?post=67385"}],"curies":[{"name":"wp","href":"https:\/\/api.w.org\/{rel}","templated":true}]}}