{"id":67433,"date":"2025-08-12T08:14:34","date_gmt":"2025-08-12T08:14:34","guid":{"rendered":"https:\/\/kasima3.bcapps.lt\/produktas\/cat-galigais-piedzinas-mehanisms\/"},"modified":"2025-10-29T08:36:13","modified_gmt":"2025-10-29T08:36:13","slug":"cat-galigais-piedzinas-mehanisms","status":"publish","type":"product","link":"https:\/\/kasima3.bcapps.lt\/lv\/produktas\/cat-galigais-piedzinas-mehanisms\/","title":{"rendered":"CAT gal\u012bgais piedzi\u0146as meh\u0101nisms"},"content":{"rendered":"<p>Lietota OEM deta\u013ca, iz\u0146emta no CAT 303E CR mini ekskavatora.<br \/>\nOEM dzin\u0113js CAT mini ekskavatoriem.<br \/>\nPiln\u012bb\u0101 p\u0101rbaud\u012bts un gatavs uzst\u0101d\u012b\u0161anai.<br \/>\nPieg\u0101de vis\u0101 pasaul\u0113.<br \/>\nSvars un izm\u0113ri pieg\u0101dei:<br \/>\n\u2022 apm\u0113ram 34 kg<br \/>\n\u2022 400x400x400 mm<br \/>\nKataloga numurs:<br \/>\n\u2022 295-9370<br \/>\n\u2022 280-3097<br \/>\n\u2022 288-6900<br \/>\n\u2022 MAG-18VP-350F-7<\/p>\n","protected":false},"excerpt":{"rendered":"<p>Cena bez PVN<\/p>\n<p>Ra\u017eot\u0101js: CAT<br \/>\nModelis: CAT303E004<br \/>\nZvans:<a href=\"tel:+37060842988\">+37060842988<\/a><br \/>\nE-pasts: <a href=\"mailto:usedparts@kasima.lt\">usedparts@kasima.lt<\/a><\/p>\n","protected":false},"featured_media":66122,"template":"","meta":{"_et_pb_use_builder":"","_et_pb_old_content":"","_et_gb_content_width":""},"product_brand":[],"product_cat":[518,318,452],"product_tag":[],"class_list":{"0":"post-67433","1":"product","2":"type-product","3":"status-publish","4":"has-post-thumbnail","6":"product_cat-cat-strony","7":"product_cat-lietotas-detalas","8":"product_cat-celtniecibas-tehnikas-dalas","10":"first","11":"instock","12":"taxable","13":"shipping-taxable","14":"purchasable","15":"product-type-simple"},"_links":{"self":[{"href":"https:\/\/kasima3.bcapps.lt\/lv\/wp-json\/wp\/v2\/product\/67433","targetHints":{"allow":["GET"]}}],"collection":[{"href":"https:\/\/kasima3.bcapps.lt\/lv\/wp-json\/wp\/v2\/product"}],"about":[{"href":"https:\/\/kasima3.bcapps.lt\/lv\/wp-json\/wp\/v2\/types\/product"}],"wp:featuredmedia":[{"embeddable":true,"href":"https:\/\/kasima3.bcapps.lt\/lv\/wp-json\/wp\/v2\/media\/66122"}],"wp:attachment":[{"href":"https:\/\/kasima3.bcapps.lt\/lv\/wp-json\/wp\/v2\/media?parent=67433"}],"wp:term":[{"taxonomy":"product_brand","embeddable":true,"href":"https:\/\/kasima3.bcapps.lt\/lv\/wp-json\/wp\/v2\/product_brand?post=67433"},{"taxonomy":"product_cat","embeddable":true,"href":"https:\/\/kasima3.bcapps.lt\/lv\/wp-json\/wp\/v2\/product_cat?post=67433"},{"taxonomy":"product_tag","embeddable":true,"href":"https:\/\/kasima3.bcapps.lt\/lv\/wp-json\/wp\/v2\/product_tag?post=67433"}],"curies":[{"name":"wp","href":"https:\/\/api.w.org\/{rel}","templated":true}]}}