{"id":67521,"date":"2025-08-15T15:52:27","date_gmt":"2025-08-15T15:52:27","guid":{"rendered":"https:\/\/kasima3.bcapps.lt\/produktas\/bobcat-tl358-agri\/"},"modified":"2025-10-29T08:36:19","modified_gmt":"2025-10-29T08:36:19","slug":"bobcat-tl358-agri","status":"publish","type":"product","link":"https:\/\/kasima3.bcapps.lt\/lv\/produktas\/bobcat-tl358-agri\/","title":{"rendered":"Bobcat TL358+ AGRI"},"content":{"rendered":"<p>Teleskopiskais iekr\u0101v\u0113js Bobcat TL358+ AGRI lauksaimniec\u012bbai<br \/>\nLietuv\u0101 netiek izmantots.<\/p>\n<p>Gads: 2015<br \/>\nStundas: 4488<br \/>\nCeltsp\u0113ja: 3,5 t<br \/>\nPacel\u0161anas augstums: 6 m<br \/>\nDzin\u0113js: 100 ZS<br \/>\nMaksim\u0101lais \u0101trums: 35 km\/h<br \/>\nBrauk\u0161anas re\u017e\u012bmi: priek\u0161\u0113jais, aizmugur\u0113jais un krabis<br \/>\nApsild\u0101ma kab\u012bne<br \/>\nGaisa kondicionieris<br \/>\nHidrauliskie stiprin\u0101jumi<br \/>\nPiekabes sakabe<\/p>\n<p>Iekr\u0101v\u0113ji ir lab\u0101 darba k\u0101rt\u012bb\u0101, apkopoti un gatavi lieto\u0161anai &#8211; gatavi nekav\u0113joties s\u0101kt darbu.<\/p>\n<p>KASIMA noliktav\u0101 pieejama p\u0101rbaude un test\u0113\u0161ana<\/p>\n<p>Iesp\u0113jama apr\u012bkojuma pieg\u0101de uz j\u016bsu adresi<\/p>\n<p><a href=\"https:\/\/youtu.be\/9OXm6Qi24Vc\">https:\/\/youtu.be\/9OXm6Qi24Vc<\/a><\/p>\n","protected":false},"excerpt":{"rendered":"<p>Cena bez PVN<\/p>\n<p>Ra\u017eot\u0101js: Bobcat<br \/>\nModelis: TL358+ AGRI<br \/>\nZvans: <a href=\"tel:+37067607071\">+37067607071<\/a><br \/>\nE-pasts: <a href=\"mailto:sales@kasima.lt\">sales@kasima.lt<\/a><\/p>\n","protected":false},"featured_media":66912,"template":"","meta":{"_et_pb_use_builder":"","_et_pb_old_content":"","_et_gb_content_width":""},"product_brand":[],"product_cat":[176],"product_tag":[],"class_list":{"0":"post-67521","1":"product","2":"type-product","3":"status-publish","4":"has-post-thumbnail","6":"product_cat-lauksaimnieciba","8":"first","9":"instock","10":"taxable","11":"shipping-taxable","12":"purchasable","13":"product-type-simple"},"_links":{"self":[{"href":"https:\/\/kasima3.bcapps.lt\/lv\/wp-json\/wp\/v2\/product\/67521","targetHints":{"allow":["GET"]}}],"collection":[{"href":"https:\/\/kasima3.bcapps.lt\/lv\/wp-json\/wp\/v2\/product"}],"about":[{"href":"https:\/\/kasima3.bcapps.lt\/lv\/wp-json\/wp\/v2\/types\/product"}],"wp:featuredmedia":[{"embeddable":true,"href":"https:\/\/kasima3.bcapps.lt\/lv\/wp-json\/wp\/v2\/media\/66912"}],"wp:attachment":[{"href":"https:\/\/kasima3.bcapps.lt\/lv\/wp-json\/wp\/v2\/media?parent=67521"}],"wp:term":[{"taxonomy":"product_brand","embeddable":true,"href":"https:\/\/kasima3.bcapps.lt\/lv\/wp-json\/wp\/v2\/product_brand?post=67521"},{"taxonomy":"product_cat","embeddable":true,"href":"https:\/\/kasima3.bcapps.lt\/lv\/wp-json\/wp\/v2\/product_cat?post=67521"},{"taxonomy":"product_tag","embeddable":true,"href":"https:\/\/kasima3.bcapps.lt\/lv\/wp-json\/wp\/v2\/product_tag?post=67521"}],"curies":[{"name":"wp","href":"https:\/\/api.w.org\/{rel}","templated":true}]}}