{"id":67554,"date":"2025-08-18T08:36:40","date_gmt":"2025-08-18T08:36:40","guid":{"rendered":"https:\/\/kasima3.bcapps.lt\/produktas\/cat-303e-kausa-savienojums\/"},"modified":"2025-10-29T08:36:22","modified_gmt":"2025-10-29T08:36:22","slug":"cat-303e-kausa-savienojums","status":"publish","type":"product","link":"https:\/\/kasima3.bcapps.lt\/lv\/produktas\/cat-303e-kausa-savienojums\/","title":{"rendered":"CAT 303E kausa savienojums"},"content":{"rendered":"<p>Lietota ori\u0123in\u0101l\u0101 deta\u013ca, iz\u0146emta no CAT 303E CR mini ekskavatora.<br \/>\nOEM savienojums CAT mini ekskavatoriem.<br \/>\nPiln\u012bb\u0101 p\u0101rbaud\u012bts un gatavs uzst\u0101d\u012b\u0161anai.<br \/>\nPieg\u0101de vis\u0101 pasaul\u0113.<br \/>\nSvars un izm\u0113ri pieg\u0101dei:<br \/>\n\u2022 apm\u0113ram 3 kg<br \/>\n\u2022 400x200x50mm<br \/>\nKataloga numurs:<br \/>\n\u2022 344-4681<br \/>\n\u2022 344-4682<\/p>\n","protected":false},"excerpt":{"rendered":"<p>Cena bez PVN<\/p>\n<p>Ra\u017eot\u0101js: CAT<br \/>\nModelis: CAT303E045<br \/>\nZvaniet: <a href=\"tel:+37060842988\">+37060842988<\/a><br \/>\nE-pasts: <a href=\"mailto:usedparts@kasima.lt\">usedparts@kasima.lt<\/a><\/p>\n","protected":false},"featured_media":64596,"template":"","meta":{"_et_pb_use_builder":"","_et_pb_old_content":"","_et_gb_content_width":""},"product_brand":[],"product_cat":[518,318,452],"product_tag":[],"class_list":{"0":"post-67554","1":"product","2":"type-product","3":"status-publish","4":"has-post-thumbnail","6":"product_cat-cat-strony","7":"product_cat-lietotas-detalas","8":"product_cat-celtniecibas-tehnikas-dalas","10":"first","11":"instock","12":"taxable","13":"shipping-taxable","14":"product-type-simple"},"_links":{"self":[{"href":"https:\/\/kasima3.bcapps.lt\/lv\/wp-json\/wp\/v2\/product\/67554","targetHints":{"allow":["GET"]}}],"collection":[{"href":"https:\/\/kasima3.bcapps.lt\/lv\/wp-json\/wp\/v2\/product"}],"about":[{"href":"https:\/\/kasima3.bcapps.lt\/lv\/wp-json\/wp\/v2\/types\/product"}],"wp:featuredmedia":[{"embeddable":true,"href":"https:\/\/kasima3.bcapps.lt\/lv\/wp-json\/wp\/v2\/media\/64596"}],"wp:attachment":[{"href":"https:\/\/kasima3.bcapps.lt\/lv\/wp-json\/wp\/v2\/media?parent=67554"}],"wp:term":[{"taxonomy":"product_brand","embeddable":true,"href":"https:\/\/kasima3.bcapps.lt\/lv\/wp-json\/wp\/v2\/product_brand?post=67554"},{"taxonomy":"product_cat","embeddable":true,"href":"https:\/\/kasima3.bcapps.lt\/lv\/wp-json\/wp\/v2\/product_cat?post=67554"},{"taxonomy":"product_tag","embeddable":true,"href":"https:\/\/kasima3.bcapps.lt\/lv\/wp-json\/wp\/v2\/product_tag?post=67554"}],"curies":[{"name":"wp","href":"https:\/\/api.w.org\/{rel}","templated":true}]}}