{"id":67589,"date":"2025-08-12T06:03:47","date_gmt":"2025-08-12T06:03:47","guid":{"rendered":"https:\/\/kasima3.bcapps.lt\/produktas\/atra-savienosana-35-180-125-165-mm-mehaniska\/"},"modified":"2025-10-29T08:36:24","modified_gmt":"2025-10-29T08:36:24","slug":"atra-savienosana-35-180-125-165-mm-mehaniska","status":"publish","type":"product","link":"https:\/\/kasima3.bcapps.lt\/lv\/produktas\/atra-savienosana-35-180-125-165-mm-mehaniska\/","title":{"rendered":"\u0100tr\u0101 savieno\u0161ana 35-180-125\/165 mm, meh\u0101nisk\u0101"},"content":{"rendered":"<p>Uzticama un daudzpus\u012bga \u0101tr\u0101s sakabes ier\u012bce ekskavatoriem. \u0100trai un dro\u0161ai piederumu nomai\u0146ai.   <\/p>\n<p>SPECIFIK\u0100CIJAS:<br \/>\nBlo\u0137\u0113\u0161anas veids: meh\u0101nisks<br \/>\nTapas diametrs (D1=D2): 35mm<br \/>\nAtt\u0101lums starp bultas tapas centru (A1): 180mm<br \/>\nAtt\u0101lums starp kausa tapas centru (A2): 180mm<br \/>\nEkskavatora str\u0113les platums (W): 125\/165mm<br \/>\nAtt\u0101lums starp kausa aus\u012bm (W2): D1 aug\u0161\u0113j\u0101 tapa = 165mm\/D2 aug\u0161\u0113j\u0101 tapa = 125mm<br \/>\nRegul\u0113jams kausa blo\u0137\u0113\u0161anas g\u0101jiens (A2)<\/p>\n<p>\u0100tr\u0101 sakabe der Case CX20, Case CX22, Case CX22B, Case CX22B, Case CX23, Case CX27B, Daewoo Solar 027, Daewoo Solar 030, Doosan DX27Z, Doosan DX35Z, Hanix H26B, Hanix H29A, Hanix H30A, Hyundai R25Z-9A, Hyundai R27Z-9A, New Holland E25-2SR, New Holland E27-2SR, Takeuchi TB125, Takeuchi TB225, Takeuchi TB228, Takeuchi TB230, Takeuchi TB23R, Takeuchi TB28FR un citi specifik\u0101cij\u0101m atbilsto\u0161i ekskavatori.<\/p>\n","protected":false},"excerpt":{"rendered":"<p>Cena bez PVN<\/p>\n<p>Ra\u017eot\u0101js: ekskavatora \u0101tr\u0101 sakabe<br \/>\nModelis: M 35-180-125\/165<br \/>\nZvans: <a href=\"tel:+37067607071\">+37067607071<\/a><br \/>\nE-pasts: <a href=\"mailto:sales@kasima.lt\">sales@kasima.lt<\/a><\/p>\n","protected":false},"featured_media":65982,"template":"","meta":{"_et_pb_use_builder":"","_et_pb_old_content":"","_et_gb_content_width":""},"product_brand":[],"product_cat":[153,155,283,237,185],"product_tag":[],"class_list":{"0":"post-67589","1":"product","2":"type-product","3":"status-publish","4":"has-post-thumbnail","6":"product_cat-15-3-tonnas","7":"product_cat-jauns","8":"product_cat-ekskavatoru-atrie-savienotaji","9":"product_cat-citi-piederumi","10":"product_cat-ekskavators","12":"first","13":"instock","14":"taxable","15":"shipping-taxable","16":"purchasable","17":"product-type-simple"},"_links":{"self":[{"href":"https:\/\/kasima3.bcapps.lt\/lv\/wp-json\/wp\/v2\/product\/67589","targetHints":{"allow":["GET"]}}],"collection":[{"href":"https:\/\/kasima3.bcapps.lt\/lv\/wp-json\/wp\/v2\/product"}],"about":[{"href":"https:\/\/kasima3.bcapps.lt\/lv\/wp-json\/wp\/v2\/types\/product"}],"wp:featuredmedia":[{"embeddable":true,"href":"https:\/\/kasima3.bcapps.lt\/lv\/wp-json\/wp\/v2\/media\/65982"}],"wp:attachment":[{"href":"https:\/\/kasima3.bcapps.lt\/lv\/wp-json\/wp\/v2\/media?parent=67589"}],"wp:term":[{"taxonomy":"product_brand","embeddable":true,"href":"https:\/\/kasima3.bcapps.lt\/lv\/wp-json\/wp\/v2\/product_brand?post=67589"},{"taxonomy":"product_cat","embeddable":true,"href":"https:\/\/kasima3.bcapps.lt\/lv\/wp-json\/wp\/v2\/product_cat?post=67589"},{"taxonomy":"product_tag","embeddable":true,"href":"https:\/\/kasima3.bcapps.lt\/lv\/wp-json\/wp\/v2\/product_tag?post=67589"}],"curies":[{"name":"wp","href":"https:\/\/api.w.org\/{rel}","templated":true}]}}