{"id":67592,"date":"2025-08-12T08:44:43","date_gmt":"2025-08-12T08:44:43","guid":{"rendered":"https:\/\/kasima3.bcapps.lt\/produktas\/betona-maisitajs-cf-bmx160\/"},"modified":"2025-10-29T08:36:25","modified_gmt":"2025-10-29T08:36:25","slug":"betona-maisitajs-cf-bmx160","status":"publish","type":"product","link":"https:\/\/kasima3.bcapps.lt\/lv\/produktas\/betona-maisitajs-cf-bmx160\/","title":{"rendered":"Betona mais\u012bt\u0101js C&amp;F BMX160"},"content":{"rendered":"<p>SPECIFIK\u0100CIJAS:<br \/>\nMaksim\u0101lais tilpums: 200 l.<br \/>\nIeteicamais mais\u012bt\u0101ja tilpums: 160 l.<br \/>\nPiepild\u012bta mais\u012bt\u0101ja svars (aptuveni): 630 kg.<br \/>\nTuk\u0161a mais\u012bt\u0101ja svars: 250 kg.<br \/>\nBetona mais\u012bt\u0101ja platums: 1200 mm.<br \/>\nMaksim\u0101lais spiediens: 180 bar.<br \/>\nHidraulisk\u0101s e\u013c\u013cas darba pl\u016bsma: 45-65 l\/min.<\/p>\n<p>M\u0113s pied\u0101v\u0101jam Jums piln\u012bb\u0101 nokomplekt\u0113tu hidraulisko betona mais\u012bt\u0101ju, kas ir ra\u017eots It\u0101lij\u0101 un sertific\u0113ts darbam Eiropas Kopien\u0101. Mais\u012bt\u0101js ir apr\u012bkots ar betona izvades v\u0101rstu, ko kontrol\u0113 elektromotors, atverot un aizverot ar hidraulisk\u0101 sadal\u012bt\u0101ja pal\u012bdz\u012bbu, un ar mini iekr\u0101v\u0113ja balstiek\u0101rtu. Mais\u012bt\u0101js tiek p\u0101rdots komplekt\u0101 (betona izvad\u012b\u0161anas \u0161\u013c\u016btene, hidraulisk\u0101s \u0161\u013c\u016btenes un sprauslas, elektroniskie savienot\u0101ji un sl\u0113d\u017ei). Mais\u012bt\u0101js betonu sajauc abos virzienos. Tas ir apr\u012bkots ar M+S hidrauliskajiem s\u016bk\u0146iem un Bosh Rextroth hidrauliskajiem sadal\u012bt\u0101jiem. Mini iekr\u0101v\u0113ja betona mais\u012bt\u0101ja korpuss ir izgatavots no HB400, bet l\u0101psti\u0146as un v\u0101rpsta &#8211; no HB500 struktur\u0101l\u0101 t\u0113rauda. M\u0113s pied\u0101v\u0101jam 12 m\u0113ne\u0161u garantiju pret r\u016bpn\u012bcas defektiem. UAB &#8220;KASIMA&#8221; veic garantijas un p\u0113cgarantijas apkalpo\u0161anu<br \/>\nPRODUKTA PIEG\u0100DE:<br \/>\nPreces ir noliktav\u0101, t\u0101p\u0113c J\u016bs varat ierasties un apskat\u012bt t\u0101s kl\u0101tien\u0113. \u0100tra pieg\u0101de uz j\u016bsu adresi.<\/p>\n<p>\u0160is betona mais\u012bt\u0101js ir piem\u0113rots Bobcat, CAT, Gehl, Komatsu, Wacker Neuson, Gehlmax, Mustang, CASE, EUROCOMACH un citiem mini iekr\u0101v\u0113jiem.<\/p>\n","protected":false},"excerpt":{"rendered":"<p>Cena bez PVN<\/p>\n<p>Ra\u017eot\u0101js: C&amp;F<br \/>\nModelis: BMX 160E<br \/>\nZvans: <a href=\"tel:+37067607071\">+37067607071<\/a><br \/>\nE-pasts: <a href=\"mailto:sales@kasima.lt\">sales@kasima.lt<\/a><\/p>\n","protected":false},"featured_media":66197,"template":"","meta":{"_et_pb_use_builder":"","_et_pb_old_content":"","_et_gb_content_width":""},"product_brand":[],"product_cat":[153,154,155,152,185,151],"product_tag":[],"class_list":{"0":"post-67592","1":"product","2":"type-product","3":"status-publish","4":"has-post-thumbnail","6":"product_cat-15-3-tonnas","7":"product_cat-3-5-tonnas","8":"product_cat-jauns","9":"product_cat-betona-maisitaji","10":"product_cat-ekskavators","11":"product_cat-mini-iekraveji","13":"first","14":"instock","15":"taxable","16":"shipping-taxable","17":"purchasable","18":"product-type-simple"},"_links":{"self":[{"href":"https:\/\/kasima3.bcapps.lt\/lv\/wp-json\/wp\/v2\/product\/67592","targetHints":{"allow":["GET"]}}],"collection":[{"href":"https:\/\/kasima3.bcapps.lt\/lv\/wp-json\/wp\/v2\/product"}],"about":[{"href":"https:\/\/kasima3.bcapps.lt\/lv\/wp-json\/wp\/v2\/types\/product"}],"wp:featuredmedia":[{"embeddable":true,"href":"https:\/\/kasima3.bcapps.lt\/lv\/wp-json\/wp\/v2\/media\/66197"}],"wp:attachment":[{"href":"https:\/\/kasima3.bcapps.lt\/lv\/wp-json\/wp\/v2\/media?parent=67592"}],"wp:term":[{"taxonomy":"product_brand","embeddable":true,"href":"https:\/\/kasima3.bcapps.lt\/lv\/wp-json\/wp\/v2\/product_brand?post=67592"},{"taxonomy":"product_cat","embeddable":true,"href":"https:\/\/kasima3.bcapps.lt\/lv\/wp-json\/wp\/v2\/product_cat?post=67592"},{"taxonomy":"product_tag","embeddable":true,"href":"https:\/\/kasima3.bcapps.lt\/lv\/wp-json\/wp\/v2\/product_tag?post=67592"}],"curies":[{"name":"wp","href":"https:\/\/api.w.org\/{rel}","templated":true}]}}