{"id":7259,"date":"2022-12-27T13:58:06","date_gmt":"2022-12-27T13:58:06","guid":{"rendered":"https:\/\/kasima.lt\/shop\/uncategorized\/elektriskais-generators-genesal-energy\/"},"modified":"2025-10-29T08:31:33","modified_gmt":"2025-10-29T08:31:33","slug":"elektribas-generators-generators-genezes-energija","status":"publish","type":"product","link":"https:\/\/kasima3.bcapps.lt\/lv\/produktas\/elektribas-generators-generators-genezes-energija\/","title":{"rendered":"Elektriskais \u0123enerators Genesal Energy"},"content":{"rendered":"<p>Ra\u017eot\u0101js Genesal Energy<br \/>\nModelis GEN1000PC<br \/>\nSt\u0101voklis Lietots\/str\u0101d\u0101jo\u0161s<br \/>\nRa\u017eo\u0161anas valsts Sp\u0101nija<br \/>\nIzgatavo\u0161anas gads 2015<br \/>\nDzin\u0113ja tips PERKINS<br \/>\n\u0122eneratora tips Meccalte<br \/>\nJauda 1000 Kva<br \/>\nFrekvence 50 Hz<br \/>\nSpriegums 230\/400 V<br \/>\nPosmu skaits 3<br \/>\nDarba laiks 1990<\/p>\n<p>Pilns komplekts. Paredz\u0113ts lieto\u0161anai \u013coti zem\u0101s temperat\u016br\u0101s.<br \/>\nVisa dokument\u0101cija<br \/>\n\u013boti mazs darba stundu skaits<\/p>\n","protected":false},"excerpt":{"rendered":"<p>Cena bez PVN<\/p>\n<p>Ra\u017eot\u0101js: Genesal Energy<br \/>\nModelis: GEN1000PC<br \/>\nZvans: <a href=\"tel:+37067607071\">+37067607071<\/a><br \/>\nKontaktpersona: <a href=\"mailto:sales@kasima3.bcapps.lt\">sales@kasima3.bcapps.lt<\/a><\/p>\n","protected":false},"featured_media":16898,"template":"","meta":{"_et_pb_use_builder":"","_et_pb_old_content":"","_et_gb_content_width":""},"product_brand":[],"product_cat":[149,150],"product_tag":[],"class_list":{"0":"post-7259","1":"product","2":"type-product","3":"status-publish","4":"has-post-thumbnail","6":"product_cat-buvnieciba","7":"product_cat-cita-tehnika","9":"first","10":"instock","11":"taxable","12":"shipping-taxable","13":"product-type-simple"},"_links":{"self":[{"href":"https:\/\/kasima3.bcapps.lt\/lv\/wp-json\/wp\/v2\/product\/7259","targetHints":{"allow":["GET"]}}],"collection":[{"href":"https:\/\/kasima3.bcapps.lt\/lv\/wp-json\/wp\/v2\/product"}],"about":[{"href":"https:\/\/kasima3.bcapps.lt\/lv\/wp-json\/wp\/v2\/types\/product"}],"wp:featuredmedia":[{"embeddable":true,"href":"https:\/\/kasima3.bcapps.lt\/lv\/wp-json\/wp\/v2\/media\/16898"}],"wp:attachment":[{"href":"https:\/\/kasima3.bcapps.lt\/lv\/wp-json\/wp\/v2\/media?parent=7259"}],"wp:term":[{"taxonomy":"product_brand","embeddable":true,"href":"https:\/\/kasima3.bcapps.lt\/lv\/wp-json\/wp\/v2\/product_brand?post=7259"},{"taxonomy":"product_cat","embeddable":true,"href":"https:\/\/kasima3.bcapps.lt\/lv\/wp-json\/wp\/v2\/product_cat?post=7259"},{"taxonomy":"product_tag","embeddable":true,"href":"https:\/\/kasima3.bcapps.lt\/lv\/wp-json\/wp\/v2\/product_tag?post=7259"}],"curies":[{"name":"wp","href":"https:\/\/api.w.org\/{rel}","templated":true}]}}