{"id":7265,"date":"2023-01-07T15:11:09","date_gmt":"2023-01-07T15:11:09","guid":{"rendered":"https:\/\/kasima.lt\/shop\/uncategorized\/celmu-smalcinatajs-valentini-apache-2300\/"},"modified":"2025-10-29T08:31:33","modified_gmt":"2025-10-29T08:31:33","slug":"celms-fresco-valentina-apache-2300","status":"publish","type":"product","link":"https:\/\/kasima3.bcapps.lt\/lv\/produktas\/celms-fresco-valentina-apache-2300\/","title":{"rendered":"Celmu smalcin\u0101t\u0101js Valentini Apache 2300"},"content":{"rendered":"<p>SPECIFIK\u0100CIJAS:<br \/>\nIeteicam\u0101 traktora jauda: 125 l\u012bdz 206 Kw, 170 l\u012bdz 280 ZS;<br \/>\nDarba dzi\u013cums l\u012bdz: 25 cm.<br \/>\nValentini 4G reduktors;<br \/>\nRotora diametrs: 635 mm.<br \/>\nRotora apgriezienu skaits: 324 apgr.\/min;<br \/>\nKlo\u0137v\u0101rpstas \u0101trums 1000 apgr.\/min<br \/>\nDarba platums: 2325 mm.<br \/>\nKop\u0113jais platums: 2710 mm.<br \/>\nZobu skaits: 86.<br \/>\nTr\u012bspunktu sakabes sist\u0113ma<\/p>\n<p>M\u0113s pied\u0101v\u0101jam jums me\u017ea un celmu fr\u0113zi profesion\u0101lai traktortehnikas darb\u012bbai. \u0160\u012b me\u017ea un celmu smalcin\u0101t\u0101ja ir lieliski piem\u0113rota intens\u012bvam darbam \u012bpa\u0161i smagos apst\u0101k\u013cos. To var izmantot, lai sasmalcin\u0101tu augu, akme\u0146ainas vai citas augsnes. Traktora me\u017ea un celmu fr\u0113zes galven\u0101s priek\u0161roc\u012bbas ir \u0161\u0101das: tai ir zobrata un zobrata p\u0101rnesumk\u0101rba (daudz iztur\u012bg\u0101ks piedzi\u0146as veids nek\u0101 siksnu piedzi\u0146ai), hidrauliskie priek\u0161\u0113jie un aizmugur\u0113jie v\u0101rsti, hidraulisk\u0101 augstuma regul\u0113\u0161ana. \u0160im me\u017ea un celmu smalcin\u0101t\u0101jam ir \u013coti nodilumiztur\u012bgs korpuss, nomain\u0101mas nodilumizstr\u0101d\u0101jam\u0101s da\u013cas un \u012bpa\u0161i sp\u0113c\u012bgi zobi, kas nebaid\u0101s no akme\u0146iem vai betona atkritumiem un var sasmalcin\u0101t \u0161os materi\u0101lus. M\u0113s pied\u0101v\u0101jam 12 m\u0113ne\u0161u garantiju pret r\u016bpn\u012bcas defektiem. KASIMA UAB nodro\u0161ina garantijas un p\u0113cgarantijas apkalpo\u0161anu.<br \/>\nPRE\u010cU PIEG\u0100DE:<br \/>\nMums ir preces uz vietas, lai j\u016bs var\u0113tu ierasties un apskat\u012bt t\u0101s kl\u0101tien\u0113.<br \/>\n\u0100tra pieg\u0101de uz j\u016bsu adresi.<br \/>\n&#8212;&#8212;&#8212;&#8212;&#8212;&#8212;&#8212;&#8212;&#8212;&#8212;&#8212;&#8212;&#8212;&#8212;&#8212;&#8212;&#8212;&#8212;&#8212;-<br \/>\n\u0160is mul\u010d\u0113t\u0101js ir piem\u0113rots \u0161\u0101du marku traktoriem: John Deere, Fendt, CASE, New Holland, Valtra, Caterpiller, Claas, Deutzfahr, Massey Ferguson un citiem traktoriem ar kard\u0101na \u0161arn\u012bra funkciju.<\/p>\n","protected":false},"excerpt":{"rendered":"<p>Cena bez PVN<\/p>\n<p>Z\u012bmols: Valentini<br \/>\nModelis: Apache 2300<br \/>\nZvans: <a href=\"tel:+37067607071\">+37067607071<\/a><br \/>\nKontaktpersona: <a href=\"mailto:sales@kasima3.bcapps.lt\">sales@kasima3.bcapps.lt<\/a><\/p>\n","protected":false},"featured_media":6026,"template":"","meta":{"_et_pb_use_builder":"","_et_pb_old_content":"","_et_gb_content_width":""},"product_brand":[],"product_cat":[176,155,182,220,163,179],"product_tag":[],"class_list":{"0":"post-7265","1":"product","2":"type-product","3":"status-publish","4":"has-post-thumbnail","6":"product_cat-lauksaimnieciba","7":"product_cat-jauns","8":"product_cat-mulceri","9":"product_cat-augsnes-stabilizatori-un-akmens-frezes","10":"product_cat-traktors","11":"product_cat-zemes-griezeji","13":"first","14":"outofstock","15":"taxable","16":"shipping-taxable","17":"product-type-simple"},"_links":{"self":[{"href":"https:\/\/kasima3.bcapps.lt\/lv\/wp-json\/wp\/v2\/product\/7265","targetHints":{"allow":["GET"]}}],"collection":[{"href":"https:\/\/kasima3.bcapps.lt\/lv\/wp-json\/wp\/v2\/product"}],"about":[{"href":"https:\/\/kasima3.bcapps.lt\/lv\/wp-json\/wp\/v2\/types\/product"}],"wp:featuredmedia":[{"embeddable":true,"href":"https:\/\/kasima3.bcapps.lt\/lv\/wp-json\/wp\/v2\/media\/6026"}],"wp:attachment":[{"href":"https:\/\/kasima3.bcapps.lt\/lv\/wp-json\/wp\/v2\/media?parent=7265"}],"wp:term":[{"taxonomy":"product_brand","embeddable":true,"href":"https:\/\/kasima3.bcapps.lt\/lv\/wp-json\/wp\/v2\/product_brand?post=7265"},{"taxonomy":"product_cat","embeddable":true,"href":"https:\/\/kasima3.bcapps.lt\/lv\/wp-json\/wp\/v2\/product_cat?post=7265"},{"taxonomy":"product_tag","embeddable":true,"href":"https:\/\/kasima3.bcapps.lt\/lv\/wp-json\/wp\/v2\/product_tag?post=7265"}],"curies":[{"name":"wp","href":"https:\/\/api.w.org\/{rel}","templated":true}]}}