{"id":7275,"date":"2023-01-07T15:11:09","date_gmt":"2023-01-07T15:11:09","guid":{"rendered":"https:\/\/kasima.lt\/shop\/uncategorized\/vibracijas-plaksnu-pulesanas-iekarta-ksm-cp04\/"},"modified":"2025-10-29T08:31:34","modified_gmt":"2025-10-29T08:31:34","slug":"vibroplate-poliakale-ksm-cp04","status":"publish","type":"product","link":"https:\/\/kasima3.bcapps.lt\/lv\/produktas\/vibroplate-poliakale-ksm-cp04\/","title":{"rendered":"Vibr\u0101cijas pl\u0101k\u0161\u0146u &#8211; P\u0101\u013cu \u0101murs KSM CP04"},"content":{"rendered":"<p>SPECIFIK\u0100CIJAS:<br \/>\nSvars 295 kg.<br \/>\nVibr\u0101cijas frekvence: 2000 bpm;<br \/>\nJauda: 4 t.<br \/>\nHidraulisk\u0101s pl\u016bsmas \u0101trums: 45-75 l\/min.<br \/>\nHidrauliskais darba spiediens: 100-130 bar.<br \/>\nPamatnes izm\u0113ri: 900&#215;550 mm.<\/p>\n<p>Vibropl\u0101ksnei\/P\u0101\u013cu \u0101murs ir izcila veiktsp\u0113ja. To izmanto viet\u0101s, kur nepiecie\u0161ama efekt\u012bva augsnes sabl\u012bv\u0113\u0161ana. Poliafosf\u0101tu pla\u0161i izmanto koka vai met\u0101la mietu kal\u0161anai, un tas ir piem\u0113rots ar\u012b tran\u0161eju bl\u012bv\u0113\u0161anai. Tas \u013cauj \u0101tri un bez piep\u016bles uzst\u0101d\u012bt \u017eogu vai citu \u017eogu stabus.<br \/>\nPRE\u010cU PIEG\u0100DE:<br \/>\nProdukts mums ir uz vietas, t\u0101p\u0113c t\u0101 pieg\u0101de jums neaiz\u0146ems daudz laika. J\u016bs esat laipni aicin\u0101ti apmekl\u0113t m\u016bs, lai apskat\u012btu produktu.<br \/>\n\u0160\u012b vibroplate ir piem\u0113rota Atlas, Bobcat, CASE, Caterpillar, CAT, Doosan, Eurocomach, Gehl, Hitachi, JCB, Komatsu, Liebherr, Liebherr, New Holland, Terex, Wacker, Neuson, Volvo un cit\u0101m iek\u0101rt\u0101m.<\/p>\n","protected":false},"excerpt":{"rendered":"<p>Cena bez PVN<\/p>\n<p>Ra\u017eot\u0101js: KSM<br \/>\nModelis: CP04<br \/>\nZvans: <a href=\"tel:+37067607071\">+37067607071<\/a><br \/>\nKontaktpersona: <a href=\"mailto:sales@kasima3.bcapps.lt\">sales@kasima3.bcapps.lt<\/a><\/p>\n","protected":false},"featured_media":6258,"template":"","meta":{"_et_pb_use_builder":"","_et_pb_old_content":"","_et_gb_content_width":""},"product_brand":[],"product_cat":[154,166,168,155,185,186],"product_tag":[],"class_list":{"0":"post-7275","1":"product","2":"type-product","3":"status-publish","4":"has-post-thumbnail","6":"product_cat-3-5-tonnas","7":"product_cat-5-7-tonnas","8":"product_cat-7-10-tonnas","9":"product_cat-jauns","10":"product_cat-ekskavators","11":"product_cat-vibropleves-poliepaklaji","13":"first","14":"instock","15":"taxable","16":"shipping-taxable","17":"purchasable","18":"product-type-simple"},"_links":{"self":[{"href":"https:\/\/kasima3.bcapps.lt\/lv\/wp-json\/wp\/v2\/product\/7275","targetHints":{"allow":["GET"]}}],"collection":[{"href":"https:\/\/kasima3.bcapps.lt\/lv\/wp-json\/wp\/v2\/product"}],"about":[{"href":"https:\/\/kasima3.bcapps.lt\/lv\/wp-json\/wp\/v2\/types\/product"}],"wp:featuredmedia":[{"embeddable":true,"href":"https:\/\/kasima3.bcapps.lt\/lv\/wp-json\/wp\/v2\/media\/6258"}],"wp:attachment":[{"href":"https:\/\/kasima3.bcapps.lt\/lv\/wp-json\/wp\/v2\/media?parent=7275"}],"wp:term":[{"taxonomy":"product_brand","embeddable":true,"href":"https:\/\/kasima3.bcapps.lt\/lv\/wp-json\/wp\/v2\/product_brand?post=7275"},{"taxonomy":"product_cat","embeddable":true,"href":"https:\/\/kasima3.bcapps.lt\/lv\/wp-json\/wp\/v2\/product_cat?post=7275"},{"taxonomy":"product_tag","embeddable":true,"href":"https:\/\/kasima3.bcapps.lt\/lv\/wp-json\/wp\/v2\/product_tag?post=7275"}],"curies":[{"name":"wp","href":"https:\/\/api.w.org\/{rel}","templated":true}]}}