{"id":7280,"date":"2022-12-29T11:12:58","date_gmt":"2022-12-29T11:12:58","guid":{"rendered":"https:\/\/kasima.lt\/shop\/uncategorized\/betona-maisitaji-cf-bmx350\/"},"modified":"2025-10-29T08:31:34","modified_gmt":"2025-10-29T08:31:34","slug":"betona-maisitajs-cf-bmx350","status":"publish","type":"product","link":"https:\/\/kasima3.bcapps.lt\/lv\/produktas\/betona-maisitajs-cf-bmx350\/","title":{"rendered":"Betona mais\u012bt\u0101ji C&amp;F BMX350"},"content":{"rendered":"<p>SPECIFIK\u0100CIJAS:<br \/>\nMaksim\u0101lais tilpums: 410 l.<br \/>\nIeteicam\u0101 mais\u012bt\u0101ja ietilp\u012bba: 350 l.<br \/>\nPiepild\u012bta mais\u012bt\u0101ja svars (aptuveni): 1275 kg.<br \/>\nTuk\u0161a mais\u012bt\u0101ja svars: 410 kg.<br \/>\nBetona mais\u012bt\u0101ja platums: 1600 mm.<br \/>\nMaksim\u0101lais spiediens: 180 bar.<br \/>\nHidraulisk\u0101s e\u013c\u013cas pl\u016bsmas \u0101trums: 50-75 l\/min.<\/p>\n<p>M\u0113s pied\u0101v\u0101jam Jums piln\u012bb\u0101 nokomplekt\u0113tu hidraulisko betona mais\u012bt\u0101ju, kas ir ra\u017eots It\u0101lij\u0101 un sertific\u0113ts darbam Eiropas Kopien\u0101. Mais\u012bt\u0101js ir apr\u012bkots ar betona izkrau\u0161anas v\u0101rstu, ko kontrol\u0113 elektromotors un atver un aizver hidrauliskais sadal\u012bt\u0101js. Mais\u012bt\u0101js tiek p\u0101rdots komplekt\u0101 (betona izvad\u012b\u0161anas \u0161\u013c\u016btene, hidraulisk\u0101s \u0161\u013c\u016btenes un sprauslas, elektroniskie savienot\u0101ji un sl\u0113d\u017ei). Mais\u012bt\u0101js betonu sajauc abos virzienos. Tas ir apr\u012bkots ar M+S hidrauliskajiem s\u016bk\u0146iem un Bosh Rextroth hidrauliskajiem sadal\u012bt\u0101jiem. Mini iekr\u0101v\u0113ja betona mais\u012bt\u0101ja korpuss ir izgatavots no HB400, bet l\u0101psti\u0146as un v\u0101rpsta &#8211; no HB500 struktur\u0101l\u0101 t\u0113rauda. M\u0113s pied\u0101v\u0101jam 12 m\u0113ne\u0161u garantiju pret r\u016bpn\u012bcas defektiem. SIA KASIMA nodro\u0161ina garantijas un p\u0113cgarantijas apkalpo\u0161anu<br \/>\nPRE\u010cU PIEG\u0100DE:<br \/>\nMums ir preces uz vietas, lai j\u016bs var\u0113tu ierasties un apskat\u012bt t\u0101s kl\u0101tien\u0113. \u0100tra pieg\u0101de uz j\u016bsu adresi.<br \/>\n&#8212;&#8212;&#8212;&#8212;&#8212;&#8212;&#8212;&#8212;&#8212;&#8212;&#8212;&#8212;&#8212;&#8212;&#8212;&#8212;&#8212;&#8212;&#8212;&#8212;&#8211;<br \/>\n\u0160is betona mais\u012bt\u0101js ir piem\u0113rots Bobcat, CAT, Gehl, Takeuchi, Manitou, Komatsu, Wacker Neuson, Gehlmax, New Holland, JCB, Mustang, CASE, EUROCOMACH, Doosan, Caterpillar un citiem iekr\u0101v\u0113jiem.<br \/>\nPar papildu samaksu m\u0113s varam uzst\u0101d\u012bt betona mais\u012bt\u0101ja balstiek\u0101rtu j\u016bsu kravas automa\u0161\u012bnai.<\/p>\n","protected":false},"excerpt":{"rendered":"<p>Cena bez PVN<\/p>\n<p>Ra\u017eot\u0101js: C&amp;F<br \/>\nModelis: BMX 350<br \/>\nZvans: <a href=\"tel:+37067607071\">+37067607071<\/a><br \/>\nKontaktpersona: <a href=\"mailto:sales@kasima3.bcapps.lt\">sales@kasima3.bcapps.lt<\/a><\/p>\n","protected":false},"featured_media":7063,"template":"","meta":{"_et_pb_use_builder":"","_et_pb_old_content":"","_et_gb_content_width":""},"product_brand":[],"product_cat":[153,154,155,152,151],"product_tag":[],"class_list":{"0":"post-7280","1":"product","2":"type-product","3":"status-publish","4":"has-post-thumbnail","6":"product_cat-15-3-tonnas","7":"product_cat-3-5-tonnas","8":"product_cat-jauns","9":"product_cat-betona-maisitaji","10":"product_cat-mini-iekraveji","12":"first","13":"instock","14":"taxable","15":"shipping-taxable","16":"purchasable","17":"product-type-simple"},"_links":{"self":[{"href":"https:\/\/kasima3.bcapps.lt\/lv\/wp-json\/wp\/v2\/product\/7280","targetHints":{"allow":["GET"]}}],"collection":[{"href":"https:\/\/kasima3.bcapps.lt\/lv\/wp-json\/wp\/v2\/product"}],"about":[{"href":"https:\/\/kasima3.bcapps.lt\/lv\/wp-json\/wp\/v2\/types\/product"}],"wp:featuredmedia":[{"embeddable":true,"href":"https:\/\/kasima3.bcapps.lt\/lv\/wp-json\/wp\/v2\/media\/7063"}],"wp:attachment":[{"href":"https:\/\/kasima3.bcapps.lt\/lv\/wp-json\/wp\/v2\/media?parent=7280"}],"wp:term":[{"taxonomy":"product_brand","embeddable":true,"href":"https:\/\/kasima3.bcapps.lt\/lv\/wp-json\/wp\/v2\/product_brand?post=7280"},{"taxonomy":"product_cat","embeddable":true,"href":"https:\/\/kasima3.bcapps.lt\/lv\/wp-json\/wp\/v2\/product_cat?post=7280"},{"taxonomy":"product_tag","embeddable":true,"href":"https:\/\/kasima3.bcapps.lt\/lv\/wp-json\/wp\/v2\/product_tag?post=7280"}],"curies":[{"name":"wp","href":"https:\/\/api.w.org\/{rel}","templated":true}]}}