{"id":7291,"date":"2023-01-07T15:11:09","date_gmt":"2023-01-07T15:11:09","guid":{"rendered":"https:\/\/kasima.lt\/shop\/uncategorized\/stura-slota-wolverine-72\/"},"modified":"2025-10-29T08:31:34","modified_gmt":"2025-10-29T08:31:34","slug":"kampine-slot-wolverine-72","status":"publish","type":"product","link":"https:\/\/kasima3.bcapps.lt\/lv\/produktas\/kampine-slot-wolverine-72\/","title":{"rendered":"St\u016bra slota Wolverine 72"},"content":{"rendered":"<p>SPECIFIK\u0100CIJAS:<\/p>\n<p>St\u016bra slotas platums: 183 cm.<br \/>\nSt\u016bra slotas kop\u0113jais platums: 220 cm.<br \/>\nSt\u016bra slotas garums: 110 cm.<br \/>\nSt\u016bra slotas augstums: 60 cm.<br \/>\nSt\u016bra slotas svars: 240 kg.<br \/>\nDarba pl\u016bsma l\u012bdz 90 l\/min.<br \/>\nRegul\u0113jams slauc\u012b\u0161anas segmenta augstums<br \/>\nE\u013c\u013coti gult\u0146i<br \/>\nPiekare: sl\u012bdo\u0161\u0101 st\u016bre<\/p>\n<p>M\u0113s pied\u0101v\u0101jam pilnu Wolverine le\u0146\u0137a slotu net\u012brumu, sniega un citu nev\u0113lamu materi\u0101lu slauc\u012b\u0161anai ar mini iekr\u0101v\u0113ju. Sloti\u0146u komplekt\u0101 ietilpst: hidraulisk\u0101s \u0161\u013c\u016btenes, savienojuma uzga\u013ci. Slotas le\u0146\u0137a slotas slauc\u012b\u0161anas le\u0146\u0137i var piel\u0101got atbilsto\u0161i vajadz\u012bb\u0101m, pagrie\u017eot slotu abos virzienos.<br \/>\nMini iekr\u0101v\u0113ja le\u0146\u0137a slota tiek pieg\u0101d\u0101ta ar 12 m\u0113ne\u0161u garantiju, kas sedz r\u016bpn\u012bcas defektus. SIA KASIMA nodro\u0161ina garantijas un p\u0113cgarantijas apkalpo\u0161anu.<br \/>\nIZSTR\u0100DE\u013bU PIEG\u0100DE:<br \/>\nIzstr\u0101d\u0101jumi ir m\u016bsu noliktav\u0101, lai j\u016bs var\u0113tu ierasties un apskat\u012bt tos kl\u0101tien\u0113.<br \/>\n &#8212;&#8212;&#8212;&#8212;&#8212;&#8212;&#8212;&#8212;&#8212;&#8212;&#8212;&#8212;&#8212;&#8212;&#8212;&#8212;&#8212;&#8212;&#8212;&#8212;&#8211;<br \/>\n\u0160\u012b le\u0146\u0137a slota ir piem\u0113rota \u0161\u0101diem autoiekr\u0101v\u0113ju mode\u013ciem: Bobcat, CAT, Gehl, Takeuchi, Manitou, Komatsu, Wacker Neuson, Terex, New Holland, JCB, Mustang, CASE, EUROCOMACH, Doosan, Caterpillar u. c.<br \/>\n*Par papildu samaksu autoiekr\u0101v\u0113ja savienojumam var pievienot adapteri.  <\/p>\n","protected":false},"excerpt":{"rendered":"<p>Cena bez PVN<\/p>\n<p>Ra\u017eot\u0101js: Wolverine<br \/>\nModelis: Angle Broom 72<br \/>\nZvans: <a href=\"tel:+37067607071\">+37067607071<\/a><br \/>\nE-pasts: <a href=\"mailto:sales@kasima3.bcapps.lt\">sales@kasima3.bcapps.lt<\/a><\/p>\n","protected":false},"featured_media":5950,"template":"","meta":{"_et_pb_use_builder":"","_et_pb_old_content":"","_et_gb_content_width":""},"product_brand":[],"product_cat":[153,154,155,291,151],"product_tag":[],"class_list":{"0":"post-7291","1":"product","2":"type-product","3":"status-publish","4":"has-post-thumbnail","6":"product_cat-15-3-tonnas","7":"product_cat-3-5-tonnas","8":"product_cat-jauns","9":"product_cat-hidrauliskas-slotas-lv","10":"product_cat-mini-iekraveji","12":"first","13":"instock","14":"taxable","15":"shipping-taxable","16":"purchasable","17":"product-type-simple"},"_links":{"self":[{"href":"https:\/\/kasima3.bcapps.lt\/lv\/wp-json\/wp\/v2\/product\/7291","targetHints":{"allow":["GET"]}}],"collection":[{"href":"https:\/\/kasima3.bcapps.lt\/lv\/wp-json\/wp\/v2\/product"}],"about":[{"href":"https:\/\/kasima3.bcapps.lt\/lv\/wp-json\/wp\/v2\/types\/product"}],"wp:featuredmedia":[{"embeddable":true,"href":"https:\/\/kasima3.bcapps.lt\/lv\/wp-json\/wp\/v2\/media\/5950"}],"wp:attachment":[{"href":"https:\/\/kasima3.bcapps.lt\/lv\/wp-json\/wp\/v2\/media?parent=7291"}],"wp:term":[{"taxonomy":"product_brand","embeddable":true,"href":"https:\/\/kasima3.bcapps.lt\/lv\/wp-json\/wp\/v2\/product_brand?post=7291"},{"taxonomy":"product_cat","embeddable":true,"href":"https:\/\/kasima3.bcapps.lt\/lv\/wp-json\/wp\/v2\/product_cat?post=7291"},{"taxonomy":"product_tag","embeddable":true,"href":"https:\/\/kasima3.bcapps.lt\/lv\/wp-json\/wp\/v2\/product_tag?post=7291"}],"curies":[{"name":"wp","href":"https:\/\/api.w.org\/{rel}","templated":true}]}}