{"id":7296,"date":"2023-01-07T15:11:09","date_gmt":"2023-01-07T15:11:09","guid":{"rendered":"https:\/\/kasima.lt\/shop\/uncategorized\/wolverine-tiller-72-mini-iekraveja-zemes-frezesanas-masina\/"},"modified":"2025-10-29T08:31:34","modified_gmt":"2025-10-29T08:31:34","slug":"mini-iekraveji-zemes-saldetava-wolverine-tiller-72","status":"publish","type":"product","link":"https:\/\/kasima3.bcapps.lt\/lv\/produktas\/mini-iekraveji-zemes-saldetava-wolverine-tiller-72\/","title":{"rendered":"Wolverine Tiller 72 mini iekr\u0101v\u0113ja Zemes fr\u0113ze"},"content":{"rendered":"<p>SPECIFIK\u0100CIJAS:<br \/>\nKop\u0113jais platums: 220 cm.<br \/>\nFr\u0113zes platums: 183 cm.<br \/>\nSvars: 420 kg.<br \/>\nFr\u0113z\u0113\u0161anas dzi\u013cums l\u012bdz 15 cm.<br \/>\nStandarta pl\u016bsma l\u012bdz 90 l\/min (nav nepiecie\u0161ama liela pl\u016bsma).<\/p>\n<p>M\u0113s pied\u0101v\u0101jam jums Wolverine zemes fr\u0113zi, kas paredz\u0113ta lieto\u0161anai ar sl\u012bdkr\u0101v\u0113ju. Zemes fr\u0113z\u0113\u0161anas ma\u0161\u012bna ir piln\u012bb\u0101 apr\u012bkota ar hidrauliskaj\u0101m \u0161\u013c\u016bten\u0113m, hidrauliskajiem savienojuma uzga\u013ciem. Grie\u0161anas dzi\u013cumu var regul\u0113t uz fl\u012bzes. M\u0113s pied\u0101v\u0101jam 12 m\u0113ne\u0161u garantiju pret r\u016bpn\u012bcas defektiem. KASIMA UAB nodro\u0161ina garantijas un p\u0113cgarantijas apkalpo\u0161anu.<\/p>\n<p>PRE\u010cU PIEG\u0100DE:<br \/>\nMums ir preces uz vietas, lai j\u016bs var\u0113tu ierasties un apskat\u012bt t\u0101s kl\u0101tien\u0113.<br \/>\n\u0100tra pieg\u0101de uz j\u016bsu adresi.<br \/>\n&#8212;&#8212;&#8212;&#8212;&#8212;&#8212;&#8212;&#8212;&#8212;&#8212;&#8212;&#8212;&#8212;&#8212;&#8212;&#8212;&#8212;&#8212;&#8212;-<br \/>\nZemes fr\u0113ze iek\u0101rta ir piem\u0113rota \u0161\u0101du z\u012bmolu iekr\u0101v\u0113ji: Bobcat, CAT, Gehl, Takeuchi, Manitou, Kamatsu, Wacker Nousen, Terex, New Holland, JCB, Mustang, CASE, EUROCOMACH, Doosan, Caterpillar un citi.<\/p>\n","protected":false},"excerpt":{"rendered":"<p>Cena bez PVN<\/p>\n<p>Ra\u017eot\u0101js: Wolverine<br \/>\nModelis: Tiller 72<br \/>\nZvans: <a href=\"tel:+37067607071\">+37067607071<\/a><br \/>\nKontaktpersona: <a href=\"mailto:sales@kasima3.bcapps.lt\">sales@kasima3.bcapps.lt<\/a><\/p>\n","protected":false},"featured_media":6182,"template":"","meta":{"_et_pb_use_builder":"","_et_pb_old_content":"","_et_gb_content_width":""},"product_brand":[],"product_cat":[153,154,155,151,179],"product_tag":[],"class_list":{"0":"post-7296","1":"product","2":"type-product","3":"status-publish","4":"has-post-thumbnail","6":"product_cat-15-3-tonnas","7":"product_cat-3-5-tonnas","8":"product_cat-jauns","9":"product_cat-mini-iekraveji","10":"product_cat-zemes-griezeji","12":"first","13":"instock","14":"taxable","15":"shipping-taxable","16":"purchasable","17":"product-type-simple"},"_links":{"self":[{"href":"https:\/\/kasima3.bcapps.lt\/lv\/wp-json\/wp\/v2\/product\/7296","targetHints":{"allow":["GET"]}}],"collection":[{"href":"https:\/\/kasima3.bcapps.lt\/lv\/wp-json\/wp\/v2\/product"}],"about":[{"href":"https:\/\/kasima3.bcapps.lt\/lv\/wp-json\/wp\/v2\/types\/product"}],"wp:featuredmedia":[{"embeddable":true,"href":"https:\/\/kasima3.bcapps.lt\/lv\/wp-json\/wp\/v2\/media\/6182"}],"wp:attachment":[{"href":"https:\/\/kasima3.bcapps.lt\/lv\/wp-json\/wp\/v2\/media?parent=7296"}],"wp:term":[{"taxonomy":"product_brand","embeddable":true,"href":"https:\/\/kasima3.bcapps.lt\/lv\/wp-json\/wp\/v2\/product_brand?post=7296"},{"taxonomy":"product_cat","embeddable":true,"href":"https:\/\/kasima3.bcapps.lt\/lv\/wp-json\/wp\/v2\/product_cat?post=7296"},{"taxonomy":"product_tag","embeddable":true,"href":"https:\/\/kasima3.bcapps.lt\/lv\/wp-json\/wp\/v2\/product_tag?post=7296"}],"curies":[{"name":"wp","href":"https:\/\/api.w.org\/{rel}","templated":true}]}}