{"id":7300,"date":"2022-12-29T11:12:59","date_gmt":"2022-12-29T11:12:59","guid":{"rendered":"https:\/\/kasima.lt\/shop\/uncategorized\/betona-maisitaji-cf-bmx450t\/"},"modified":"2025-10-29T08:31:34","modified_gmt":"2025-10-29T08:31:34","slug":"betona-maisitajs-cf-bmx450t","status":"publish","type":"product","link":"https:\/\/kasima3.bcapps.lt\/lv\/produktas\/betona-maisitajs-cf-bmx450t\/","title":{"rendered":"Betona mais\u012bt\u0101ji C&amp;F BMX450T"},"content":{"rendered":"<p>SPECIFIK\u0100CIJAS:<br \/>\nBetona mais\u012bt\u0101ja maksim\u0101l\u0101 ietilp\u012bba: 520 l.<br \/>\nIeteicam\u0101 betona mais\u012bt\u0101ja tilpums: 450 l.<br \/>\nPiepild\u012bta betona mais\u012bt\u0101ja svars (aptuveni): 1570 kg.<br \/>\nTuk\u0161a betona mais\u012bt\u0101ja svars: 440 kg.<br \/>\nBetona mais\u012bt\u0101ja platums: 1600 mm.<br \/>\nMaksim\u0101lais betona mais\u012bt\u0101ja spiediens: 180 bar.<br \/>\nHidraulisk\u0101s e\u013c\u013cas pl\u016bsmas \u0101trums: 75-125 l\/min.<\/p>\n<p>M\u0113s pied\u0101v\u0101jam Jums hidraulisko betona mais\u012bt\u0101ju priek\u0161\u0113jiem, teleskopiskajiem vai rite\u0146u iekr\u0101v\u0113jiem. Mais\u012bt\u0101js ir apr\u012bkots ar betona izkrau\u0161anas v\u0101rstu, ko kontrol\u0113 elektromotors un atver un aizver hidrauliskais sadal\u012bt\u0101js. Mais\u012bt\u0101js tiek p\u0101rdots komplekt\u0101 (betona izvad\u012b\u0161anas \u0161\u013c\u016btene, hidraulisk\u0101s \u0161\u013c\u016btenes un sprauslas, elektriskie savienojumi un sl\u0113d\u017ei). It\u0101lij\u0101 ra\u017eots betona mais\u012bt\u0101js, sertific\u0113ts darbam Eiropas Kopien\u0101. M\u0113s pied\u0101v\u0101jam 12 m\u0113ne\u0161u garantiju pret r\u016bpn\u012bcas defektiem. KASIMA UAB nodro\u0161ina garantijas un p\u0113cgarantijas apkalpo\u0161anu. Hidrauliskie betona mais\u012bt\u0101ji ir apr\u012bkoti ar M+S hidrauliskajiem s\u016bk\u0146iem un Bosh Rextroth hidraulisko sadal\u012bt\u0101ju. Betona mais\u012bt\u0101ja korpuss ir izgatavots no HB400 struktur\u0101l\u0101 t\u0113rauda, bet l\u0101psti\u0146as un v\u0101rpsta &#8211; no HB500. Mais\u012bt\u0101js betonu sajauc abos virzienos, hidraulisk\u0101 motora griezes moments tiek p\u0101rraid\u012bts ar \u0137\u0113des pal\u012bdz\u012bbu, bet betona izvades v\u0101rstu atver hidrauliskais sadal\u012bt\u0101js.<\/p>\n<p>Produkts mums ir uz vietas, t\u0101p\u0113c t\u0101 pieg\u0101de jums neaiz\u0146ems daudz laika. J\u016bs esat laipni aicin\u0101ti apmekl\u0113t m\u016bs, lai apskat\u012btu produktu.<br \/>\nPRE\u010cU PIEG\u0100DE:<br \/>\nMums ir preces uz vietas, lai j\u016bs var\u0113tu ierasties un apskat\u012bt t\u0101s kl\u0101tien\u0113.<br \/>\n\u0100tra pieg\u0101de uz j\u016bsu adresi.<br \/>\n&#8212;&#8212;&#8212;&#8212;&#8212;&#8212;&#8212;&#8212;&#8212;&#8212;&#8212;&#8212;&#8212;&#8212;&#8212;&#8212;&#8212;&#8212;&#8212;&#8212;&#8211;<br \/>\n\u0160is betona mais\u012bt\u0101js ir piem\u0113rots JCB, Manitou, CAT, John Deere, Fendt, Trimex, Quicke, Terex, New Holland, Mustang, CASE, Caterpillar, EURO suspension un citiem mode\u013ciem.<\/p>\n","protected":false},"excerpt":{"rendered":"<p>Cena bez PVN<\/p>\n<p>Ra\u017eot\u0101js: C&amp;F<br \/>\nModelis: BMX 450T<br \/>\nZvans: <a href=\"tel:+37067607071\">+37067607071<\/a><br \/>\nKontaktpersona: <a href=\"mailto:sales@kasima3.bcapps.lt\">sales@kasima3.bcapps.lt<\/a><\/p>\n","protected":false},"featured_media":7071,"template":"","meta":{"_et_pb_use_builder":"","_et_pb_old_content":"","_et_gb_content_width":""},"product_brand":[],"product_cat":[154,166,168,171,155,152,151,211,210,163],"product_tag":[],"class_list":{"0":"post-7300","1":"product","2":"type-product","3":"status-publish","4":"has-post-thumbnail","6":"product_cat-3-5-tonnas","7":"product_cat-5-7-tonnas","8":"product_cat-7-10-tonnas","9":"product_cat-10-13-tonnas","10":"product_cat-jauns","11":"product_cat-betona-maisitaji","12":"product_cat-mini-iekraveji","13":"product_cat-ritenu-iekraveji","14":"product_cat-teleskopiskais-manipulators","15":"product_cat-traktors","17":"first","18":"instock","19":"taxable","20":"shipping-taxable","21":"purchasable","22":"product-type-simple"},"_links":{"self":[{"href":"https:\/\/kasima3.bcapps.lt\/lv\/wp-json\/wp\/v2\/product\/7300","targetHints":{"allow":["GET"]}}],"collection":[{"href":"https:\/\/kasima3.bcapps.lt\/lv\/wp-json\/wp\/v2\/product"}],"about":[{"href":"https:\/\/kasima3.bcapps.lt\/lv\/wp-json\/wp\/v2\/types\/product"}],"wp:featuredmedia":[{"embeddable":true,"href":"https:\/\/kasima3.bcapps.lt\/lv\/wp-json\/wp\/v2\/media\/7071"}],"wp:attachment":[{"href":"https:\/\/kasima3.bcapps.lt\/lv\/wp-json\/wp\/v2\/media?parent=7300"}],"wp:term":[{"taxonomy":"product_brand","embeddable":true,"href":"https:\/\/kasima3.bcapps.lt\/lv\/wp-json\/wp\/v2\/product_brand?post=7300"},{"taxonomy":"product_cat","embeddable":true,"href":"https:\/\/kasima3.bcapps.lt\/lv\/wp-json\/wp\/v2\/product_cat?post=7300"},{"taxonomy":"product_tag","embeddable":true,"href":"https:\/\/kasima3.bcapps.lt\/lv\/wp-json\/wp\/v2\/product_tag?post=7300"}],"curies":[{"name":"wp","href":"https:\/\/api.w.org\/{rel}","templated":true}]}}