{"id":7304,"date":"2023-01-07T15:11:09","date_gmt":"2023-01-07T15:11:09","guid":{"rendered":"https:\/\/kasima.lt\/shop\/uncategorized\/bunkuru-slota-ar-slipam-birstem-wolverine-72\/"},"modified":"2025-10-29T08:31:34","modified_gmt":"2025-10-29T08:31:34","slug":"bunkurs-ar-parklajumu-un-stura-sedekli-wolverine-72","status":"publish","type":"product","link":"https:\/\/kasima3.bcapps.lt\/lv\/produktas\/bunkurs-ar-parklajumu-un-stura-sedekli-wolverine-72\/","title":{"rendered":"Bunkuru slota ar sl\u012bp\u0101m birst\u0113m Wolverine 72"},"content":{"rendered":"<p>SPECIFIK\u0100CIJA: Sloti\u0146as platums: 183 cm. Kop\u0113jais slotas ar izcilni platums: 220 cm. Sloti\u0146as garums: 130 cm. Sloti\u0146as augstums: 68 cm. Sloti\u0146as svars: 435 kg. Pl\u016bsmas \u0101trums: l\u012bdz 90 l\/min. Gads: 2022 Regul\u0113jams slauc\u012b\u0161anas segmenta augstums E\u013c\u013coti gult\u0146i Piekare: sl\u012bdkr\u0101v\u0113ja iekr\u0101v\u0113js M\u0113s pied\u0101v\u0101jam jums pilnu Wolverine tvertnes slotu, kas ir paredz\u0113ta net\u012brumu, birsto\u0161u materi\u0101lu un citu nev\u0113lamu materi\u0101lu slauc\u012b\u0161anai ar sl\u012bdkr\u0101v\u0113ju. Tvertnes slota ir komplekt\u0101 ar: hidrauliskaj\u0101m \u0161\u013c\u016bten\u0113m ar savienojuma sprausl\u0101m. \u0160\u013c\u016bte ar tvertni ir ide\u0101ls risin\u0101jums tiem, kam nepiecie\u0161ams slauc\u012bt un sav\u0101kt net\u012brumus, ko nevar izdar\u012bt ar standarta st\u016bra slotu. \u0160\u012b tvertnes slota \u013cauj viegli samest atkritumus un izmest tos j\u016bsu izv\u0113l\u0113taj\u0101 viet\u0101. Apr\u012bkojuma aizsarg\u0101jo\u0161\u0101s gumijas ne\u013cauj putek\u013ciem tik viegli izplat\u012bties apk\u0101rt. Tas atvieglo operatora darbu un samazina vid\u0113 emit\u0113to putek\u013cu daudzumu. \u0160ai Wolverine slotajai ir ar\u012b s\u0101nu slauc\u012b\u0161anas birste, kas \u013cauj slauc\u012bt l\u012bdz pat apmal\u0113m. M\u0113s pied\u0101v\u0101jam 12 m\u0113ne\u0161u garantiju pret r\u016bpn\u012bcas defektiem. UAB &#8220;KASIMA&#8221; veic garantijas un p\u0113cgarantijas apkalpo\u0161anu PRODUKTA PIEG\u0100DE: M\u0113s pieg\u0101d\u0101jam preces uz vietas, lai j\u016bs var\u0113tu ierasties un apskat\u012bt t\u0101s kl\u0101tien\u0113. \u0100tra pieg\u0101de uz j\u016bsu adresi. &#8212;&#8212;&#8212;&#8212;&#8212;&#8212;&#8212;&#8212;&#8212;&#8212;&#8212;&#8212;&#8212;&#8212;&#8212;&#8212;&#8212;&#8212;&#8212;&#8212;&#8211; \u0160\u012b bunkuru slota ir sader\u012bga ar Bobcat, CAT, Gehl, Takeuchi, Manitou, Komatsu, Wacker Neuson, Terex, New Holland, JCB, Mustang, CASE, EUROCOMACH, Doosan, Caterpillar un citiem iekr\u0101v\u0113jiem. *Adapteri par papildu samaksu var uzst\u0101d\u012bt uz j\u016bsu iekr\u0101v\u0113ja.<\/p>\n","protected":false},"excerpt":{"rendered":"<p>Cena bez PVN Ra\u017eot\u0101js: wolverine Modelis: slauc\u012b\u0161anas kauss 72 S Zvans: <a href=\"tel:+37067607071\">+37067607071<\/a> E-pasts: <a href=\"mailto:sales@kasima3.bcapps.lt\">sales@kasima3.bcapps.lt<\/a><\/p>\n","protected":false},"featured_media":5862,"template":"","meta":{"_et_pb_use_builder":"","_et_pb_old_content":"","_et_gb_content_width":""},"product_brand":[],"product_cat":[153,154,155,291,151],"product_tag":[],"class_list":{"0":"post-7304","1":"product","2":"type-product","3":"status-publish","4":"has-post-thumbnail","6":"product_cat-15-3-tonnas","7":"product_cat-3-5-tonnas","8":"product_cat-jauns","9":"product_cat-hidrauliskas-slotas-lv","10":"product_cat-mini-iekraveji","12":"first","13":"instock","14":"taxable","15":"shipping-taxable","16":"purchasable","17":"product-type-simple"},"_links":{"self":[{"href":"https:\/\/kasima3.bcapps.lt\/lv\/wp-json\/wp\/v2\/product\/7304","targetHints":{"allow":["GET"]}}],"collection":[{"href":"https:\/\/kasima3.bcapps.lt\/lv\/wp-json\/wp\/v2\/product"}],"about":[{"href":"https:\/\/kasima3.bcapps.lt\/lv\/wp-json\/wp\/v2\/types\/product"}],"wp:featuredmedia":[{"embeddable":true,"href":"https:\/\/kasima3.bcapps.lt\/lv\/wp-json\/wp\/v2\/media\/5862"}],"wp:attachment":[{"href":"https:\/\/kasima3.bcapps.lt\/lv\/wp-json\/wp\/v2\/media?parent=7304"}],"wp:term":[{"taxonomy":"product_brand","embeddable":true,"href":"https:\/\/kasima3.bcapps.lt\/lv\/wp-json\/wp\/v2\/product_brand?post=7304"},{"taxonomy":"product_cat","embeddable":true,"href":"https:\/\/kasima3.bcapps.lt\/lv\/wp-json\/wp\/v2\/product_cat?post=7304"},{"taxonomy":"product_tag","embeddable":true,"href":"https:\/\/kasima3.bcapps.lt\/lv\/wp-json\/wp\/v2\/product_tag?post=7304"}],"curies":[{"name":"wp","href":"https:\/\/api.w.org\/{rel}","templated":true}]}}