{"id":7320,"date":"2023-01-07T15:11:10","date_gmt":"2023-01-07T15:11:10","guid":{"rendered":"https:\/\/kasima.lt\/shop\/uncategorized\/mulcetajs-celmu-smalcinatajs-valentini-lepre-1600\/"},"modified":"2025-10-29T08:31:35","modified_gmt":"2025-10-29T08:31:35","slug":"mulceris-kelmu-freza-valentini-lepre-1600","status":"publish","type":"product","link":"https:\/\/kasima3.bcapps.lt\/lv\/produktas\/mulceris-kelmu-freza-valentini-lepre-1600\/","title":{"rendered":"Mul\u010d\u0113t\u0101js &#8211; celmu smalcin\u0101t\u0101js Valentini Lepre 1600"},"content":{"rendered":"<p>SPECIFIK\u0100CIJAS:<br \/>\nKop\u0113jais platums 1870 mm.<br \/>\nDarba platums 1600 mm.<br \/>\nZobu skaits 33 gab.<br \/>\nSvars 1080 kg.<br \/>\nSiksnas piedzi\u0146a;<br \/>\nHidrauliskais p\u0101rslodzes dro\u0161\u012bbas v\u0101rsts;<br \/>\nHidraulisk\u0101 priek\u0161\u0113j\u0101 atloka;<br \/>\nStiprin\u0101juma r\u0101mis;<br \/>\nAtbalsta k\u0101jas;<br \/>\n\u0136\u0113des aizsargi.<\/p>\n<p>M\u0113s pied\u0101v\u0101jam jums efekt\u012bvu un jaud\u012bgu Valentine Lepre 1600 celmu smalcin\u0101t\u0101ju mini iekr\u0101v\u0113ja mul\u010d\u0113t\u0101jam. \u0160is mul\u010d\u0113t\u0101js ir piem\u0113rots kr\u016bmiem, zariem, kokiem un celmiem. \u0160is uzgalis ir ide\u0101li piem\u0113rots pamestu zemes gabalu sakop\u0161anai, parku, d\u0101rzu, me\u017eu un bir\u017eu uztur\u0113\u0161anai. Mini iekr\u0101v\u0113ju mul\u010d\u0113t\u0101ju var apr\u012bkot ar standarta vai High Flow hidrauliku. Hidraulisk\u0101s sist\u0113mas tipu izv\u0113las atkar\u012bb\u0101 no mini iekr\u0101v\u0113ja tehniskajiem parametriem. Univers\u0101la \u0101tr\u0101s savieno\u0161anas ier\u012bce, iztur\u012bgs t\u0113rauda r\u0101mis, hidraulisk\u0101s \u0161\u013c\u016btenes, hidrauliskais priek\u0161\u0113jais drose\u013cv\u0101rsts, stiprin\u0101juma r\u0101mis un main\u012bgi rotora zobi ir tikai da\u017eas no \u0161\u012b mul\u010d\u0113t\u0101ja-celmu griez\u0113ja priek\u0161roc\u012bb\u0101m. M\u0113s pied\u0101v\u0101jam 12 m\u0113ne\u0161u garantiju pret r\u016bpn\u012bcas defektiem. KASIMA UAB nodro\u0161ina garantijas un p\u0113cgarantijas apkalpo\u0161anu. M\u0113s varam izgatavot adapteri \u0161im kr\u016bmgriezim, lai tas atbilstu j\u016bsu eso\u0161ajam apr\u012bkojumam.<\/p>\n<p>PRE\u010cU PIEG\u0100DE:<br \/>\nMums ir preces uz vietas, lai j\u016bs var\u0113tu ierasties un apskat\u012bt t\u0101s kl\u0101tien\u0113.<br \/>\n\u0100tra pieg\u0101de uz j\u016bsu adresi.<\/p>\n<p>\u0160is mul\u010d\u0113t\u0101js ir piem\u0113rots \u0161\u0101du z\u012bmolu ma\u0161\u012bn\u0101m: Bobcat, CAT, Geht, Takeuchi, Manitou, Komatsu, Wacker Neuson, Terex, New Holland, JCB, Mustang, CASE, EUROCOMACH, Doosan, Caterpillar un citiem iekr\u0101v\u0113jiem.<\/p>\n","protected":false},"excerpt":{"rendered":"<p>Cena bez PVN<\/p>\n<p>Z\u012bmols: Valentini<br \/>\nModelis: Lepre 1600<br \/>\nZvans: <a href=\"tel:+37067607071\">+37067607071<\/a><br \/>\nKontaktpersona: <a href=\"mailto:sales@kasima3.bcapps.lt\">sales@kasima3.bcapps.lt<\/a><\/p>\n","protected":false},"featured_media":6002,"template":"","meta":{"_et_pb_use_builder":"","_et_pb_old_content":"","_et_gb_content_width":""},"product_brand":[],"product_cat":[153,154,155,182,220,151,179],"product_tag":[],"class_list":{"0":"post-7320","1":"product","2":"type-product","3":"status-publish","4":"has-post-thumbnail","6":"product_cat-15-3-tonnas","7":"product_cat-3-5-tonnas","8":"product_cat-jauns","9":"product_cat-mulceri","10":"product_cat-augsnes-stabilizatori-un-akmens-frezes","11":"product_cat-mini-iekraveji","12":"product_cat-zemes-griezeji","14":"first","15":"instock","16":"taxable","17":"shipping-taxable","18":"purchasable","19":"product-type-simple"},"_links":{"self":[{"href":"https:\/\/kasima3.bcapps.lt\/lv\/wp-json\/wp\/v2\/product\/7320","targetHints":{"allow":["GET"]}}],"collection":[{"href":"https:\/\/kasima3.bcapps.lt\/lv\/wp-json\/wp\/v2\/product"}],"about":[{"href":"https:\/\/kasima3.bcapps.lt\/lv\/wp-json\/wp\/v2\/types\/product"}],"wp:featuredmedia":[{"embeddable":true,"href":"https:\/\/kasima3.bcapps.lt\/lv\/wp-json\/wp\/v2\/media\/6002"}],"wp:attachment":[{"href":"https:\/\/kasima3.bcapps.lt\/lv\/wp-json\/wp\/v2\/media?parent=7320"}],"wp:term":[{"taxonomy":"product_brand","embeddable":true,"href":"https:\/\/kasima3.bcapps.lt\/lv\/wp-json\/wp\/v2\/product_brand?post=7320"},{"taxonomy":"product_cat","embeddable":true,"href":"https:\/\/kasima3.bcapps.lt\/lv\/wp-json\/wp\/v2\/product_cat?post=7320"},{"taxonomy":"product_tag","embeddable":true,"href":"https:\/\/kasima3.bcapps.lt\/lv\/wp-json\/wp\/v2\/product_tag?post=7320"}],"curies":[{"name":"wp","href":"https:\/\/api.w.org\/{rel}","templated":true}]}}