{"id":7322,"date":"2023-01-07T16:06:59","date_gmt":"2023-01-07T16:06:59","guid":{"rendered":"https:\/\/kasima.lt\/shop\/uncategorized\/hidrauliskais-amurs-ksm-pielikumi-ksh500\/"},"modified":"2025-10-29T08:31:35","modified_gmt":"2025-10-29T08:31:35","slug":"hidrauliskais-amurs-ksm-piederumi-ksh500","status":"publish","type":"product","link":"https:\/\/kasima3.bcapps.lt\/lv\/produktas\/hidrauliskais-amurs-ksm-piederumi-ksh500\/","title":{"rendered":"Hidrauliskais \u0101murs KSM Pielikumi KSH500"},"content":{"rendered":"<p>SPECIFIK\u0100CIJAS:<br \/>\nHidraulisk\u0101 \u0101mura svars: 450 kg.<br \/>\nDarba e\u013c\u013cas pl\u016bsma: 50 &#8211; 90 l\/min.<br \/>\nDarba e\u013c\u013cas spiediens: 120 &#8211; 170 b\u0101ri.<br \/>\nInsulta \u0101trums: 400-800 sitieni min\u016bt\u0113;<br \/>\nKalta diametrs: 75 mm<br \/>\nHidraulisk\u0101s \u0161\u013c\u016btenes diametrs: 1\/2<br \/>\nKomplekt\u0101 ietilpst hidraulisk\u0101 \u0161\u013c\u016btene un apkopes instrumentu komplekts.<br \/>\nHidrauliskais \u0101murs betona, dzelzsbetona un asfalta nojauk\u0161anas darbiem. To var izmantot ar\u012b cietu materi\u0101lu, piem\u0113ram, akme\u0146u vai ie\u017eu, drupin\u0101\u0161anai un smalcin\u0101\u0161anai. KSH 500 lau\u0161anas jauda ir nep\u0101rsp\u0113jama ar rokas \u0101muru un iev\u0113rojami atvieglo darbu. Norv\u0113\u0123u z\u012bmols KSM Attachments nodro\u0161ina izcilu cenas un kvalit\u0101tes attiec\u012bbu. M\u0113s pied\u0101v\u0101jam 12 m\u0113ne\u0161u garantiju pret r\u016bpn\u012bcas defektiem. KASIMA UAB nodro\u0161ina garantijas un p\u0113cgarantijas apkalpo\u0161anu.<\/p>\n<p>PRE\u010cU PIEG\u0100DE:<br \/>\nMums ir preces uz vietas, lai j\u016bs var\u0113tu ierasties un apskat\u012bt t\u0101s kl\u0101tien\u0113. \u0100tra pieg\u0101de uz j\u016bsu adresi.<\/p>\n","protected":false},"excerpt":{"rendered":"<p>Cena bez PVN<\/p>\n<p>Ra\u017eot\u0101js: KSM pielikumi<br \/>\nModelis: KSH500<br \/>\nZvans: <a href=\"tel:+37067607071\">+37067607071<\/a><br \/>\nKontaktpersona: <a href=\"mailto:sales@kasima3.bcapps.lt\">sales@kasima3.bcapps.lt<\/a><\/p>\n","protected":false},"featured_media":6378,"template":"","meta":{"_et_pb_use_builder":"","_et_pb_old_content":"","_et_gb_content_width":""},"product_brand":[],"product_cat":[166,168,155,228,185,151],"product_tag":[],"class_list":{"0":"post-7322","1":"product","2":"type-product","3":"status-publish","4":"has-post-thumbnail","6":"product_cat-5-7-tonnas","7":"product_cat-7-10-tonnas","8":"product_cat-jauns","9":"product_cat-hidrauliskie-amuri","10":"product_cat-ekskavators","11":"product_cat-mini-iekraveji","13":"first","14":"instock","15":"taxable","16":"shipping-taxable","17":"purchasable","18":"product-type-simple"},"_links":{"self":[{"href":"https:\/\/kasima3.bcapps.lt\/lv\/wp-json\/wp\/v2\/product\/7322","targetHints":{"allow":["GET"]}}],"collection":[{"href":"https:\/\/kasima3.bcapps.lt\/lv\/wp-json\/wp\/v2\/product"}],"about":[{"href":"https:\/\/kasima3.bcapps.lt\/lv\/wp-json\/wp\/v2\/types\/product"}],"wp:featuredmedia":[{"embeddable":true,"href":"https:\/\/kasima3.bcapps.lt\/lv\/wp-json\/wp\/v2\/media\/6378"}],"wp:attachment":[{"href":"https:\/\/kasima3.bcapps.lt\/lv\/wp-json\/wp\/v2\/media?parent=7322"}],"wp:term":[{"taxonomy":"product_brand","embeddable":true,"href":"https:\/\/kasima3.bcapps.lt\/lv\/wp-json\/wp\/v2\/product_brand?post=7322"},{"taxonomy":"product_cat","embeddable":true,"href":"https:\/\/kasima3.bcapps.lt\/lv\/wp-json\/wp\/v2\/product_cat?post=7322"},{"taxonomy":"product_tag","embeddable":true,"href":"https:\/\/kasima3.bcapps.lt\/lv\/wp-json\/wp\/v2\/product_tag?post=7322"}],"curies":[{"name":"wp","href":"https:\/\/api.w.org\/{rel}","templated":true}]}}