{"id":7326,"date":"2023-01-07T15:11:09","date_gmt":"2023-01-07T15:11:09","guid":{"rendered":"https:\/\/kasima.lt\/shop\/uncategorized\/zemes-lidzinatajs-lg2500-mm\/"},"modified":"2025-10-29T08:31:35","modified_gmt":"2025-10-29T08:31:35","slug":"augsnes-nivelieris-lg2500-mm","status":"publish","type":"product","link":"https:\/\/kasima3.bcapps.lt\/lv\/produktas\/augsnes-nivelieris-lg2500-mm\/","title":{"rendered":"Zemes l\u012bdzin\u0101t\u0101js LG2500 mm"},"content":{"rendered":"<p>SPECIFIK\u0100CIJAS:<br \/>\nRa\u017eo\u0161anas gads 2022<br \/>\nPlatums 2500 mm<br \/>\nGarums 1250 mm<br \/>\nAugstums 200 mm<br \/>\nRull\u012b\u0161a diametrs 220 mm<br \/>\nSvars 377 kg<br \/>\nJa nepiecie\u0161ams, m\u0113s varam uzst\u0101d\u012bt nepiecie\u0161amo balstiek\u0101rtu.<\/p>\n<p>Ekskavatora izmanto\u0161anai ce\u013cu, zemes gabalu un citas augsnes izl\u012bdzin\u0101\u0161anai un form\u0113\u0161anai.<\/p>\n","protected":false},"excerpt":{"rendered":"<p>Cena bez PVN<\/p>\n<p>Ra\u017eot\u0101js.<br \/>\nModelis: LG2500<br \/>\nZvans: <a href=\"tel:+37067607071\">+37067607071<\/a><br \/>\nKontaktpersona: <a href=\"mailto:sales@kasima3.bcapps.lt\">sales@kasima3.bcapps.lt<\/a><\/p>\n","protected":false},"featured_media":5858,"template":"","meta":{"_et_pb_use_builder":"","_et_pb_old_content":"","_et_gb_content_width":""},"product_brand":[],"product_cat":[166,168,171,174,229,155,237,185],"product_tag":[],"class_list":{"0":"post-7326","1":"product","2":"type-product","3":"status-publish","4":"has-post-thumbnail","6":"product_cat-5-7-tonnas","7":"product_cat-7-10-tonnas","8":"product_cat-10-13-tonnas","9":"product_cat-13-16-tonnas","10":"product_cat-16-20-tonnas","11":"product_cat-jauns","12":"product_cat-citi-piederumi","13":"product_cat-ekskavators","15":"first","16":"instock","17":"taxable","18":"shipping-taxable","19":"product-type-simple"},"_links":{"self":[{"href":"https:\/\/kasima3.bcapps.lt\/lv\/wp-json\/wp\/v2\/product\/7326","targetHints":{"allow":["GET"]}}],"collection":[{"href":"https:\/\/kasima3.bcapps.lt\/lv\/wp-json\/wp\/v2\/product"}],"about":[{"href":"https:\/\/kasima3.bcapps.lt\/lv\/wp-json\/wp\/v2\/types\/product"}],"wp:featuredmedia":[{"embeddable":true,"href":"https:\/\/kasima3.bcapps.lt\/lv\/wp-json\/wp\/v2\/media\/5858"}],"wp:attachment":[{"href":"https:\/\/kasima3.bcapps.lt\/lv\/wp-json\/wp\/v2\/media?parent=7326"}],"wp:term":[{"taxonomy":"product_brand","embeddable":true,"href":"https:\/\/kasima3.bcapps.lt\/lv\/wp-json\/wp\/v2\/product_brand?post=7326"},{"taxonomy":"product_cat","embeddable":true,"href":"https:\/\/kasima3.bcapps.lt\/lv\/wp-json\/wp\/v2\/product_cat?post=7326"},{"taxonomy":"product_tag","embeddable":true,"href":"https:\/\/kasima3.bcapps.lt\/lv\/wp-json\/wp\/v2\/product_tag?post=7326"}],"curies":[{"name":"wp","href":"https:\/\/api.w.org\/{rel}","templated":true}]}}