{"id":7902,"date":"2023-01-24T16:41:13","date_gmt":"2023-01-24T16:41:13","guid":{"rendered":"https:\/\/kasima.lt\/shop\/uncategorized\/manitou-mrt-1432\/"},"modified":"2025-10-29T08:31:36","modified_gmt":"2025-10-29T08:31:36","slug":"manitou-mrt-1432","status":"publish","type":"product","link":"https:\/\/kasima3.bcapps.lt\/lv\/produktas\/manitou-mrt-1432\/","title":{"rendered":"Manitou MRT 1432"},"content":{"rendered":"<p>Rot\u0101cijas &#8211; teleskopiskais iekr\u0101v\u0113ji<\/p>\n<p>Manitou MRT 1432<\/p>\n<p>Uzcelts 2000. gad\u0101.<\/p>\n<p>Motora stundas 3913<\/p>\n<p>Dzin\u0113js Perkins 77 kw.<\/p>\n<p>Svars 11 500 kg.<\/p>\n<p>Celtsp\u0113ja 3200 kg.<\/p>\n<p>Pacel\u0161anas augstums 14 metri.<\/p>\n<p>Paletes dak\u0161as<\/p>\n<p>Iekrau\u0161anas kauss<\/p>\n<p>Lietuv\u0101 nedarbojas<\/p>\n<p>&nbsp;<\/p>\n<p>&nbsp;<\/p>\n","protected":false},"excerpt":{"rendered":"<p>Ra\u017eot\u0101js:Manitou<br \/>\nModelis: MRT 1432<br \/>\nZvans: <a href=\"tel:+37067607071\">+37067607071<\/a><br \/>\nKontaktpersona: <a href=\"mailto:info@kasima3.bcapps.lt\">info@kasima3.bcapps.lt<\/a><\/p>\n","protected":false},"featured_media":7783,"template":"","meta":{"_et_pb_use_builder":"","_et_pb_old_content":"","_et_gb_content_width":""},"product_brand":[],"product_cat":[149],"product_tag":[],"class_list":{"0":"post-7902","1":"product","2":"type-product","3":"status-publish","4":"has-post-thumbnail","6":"product_cat-buvnieciba","8":"first","9":"outofstock","10":"taxable","11":"shipping-taxable","12":"product-type-simple"},"_links":{"self":[{"href":"https:\/\/kasima3.bcapps.lt\/lv\/wp-json\/wp\/v2\/product\/7902","targetHints":{"allow":["GET"]}}],"collection":[{"href":"https:\/\/kasima3.bcapps.lt\/lv\/wp-json\/wp\/v2\/product"}],"about":[{"href":"https:\/\/kasima3.bcapps.lt\/lv\/wp-json\/wp\/v2\/types\/product"}],"wp:featuredmedia":[{"embeddable":true,"href":"https:\/\/kasima3.bcapps.lt\/lv\/wp-json\/wp\/v2\/media\/7783"}],"wp:attachment":[{"href":"https:\/\/kasima3.bcapps.lt\/lv\/wp-json\/wp\/v2\/media?parent=7902"}],"wp:term":[{"taxonomy":"product_brand","embeddable":true,"href":"https:\/\/kasima3.bcapps.lt\/lv\/wp-json\/wp\/v2\/product_brand?post=7902"},{"taxonomy":"product_cat","embeddable":true,"href":"https:\/\/kasima3.bcapps.lt\/lv\/wp-json\/wp\/v2\/product_cat?post=7902"},{"taxonomy":"product_tag","embeddable":true,"href":"https:\/\/kasima3.bcapps.lt\/lv\/wp-json\/wp\/v2\/product_tag?post=7902"}],"curies":[{"name":"wp","href":"https:\/\/api.w.org\/{rel}","templated":true}]}}