{"id":8402,"date":"2023-01-31T15:39:38","date_gmt":"2023-01-31T15:39:38","guid":{"rendered":"https:\/\/kasima.lt\/shop\/uncategorized\/paletes-daksas-manitou-2500-kg\/"},"modified":"2025-10-29T08:31:36","modified_gmt":"2025-10-29T08:31:36","slug":"paleciu-sakes-manitou-2500-kg","status":"publish","type":"product","link":"https:\/\/kasima3.bcapps.lt\/lv\/produktas\/paleciu-sakes-manitou-2500-kg\/","title":{"rendered":"Paletes dak\u0161as Manitou 2500 kg."},"content":{"rendered":"<p>Manitou telehandleru dak\u0161u specifik\u0101cija:<\/p>\n<p>Paletes dak\u0161u celtsp\u0113ja: 2500 kg.<\/p>\n<p>Paletes dak\u0161u garums: 120 cm.<\/p>\n<p>Regul\u0113jams pale\u0161u dak\u0161u platums l\u012bdz 115 cm.<\/p>\n<p>Piekares tips: Manitou<\/p>\n<p>M\u0113s pied\u0101v\u0101jam komplekt\u0113tas pale\u0161u dak\u0161as teleskopiskajiem iekr\u0101v\u0113jiem. Komplekt\u0101 ietilpst: r\u0101mis, dak\u0161u komplekts, skavas. Pale\u0161u dak\u0161as tiek izmantotas b\u016bvniec\u012bbas un lauksaimniec\u012bbas nozar\u0113s da\u017e\u0101du kravu iekrau\u0161anai, izkrau\u0161anai un transport\u0113\u0161anai. Zviedrijas ra\u017eot\u0101js garant\u0113 \u0161im produktam 12 m\u0113ne\u0161u garantiju pret ra\u017eo\u0161anas defektiem.<\/p>\n<p>PRE\u010cU PIEG\u0100DE:<\/p>\n<p>Mums ir preces uz vietas, lai j\u016bs var\u0113tu ierasties un apskat\u012bt t\u0101s kl\u0101tien\u0113. \u0100tra pieg\u0101de uz j\u016bsu adresi.<\/p>\n<p>Dak\u0161as ir piem\u0113rotas \u0161\u0101du z\u012bmolu ma\u0161\u012bn\u0101m.<\/p>\n<p>*Par papildu samaksu m\u0113s to varam piel\u0101got j\u016bsu teleskopiskajam iekr\u0101v\u0113tim vai citam apr\u012bkojumam.<\/p>\n<p>&nbsp;<\/p>\n","protected":false},"excerpt":{"rendered":"<p>Cena bez PVN<\/p>\n<p>Ra\u017eot\u0101js:Manitou<br \/>\nModelis: 2500 kg.<br \/>\nZvans: <a href=\"tel:+37067607071\">+37067607071<\/a><br \/>\nKontaktpersona: <a href=\"mailto:info@kasima3.bcapps.lt\">sales@kasima3.bcapps.lt<\/a><\/p>\n","protected":false},"featured_media":8378,"template":"","meta":{"_et_pb_use_builder":"","_et_pb_old_content":"","_et_gb_content_width":""},"product_brand":[],"product_cat":[166,168,171,155,323,210],"product_tag":[],"class_list":{"0":"post-8402","1":"product","2":"type-product","3":"status-publish","4":"has-post-thumbnail","6":"product_cat-5-7-tonnas","7":"product_cat-7-10-tonnas","8":"product_cat-10-13-tonnas","9":"product_cat-jauns","10":"product_cat-palesu-daksas","11":"product_cat-teleskopiskais-manipulators","13":"first","14":"instock","15":"taxable","16":"shipping-taxable","17":"purchasable","18":"product-type-simple"},"_links":{"self":[{"href":"https:\/\/kasima3.bcapps.lt\/lv\/wp-json\/wp\/v2\/product\/8402","targetHints":{"allow":["GET"]}}],"collection":[{"href":"https:\/\/kasima3.bcapps.lt\/lv\/wp-json\/wp\/v2\/product"}],"about":[{"href":"https:\/\/kasima3.bcapps.lt\/lv\/wp-json\/wp\/v2\/types\/product"}],"wp:featuredmedia":[{"embeddable":true,"href":"https:\/\/kasima3.bcapps.lt\/lv\/wp-json\/wp\/v2\/media\/8378"}],"wp:attachment":[{"href":"https:\/\/kasima3.bcapps.lt\/lv\/wp-json\/wp\/v2\/media?parent=8402"}],"wp:term":[{"taxonomy":"product_brand","embeddable":true,"href":"https:\/\/kasima3.bcapps.lt\/lv\/wp-json\/wp\/v2\/product_brand?post=8402"},{"taxonomy":"product_cat","embeddable":true,"href":"https:\/\/kasima3.bcapps.lt\/lv\/wp-json\/wp\/v2\/product_cat?post=8402"},{"taxonomy":"product_tag","embeddable":true,"href":"https:\/\/kasima3.bcapps.lt\/lv\/wp-json\/wp\/v2\/product_tag?post=8402"}],"curies":[{"name":"wp","href":"https:\/\/api.w.org\/{rel}","templated":true}]}}