{"id":8511,"date":"2023-02-03T08:35:18","date_gmt":"2023-02-03T08:35:18","guid":{"rendered":"https:\/\/kasima.lt\/shop\/uncategorized\/paletes-daksas-manitou-4000-kg\/"},"modified":"2025-10-29T08:31:36","modified_gmt":"2025-10-29T08:31:36","slug":"paleciu-sakes-manitou-4000-kg","status":"publish","type":"product","link":"https:\/\/kasima3.bcapps.lt\/lv\/produktas\/paleciu-sakes-manitou-4000-kg\/","title":{"rendered":"Paletes dak\u0161as Manitou 4000 kg."},"content":{"rendered":"<p><strong>Manitou pale\u0161u dak\u0161as SPECIFIK\u0100CIJAS:<\/strong><\/p>\n<p>Celtsp\u0113ja: 4000 kg<\/p>\n<p>Dak\u0161as garums: 120 cm.<\/p>\n<p>Regul\u0113jams dak\u0161u platums l\u012bdz 115 cm.<\/p>\n<p>Piekares tips: Manitou<\/p>\n<p>M\u0113s pied\u0101v\u0101jam jums pilnu Manitou teleskopisko iekr\u0101v\u0113ju pale\u0161u dak\u0161u komplektu. Komplekt\u0101 ietilpst: r\u0101mis, dak\u0161u komplekts, skavas. Pale\u0161u dak\u0161as tiek izmantotas b\u016bvniec\u012bbas un lauksaimniec\u012bbas nozar\u0113s, lai iekrautu un transport\u0113tu da\u017e\u0101das kravas. Darbs ar teleskopisk\u0101 iekr\u0101v\u0113ja dak\u0161\u0101m pa\u0101trina un atvieglo kravu iekrau\u0161anu, izkrau\u0161anu vai transport\u0113\u0161anu. \u0160\u012bm Manitou dak\u0161\u0101m ir 12 m\u0113ne\u0161u garantija pret ra\u017eo\u0161anas defektiem. KASIMA UAB nodro\u0161ina garantijas un p\u0113cgarantijas apkalpo\u0161anu.<\/p>\n<p><strong>PRE\u010cU PIEG\u0100DE:<\/strong><\/p>\n<p>Mums ir preces uz vietas, lai j\u016bs var\u0113tu ierasties un apskat\u012bt t\u0101s kl\u0101tien\u0113. \u0100tra pieg\u0101de uz j\u016bsu adresi.<\/p>\n<p>Dak\u0161as ir piem\u0113rotas \u0161\u0101du z\u012bmolu ma\u0161\u012bn\u0101m.<\/p>\n<p>*Par papildu samaksu m\u0113s varam piel\u0101got j\u016bsu teleskopisko manipulatoru.<\/p>\n","protected":false},"excerpt":{"rendered":"<p>Cena bez PVN<\/p>\n<p>Ra\u017eot\u0101js:Manitou<br \/>\nModelis: 4000 kg.<br \/>\nZvans: <a href=\"tel:+37067607071\">+37067607071<\/a><br \/>\nKontaktpersona: <a href=\"mailto:info@kasima3.bcapps.lt\">sales@kasima3.bcapps.lt<\/a><\/p>\n","protected":false},"featured_media":8506,"template":"","meta":{"_et_pb_use_builder":"","_et_pb_old_content":"","_et_gb_content_width":""},"product_brand":[],"product_cat":[154,166,168,171,155,323,210],"product_tag":[],"class_list":{"0":"post-8511","1":"product","2":"type-product","3":"status-publish","4":"has-post-thumbnail","6":"product_cat-3-5-tonnas","7":"product_cat-5-7-tonnas","8":"product_cat-7-10-tonnas","9":"product_cat-10-13-tonnas","10":"product_cat-jauns","11":"product_cat-palesu-daksas","12":"product_cat-teleskopiskais-manipulators","14":"first","15":"instock","16":"taxable","17":"shipping-taxable","18":"purchasable","19":"product-type-simple"},"_links":{"self":[{"href":"https:\/\/kasima3.bcapps.lt\/lv\/wp-json\/wp\/v2\/product\/8511","targetHints":{"allow":["GET"]}}],"collection":[{"href":"https:\/\/kasima3.bcapps.lt\/lv\/wp-json\/wp\/v2\/product"}],"about":[{"href":"https:\/\/kasima3.bcapps.lt\/lv\/wp-json\/wp\/v2\/types\/product"}],"wp:featuredmedia":[{"embeddable":true,"href":"https:\/\/kasima3.bcapps.lt\/lv\/wp-json\/wp\/v2\/media\/8506"}],"wp:attachment":[{"href":"https:\/\/kasima3.bcapps.lt\/lv\/wp-json\/wp\/v2\/media?parent=8511"}],"wp:term":[{"taxonomy":"product_brand","embeddable":true,"href":"https:\/\/kasima3.bcapps.lt\/lv\/wp-json\/wp\/v2\/product_brand?post=8511"},{"taxonomy":"product_cat","embeddable":true,"href":"https:\/\/kasima3.bcapps.lt\/lv\/wp-json\/wp\/v2\/product_cat?post=8511"},{"taxonomy":"product_tag","embeddable":true,"href":"https:\/\/kasima3.bcapps.lt\/lv\/wp-json\/wp\/v2\/product_tag?post=8511"}],"curies":[{"name":"wp","href":"https:\/\/api.w.org\/{rel}","templated":true}]}}