{"id":8606,"date":"2023-02-03T09:25:12","date_gmt":"2023-02-03T09:25:12","guid":{"rendered":"https:\/\/kasima.lt\/shop\/uncategorized\/paletes-daksas-2500-kg\/"},"modified":"2025-10-29T08:31:37","modified_gmt":"2025-10-29T08:31:37","slug":"manipulators-izladetajs-saknes-2500-kg","status":"publish","type":"product","link":"https:\/\/kasima3.bcapps.lt\/lv\/produktas\/manipulators-izladetajs-saknes-2500-kg\/","title":{"rendered":"Paletes dak\u0161as 2500 kg."},"content":{"rendered":"<p><strong>Manipulatora dak\u0161u SPECIFIK\u0100CIJAS:<\/strong><\/p>\n<p>Cel\u0161anas svara ierobe\u017eojums: 2000 kg.<\/p>\n<p>Slodzes centrs: 600 mm.<\/p>\n<p>Svars: 245 kg.<\/p>\n<p>Cinkota t\u0113rauda konstrukcija<\/p>\n<p>M\u0113s pied\u0101v\u0101jam jums pilnu regul\u0113jamo pale\u0161u dak\u0161u komplektu autokr\u0101niem. Dak\u0161as ir apr\u012bkotas ar regul\u0113jamu r\u0101mja augstumu un dak\u0161u platumu, k\u0101 ar\u012b div\u0101s poz\u012bcij\u0101s regul\u0113jamu smaguma centru. Komplekt\u0101 ietilpst: cinkots piekaramais r\u0101mis, dak\u0161u komplekts, skavas, tapas, cilpa. Manipulatora pale\u0161u dak\u0161as tiek izmantotas da\u017e\u0101du kravu iekrau\u0161anai, izmantojot EURO vai citus pale\u0161u standartus. Darbs ar kravas automa\u0161\u012bnas dak\u0161\u0101m pa\u0101trina un atvieglo kravu iekrau\u0161anu un izkrau\u0161anu. KASIMA UAB nodro\u0161ina garantijas un p\u0113cgarantijas apkalpo\u0161anu.<\/p>\n<p><strong>PRE\u010cU PIEG\u0100DE:<\/strong><\/p>\n<p>Mums ir preces uz vietas, lai j\u016bs var\u0113tu ierasties un apskat\u012bt t\u0101s kl\u0101tien\u0113.<\/p>\n<p>\u0100tra pieg\u0101de uz j\u016bsu adresi.<\/p>\n<p>Paletes dak\u0161as ir piem\u0113rotas da\u017e\u0101du veidu celt\u0146iem (manipulatoriem).<\/p>\n<p>&nbsp;<\/p>\n","protected":false},"excerpt":{"rendered":"<p>Cena bez PVN<\/p>\n<p>Manipulatora \/ celt\u0146a ra\u017eot\u0101js<br \/>\nModelis: 2500 kg.<br \/>\nZvans: <a href=\"tel:+37067607071\">+37067607071<\/a><br \/>\nKontaktpersona: <a href=\"mailto:info@kasima3.bcapps.lt\">sales@kasima3.bcapps.lt<\/a><\/p>\n","protected":false},"featured_media":8562,"template":"","meta":{"_et_pb_use_builder":"","_et_pb_old_content":"","_et_gb_content_width":""},"product_brand":[],"product_cat":[150,166,168,171,174,155,323],"product_tag":[],"class_list":{"0":"post-8606","1":"product","2":"type-product","3":"status-publish","4":"has-post-thumbnail","6":"product_cat-cita-tehnika","7":"product_cat-5-7-tonnas","8":"product_cat-7-10-tonnas","9":"product_cat-10-13-tonnas","10":"product_cat-13-16-tonnas","11":"product_cat-jauns","12":"product_cat-palesu-daksas","14":"first","15":"instock","16":"taxable","17":"shipping-taxable","18":"purchasable","19":"product-type-simple"},"_links":{"self":[{"href":"https:\/\/kasima3.bcapps.lt\/lv\/wp-json\/wp\/v2\/product\/8606","targetHints":{"allow":["GET"]}}],"collection":[{"href":"https:\/\/kasima3.bcapps.lt\/lv\/wp-json\/wp\/v2\/product"}],"about":[{"href":"https:\/\/kasima3.bcapps.lt\/lv\/wp-json\/wp\/v2\/types\/product"}],"wp:featuredmedia":[{"embeddable":true,"href":"https:\/\/kasima3.bcapps.lt\/lv\/wp-json\/wp\/v2\/media\/8562"}],"wp:attachment":[{"href":"https:\/\/kasima3.bcapps.lt\/lv\/wp-json\/wp\/v2\/media?parent=8606"}],"wp:term":[{"taxonomy":"product_brand","embeddable":true,"href":"https:\/\/kasima3.bcapps.lt\/lv\/wp-json\/wp\/v2\/product_brand?post=8606"},{"taxonomy":"product_cat","embeddable":true,"href":"https:\/\/kasima3.bcapps.lt\/lv\/wp-json\/wp\/v2\/product_cat?post=8606"},{"taxonomy":"product_tag","embeddable":true,"href":"https:\/\/kasima3.bcapps.lt\/lv\/wp-json\/wp\/v2\/product_tag?post=8606"}],"curies":[{"name":"wp","href":"https:\/\/api.w.org\/{rel}","templated":true}]}}