{"id":8663,"date":"2023-02-03T11:50:21","date_gmt":"2023-02-03T11:50:21","guid":{"rendered":"https:\/\/kasima.lt\/shop\/uncategorized\/paletes-daksas-ekskavatoram-s-30\/"},"modified":"2025-10-29T08:31:37","modified_gmt":"2025-10-29T08:31:37","slug":"paletes-paketes-ekskavatoram-s-30","status":"publish","type":"product","link":"https:\/\/kasima3.bcapps.lt\/lv\/produktas\/paletes-paketes-ekskavatoram-s-30\/","title":{"rendered":"Paletes dak\u0161as ekskavatoram S-30"},"content":{"rendered":"<p><strong>Mini ekskavatora pale\u0161u dak\u0161as SPECIFIK\u0100CIJAS:<\/strong><\/p>\n<p>Paletes celtsp\u0113ja: 1500 kg.<\/p>\n<p>Paletes dak\u0161u garums: 1,07 m.<\/p>\n<p>Regul\u0113jams pale\u0161u dak\u0161u platums l\u012bdz 120 cm.<\/p>\n<p>Aptur\u0113\u0161ana: mini ekskavators<\/p>\n<p>Savienot\u0101ja tips: S30<\/p>\n<p>M\u0113s pied\u0101v\u0101jam komplekt\u0113tas pale\u0161u dak\u0161as j\u016bsu ekskavatoram. Komplekt\u0101 ietilpst: r\u0101mja un dak\u0161as komplekts ar skav\u0101m.<\/p>\n<p>Paletes dak\u0161as tiek izmantotas da\u017e\u0101du kravu izkrau\u0161anai, iekrau\u0161anai un transport\u0113\u0161anai, atvieglojot un pa\u0101trinot darbu. \u0160im produktam ir 12 m\u0113ne\u0161u garantija pret ra\u017eo\u0161anas defektiem. KASIMA UAB nodro\u0161ina garantijas un p\u0113cgarantijas apkalpo\u0161anu.<\/p>\n<p><strong>PRE\u010cU PIEG\u0100DE:<\/strong><\/p>\n<p>Mums ir preces uz vietas, lai j\u016bs var\u0113tu ierasties un apskat\u012bt t\u0101s kl\u0101tien\u0113. \u0100tra pieg\u0101de uz j\u016bsu adresi.<\/p>\n<p>\u0160iem mini ekskavatoriem ir piem\u0113rotas pale\u0161u dak\u0161as:<\/p>\n<p>Kubota, Takeuchi, Yanmar, <em>Bobcat, CAT, Gehl, Takeuchi, Komatsu, Wacker Neuson, Terex, New Holland, JCB, Mustang, CASE, EUROCOMACH, Doosan, Caterpillar un citi ekskavatori<\/em>.<\/p>\n<p>*Par papildu samaksu m\u0113s varam piel\u0101got j\u016bsu ekskavatoru.<\/p>\n","protected":false},"excerpt":{"rendered":"<p>Cena bez PVN<\/p>\n<p>Ra\u017eot\u0101js: S-30<br \/>\nModelis: 1500 kg.<br \/>\nZvans: <a href=\"tel:+37067607071\">+37067607071<\/a><br \/>\nKontaktpersona: <a href=\"mailto:info@kasima3.bcapps.lt\">sales@kasima3.bcapps.lt<\/a><\/p>\n","protected":false},"featured_media":8683,"template":"","meta":{"_et_pb_use_builder":"","_et_pb_old_content":"","_et_gb_content_width":""},"product_brand":[],"product_cat":[294,153,154,155,323,185],"product_tag":[],"class_list":{"0":"post-8663","1":"product","2":"type-product","3":"status-publish","4":"has-post-thumbnail","6":"product_cat-lidz-15-tonnam","7":"product_cat-15-3-tonnas","8":"product_cat-3-5-tonnas","9":"product_cat-jauns","10":"product_cat-palesu-daksas","11":"product_cat-ekskavators","13":"first","14":"instock","15":"taxable","16":"shipping-taxable","17":"purchasable","18":"product-type-simple"},"_links":{"self":[{"href":"https:\/\/kasima3.bcapps.lt\/lv\/wp-json\/wp\/v2\/product\/8663","targetHints":{"allow":["GET"]}}],"collection":[{"href":"https:\/\/kasima3.bcapps.lt\/lv\/wp-json\/wp\/v2\/product"}],"about":[{"href":"https:\/\/kasima3.bcapps.lt\/lv\/wp-json\/wp\/v2\/types\/product"}],"wp:featuredmedia":[{"embeddable":true,"href":"https:\/\/kasima3.bcapps.lt\/lv\/wp-json\/wp\/v2\/media\/8683"}],"wp:attachment":[{"href":"https:\/\/kasima3.bcapps.lt\/lv\/wp-json\/wp\/v2\/media?parent=8663"}],"wp:term":[{"taxonomy":"product_brand","embeddable":true,"href":"https:\/\/kasima3.bcapps.lt\/lv\/wp-json\/wp\/v2\/product_brand?post=8663"},{"taxonomy":"product_cat","embeddable":true,"href":"https:\/\/kasima3.bcapps.lt\/lv\/wp-json\/wp\/v2\/product_cat?post=8663"},{"taxonomy":"product_tag","embeddable":true,"href":"https:\/\/kasima3.bcapps.lt\/lv\/wp-json\/wp\/v2\/product_tag?post=8663"}],"curies":[{"name":"wp","href":"https:\/\/api.w.org\/{rel}","templated":true}]}}