{"id":8873,"date":"2023-02-06T14:40:15","date_gmt":"2023-02-06T14:40:15","guid":{"rendered":"https:\/\/kasima.lt\/shop\/uncategorized\/hidrauliskais-evelesanas-kauss-s-50\/"},"modified":"2025-10-29T08:31:38","modified_gmt":"2025-10-29T08:31:38","slug":"hidrauliskais-planosanas-locitis-s-50","status":"publish","type":"product","link":"https:\/\/kasima3.bcapps.lt\/lv\/produktas\/hidrauliskais-planosanas-locitis-s-50\/","title":{"rendered":"Hidrauliskais \u0113vel\u0113\u0161anas kauss S-50"},"content":{"rendered":"<p>Skandin\u0101vu stila pl\u0101no\u0161anas spainis<br \/>\nHidraulisk\u0101s lapas funkcija<br \/>\nHidrauliskie cilindri &#8211; 2 gab.<br \/>\nTilpums: 550 l<br \/>\nPlatums: 150 cm<br \/>\nSvars: 320 kg<br \/>\nSavienot\u0101js: S50<\/p>\n","protected":false},"excerpt":{"rendered":"<p>Cena bez PVN<\/p>\n<p>Ra\u017eot\u0101js.<br \/>\nModelis: S-50<br \/>\nZvans: <a href=\"tel:+37067607071\">+37067607071<\/a><br \/>\nKontaktpersona: <a href=\"mailto:sales@kasima3.bcapps.lt\">sales@kasima3.bcapps.lt<\/a><\/p>\n","protected":false},"featured_media":8846,"template":"","meta":{"_et_pb_use_builder":"","_et_pb_old_content":"","_et_gb_content_width":""},"product_brand":[],"product_cat":[166,168,171,155,302,185],"product_tag":[],"class_list":{"0":"post-8873","1":"product","2":"type-product","3":"status-publish","4":"has-post-thumbnail","6":"product_cat-5-7-tonnas","7":"product_cat-7-10-tonnas","8":"product_cat-10-13-tonnas","9":"product_cat-jauns","10":"product_cat-spaini","11":"product_cat-ekskavators","13":"first","14":"instock","15":"taxable","16":"shipping-taxable","17":"purchasable","18":"product-type-simple"},"_links":{"self":[{"href":"https:\/\/kasima3.bcapps.lt\/lv\/wp-json\/wp\/v2\/product\/8873","targetHints":{"allow":["GET"]}}],"collection":[{"href":"https:\/\/kasima3.bcapps.lt\/lv\/wp-json\/wp\/v2\/product"}],"about":[{"href":"https:\/\/kasima3.bcapps.lt\/lv\/wp-json\/wp\/v2\/types\/product"}],"wp:featuredmedia":[{"embeddable":true,"href":"https:\/\/kasima3.bcapps.lt\/lv\/wp-json\/wp\/v2\/media\/8846"}],"wp:attachment":[{"href":"https:\/\/kasima3.bcapps.lt\/lv\/wp-json\/wp\/v2\/media?parent=8873"}],"wp:term":[{"taxonomy":"product_brand","embeddable":true,"href":"https:\/\/kasima3.bcapps.lt\/lv\/wp-json\/wp\/v2\/product_brand?post=8873"},{"taxonomy":"product_cat","embeddable":true,"href":"https:\/\/kasima3.bcapps.lt\/lv\/wp-json\/wp\/v2\/product_cat?post=8873"},{"taxonomy":"product_tag","embeddable":true,"href":"https:\/\/kasima3.bcapps.lt\/lv\/wp-json\/wp\/v2\/product_tag?post=8873"}],"curies":[{"name":"wp","href":"https:\/\/api.w.org\/{rel}","templated":true}]}}