{"id":9187,"date":"2023-02-07T14:29:07","date_gmt":"2023-02-07T14:29:07","guid":{"rendered":"https:\/\/kasima.lt\/shop\/uncategorized\/atra-savienosana-40-185-140-mm-mehaniskais\/"},"modified":"2025-10-29T08:31:39","modified_gmt":"2025-10-29T08:31:39","slug":"greita-jungtis-40-185-140-mm-mechanine","status":"publish","type":"product","link":"https:\/\/kasima3.bcapps.lt\/lv\/produktas\/greita-jungtis-40-185-140-mm-mechanine\/","title":{"rendered":"\u0100tr\u0101 savieno\u0161ana 40-185-140 mm. Meh\u0101niskais"},"content":{"rendered":"<p>SPECIFIK\u0100CIJAS:<br \/>\nTapas diametrs (D1=D2): 40 mm.<br \/>\nAtt\u0101lums starp bultas tapu centriem (A1): 185 mm.<br \/>\nAtt\u0101lums starp kausa tapu centriem (A2): 185 mm.<br \/>\nEkskavatora str\u0113les platums (W): 140 mm.<br \/>\nAtt\u0101lums starp kausa aus\u012bm (W2): 140 mm.<br \/>\nRegul\u0113jams kausa blo\u0137\u0113\u0161anas g\u0101jiens (A2).<\/p>\n<p>Ekskavatora meh\u0101nisko \u0101tro sakabi izmanto, lai \u0101tri nomain\u012btu ekskavatora kausu, urbjma\u0161\u012bnas, hidraulisko \u0101muru vai citus stiprin\u0101jumus. Tas ir \u0101trs, efekt\u012bvs un laiku taupo\u0161s veids, k\u0101 aizmirst manu\u0101lo \u0101muru, ko agr\u0101k izmantoj\u0101t, lai izkaltu tapas. Savienot\u0101js ar atsl\u0113gu ne\u013caus savienot\u0101jam pie\u0137erties ekskavatora kausam vai citam stiprin\u0101jumam pat tad, ja stiprin\u0101jums ir dabiski nolietojies.<br \/>\nPRE\u010cU PIEG\u0100DE:<br \/>\nMums ir preces uz vietas, lai j\u016bs var\u0113tu ierasties un apskat\u012bt t\u0101s kl\u0101tien\u0113. \u0100tra pieg\u0101de uz j\u016bsu adresi.<\/p>\n","protected":false},"excerpt":{"rendered":"<p>Cena bez PVN<\/p>\n<p>Ra\u017eot\u0101js.<br \/>\nModelis: M 40-185-140<br \/>\nZvans: <a href=\"tel:+37067607071\">+37067607071<\/a><br \/>\nKontaktpersona: <a href=\"mailto:info@kasima3.bcapps.lt\">sales@kasima3.bcapps.lt<\/a><\/p>\n","protected":false},"featured_media":9143,"template":"","meta":{"_et_pb_use_builder":"","_et_pb_old_content":"","_et_gb_content_width":""},"product_brand":[],"product_cat":[153,154,155,283,185],"product_tag":[],"class_list":{"0":"post-9187","1":"product","2":"type-product","3":"status-publish","4":"has-post-thumbnail","6":"product_cat-15-3-tonnas","7":"product_cat-3-5-tonnas","8":"product_cat-jauns","9":"product_cat-ekskavatoru-atrie-savienotaji","10":"product_cat-ekskavators","12":"first","13":"instock","14":"taxable","15":"shipping-taxable","16":"purchasable","17":"product-type-simple"},"_links":{"self":[{"href":"https:\/\/kasima3.bcapps.lt\/lv\/wp-json\/wp\/v2\/product\/9187","targetHints":{"allow":["GET"]}}],"collection":[{"href":"https:\/\/kasima3.bcapps.lt\/lv\/wp-json\/wp\/v2\/product"}],"about":[{"href":"https:\/\/kasima3.bcapps.lt\/lv\/wp-json\/wp\/v2\/types\/product"}],"wp:featuredmedia":[{"embeddable":true,"href":"https:\/\/kasima3.bcapps.lt\/lv\/wp-json\/wp\/v2\/media\/9143"}],"wp:attachment":[{"href":"https:\/\/kasima3.bcapps.lt\/lv\/wp-json\/wp\/v2\/media?parent=9187"}],"wp:term":[{"taxonomy":"product_brand","embeddable":true,"href":"https:\/\/kasima3.bcapps.lt\/lv\/wp-json\/wp\/v2\/product_brand?post=9187"},{"taxonomy":"product_cat","embeddable":true,"href":"https:\/\/kasima3.bcapps.lt\/lv\/wp-json\/wp\/v2\/product_cat?post=9187"},{"taxonomy":"product_tag","embeddable":true,"href":"https:\/\/kasima3.bcapps.lt\/lv\/wp-json\/wp\/v2\/product_tag?post=9187"}],"curies":[{"name":"wp","href":"https:\/\/api.w.org\/{rel}","templated":true}]}}