{"id":9247,"date":"2023-02-07T14:47:27","date_gmt":"2023-02-07T14:47:27","guid":{"rendered":"https:\/\/kasima.lt\/shop\/uncategorized\/atra-savienosana-45-220-160-s50-mm-mehaniska\/"},"modified":"2025-10-29T08:31:39","modified_gmt":"2025-10-29T08:31:39","slug":"greita-jungtis-45-220-160-s50-mm-mechanine","status":"publish","type":"product","link":"https:\/\/kasima3.bcapps.lt\/lv\/produktas\/greita-jungtis-45-220-160-s50-mm-mechanine\/","title":{"rendered":"\u0100tr\u0101 savieno\u0161ana 45-220-160\/S50 mm, meh\u0101nisk\u0101"},"content":{"rendered":"<p>SPECIFIK\u0100CIJAS:<\/p>\n<p>Ekskavatora savienot\u0101ja aug\u0161da\u013ca:<br \/>\nTapas diametrs: 45 mm.<br \/>\nAtt\u0101lums starp str\u0113les tapu centriem: 220 mm.<br \/>\nEkskavatora str\u0113les platums: 160 mm.<\/p>\n<p>Ekskavatora savienot\u0101ja apak\u0161da\u013ca:<br \/>\nS-50 standarta modelis<\/p>\n","protected":false},"excerpt":{"rendered":"<p>Cena bez PVN<\/p>\n<p>Ra\u017eot\u0101js.<br \/>\nModelis: M 45-220-160 \/ S-50<br \/>\nZvans: <a href=\"tel:+37067607071\">+37067607071<\/a><br \/>\nKontaktpersona: <a href=\"mailto:info@kasima3.bcapps.lt\">sales@kasima3.bcapps.lt<\/a><\/p>\n","protected":false},"featured_media":9193,"template":"","meta":{"_et_pb_use_builder":"","_et_pb_old_content":"","_et_gb_content_width":""},"product_brand":[],"product_cat":[154,166,168,155,283,185],"product_tag":[],"class_list":{"0":"post-9247","1":"product","2":"type-product","3":"status-publish","4":"has-post-thumbnail","6":"product_cat-3-5-tonnas","7":"product_cat-5-7-tonnas","8":"product_cat-7-10-tonnas","9":"product_cat-jauns","10":"product_cat-ekskavatoru-atrie-savienotaji","11":"product_cat-ekskavators","13":"first","14":"instock","15":"taxable","16":"shipping-taxable","17":"purchasable","18":"product-type-simple"},"_links":{"self":[{"href":"https:\/\/kasima3.bcapps.lt\/lv\/wp-json\/wp\/v2\/product\/9247","targetHints":{"allow":["GET"]}}],"collection":[{"href":"https:\/\/kasima3.bcapps.lt\/lv\/wp-json\/wp\/v2\/product"}],"about":[{"href":"https:\/\/kasima3.bcapps.lt\/lv\/wp-json\/wp\/v2\/types\/product"}],"wp:featuredmedia":[{"embeddable":true,"href":"https:\/\/kasima3.bcapps.lt\/lv\/wp-json\/wp\/v2\/media\/9193"}],"wp:attachment":[{"href":"https:\/\/kasima3.bcapps.lt\/lv\/wp-json\/wp\/v2\/media?parent=9247"}],"wp:term":[{"taxonomy":"product_brand","embeddable":true,"href":"https:\/\/kasima3.bcapps.lt\/lv\/wp-json\/wp\/v2\/product_brand?post=9247"},{"taxonomy":"product_cat","embeddable":true,"href":"https:\/\/kasima3.bcapps.lt\/lv\/wp-json\/wp\/v2\/product_cat?post=9247"},{"taxonomy":"product_tag","embeddable":true,"href":"https:\/\/kasima3.bcapps.lt\/lv\/wp-json\/wp\/v2\/product_tag?post=9247"}],"curies":[{"name":"wp","href":"https:\/\/api.w.org\/{rel}","templated":true}]}}