{"id":9587,"date":"2023-02-07T15:28:37","date_gmt":"2023-02-07T15:28:37","guid":{"rendered":"https:\/\/kasima.lt\/shop\/uncategorized\/atra-sakabe-65-385-260-s60-mm-mehaniska\/"},"modified":"2025-10-29T08:31:41","modified_gmt":"2025-10-29T08:31:41","slug":"greita-jungtis-65-385-260-s60-mm-mechanine","status":"publish","type":"product","link":"https:\/\/kasima3.bcapps.lt\/lv\/produktas\/greita-jungtis-65-385-260-s60-mm-mechanine\/","title":{"rendered":"\u0100tr\u0101 sakabe 65-385-260 \/ S60 mm, meh\u0101nisk\u0101"},"content":{"rendered":"<p>SPECIFIK\u0100CIJAS:<\/p>\n<p>Ekskavatora savienot\u0101ja aug\u0161da\u013ca:<br \/>\nTapas diametrs: 65 mm.<br \/>\nAtt\u0101lums starp bultas tapu centriem: 385 mm.<br \/>\nEkskavatora str\u0113les platums: 260 mm.<\/p>\n<p>Ekskavatora savienot\u0101ja apak\u0161da\u013ca:<br \/>\nS-60 standarta modelis<\/p>\n","protected":false},"excerpt":{"rendered":"<p>Cena bez PVN<\/p>\n<p>Ra\u017eot\u0101js.<br \/>\nModelis: M 65-385-260 \/ S-60<br \/>\nZvans: <a href=\"tel:+37067607071\">+37067607071<\/a><br \/>\nKontaktpersona: <a href=\"mailto:info@kasima3.bcapps.lt\">sales@kasima3.bcapps.lt<\/a><\/p>\n","protected":false},"featured_media":9548,"template":"","meta":{"_et_pb_use_builder":"","_et_pb_old_content":"","_et_gb_content_width":""},"product_brand":[],"product_cat":[174,229,155,283,185],"product_tag":[],"class_list":{"0":"post-9587","1":"product","2":"type-product","3":"status-publish","4":"has-post-thumbnail","6":"product_cat-13-16-tonnas","7":"product_cat-16-20-tonnas","8":"product_cat-jauns","9":"product_cat-ekskavatoru-atrie-savienotaji","10":"product_cat-ekskavators","12":"first","13":"instock","14":"taxable","15":"shipping-taxable","16":"purchasable","17":"product-type-simple"},"_links":{"self":[{"href":"https:\/\/kasima3.bcapps.lt\/lv\/wp-json\/wp\/v2\/product\/9587","targetHints":{"allow":["GET"]}}],"collection":[{"href":"https:\/\/kasima3.bcapps.lt\/lv\/wp-json\/wp\/v2\/product"}],"about":[{"href":"https:\/\/kasima3.bcapps.lt\/lv\/wp-json\/wp\/v2\/types\/product"}],"wp:featuredmedia":[{"embeddable":true,"href":"https:\/\/kasima3.bcapps.lt\/lv\/wp-json\/wp\/v2\/media\/9548"}],"wp:attachment":[{"href":"https:\/\/kasima3.bcapps.lt\/lv\/wp-json\/wp\/v2\/media?parent=9587"}],"wp:term":[{"taxonomy":"product_brand","embeddable":true,"href":"https:\/\/kasima3.bcapps.lt\/lv\/wp-json\/wp\/v2\/product_brand?post=9587"},{"taxonomy":"product_cat","embeddable":true,"href":"https:\/\/kasima3.bcapps.lt\/lv\/wp-json\/wp\/v2\/product_cat?post=9587"},{"taxonomy":"product_tag","embeddable":true,"href":"https:\/\/kasima3.bcapps.lt\/lv\/wp-json\/wp\/v2\/product_tag?post=9587"}],"curies":[{"name":"wp","href":"https:\/\/api.w.org\/{rel}","templated":true}]}}