{"id":9891,"date":"2023-02-09T12:59:50","date_gmt":"2023-02-09T12:59:50","guid":{"rendered":"https:\/\/kasima.lt\/shop\/uncategorized\/atra-sakabe-60-290-175-s50-mm-hidrauliska\/"},"modified":"2025-10-29T08:31:41","modified_gmt":"2025-10-29T08:31:41","slug":"greita-jungtis-60-290-175-s50-mm-hidrauline","status":"publish","type":"product","link":"https:\/\/kasima3.bcapps.lt\/lv\/produktas\/greita-jungtis-60-290-175-s50-mm-hidrauline\/","title":{"rendered":"\u0100tr\u0101 sakabe 60-290-175 \/ S50 mm, hidraulisk\u0101"},"content":{"rendered":"<p>SPECIFIK\u0100CIJAS:<\/p>\n<p>Virs:<br \/>\nTapas diametrs: 60 mm.<br \/>\nAtt\u0101lums starp bultas tapu centriem: 290 mm.<br \/>\nEkskavatora str\u0113les platums: 172 mm.<br \/>\nAtt\u0101lums starp kausa aus\u012bm: 172 mm.<\/p>\n<p>Apak\u0161\u0113j\u0101 da\u013ca:<br \/>\nS-50 savienot\u0101ja standarts.<\/p>\n<p>Hidraulisko savienojumu komplekts, kas sast\u0101v no hidrauliskaj\u0101m \u0161\u013c\u016bten\u0113m, sadal\u012bt\u0101ja, savienojuma un cit\u0101m da\u013c\u0101m.<\/p>\n<p>Ekskavatora hidrauliskais blakus savienot\u0101js tiek izmantots ekskavatora kausu, urbju, hidraulisk\u0101 \u0101mura vai citu stiprin\u0101jumu \u0101trai nomai\u0146ai.<\/p>\n<p>PRE\u010cU PIEG\u0100DE:<br \/>\nMums ir preces uz vietas, lai j\u016bs var\u0113tu ierasties un apskat\u012bt t\u0101s kl\u0101tien\u0113.<br \/>\n\u0100tra pieg\u0101de uz j\u016bsu adresi.<\/p>\n","protected":false},"excerpt":{"rendered":"<p>Cena bez PVN<\/p>\n<p>Ra\u017eot\u0101js.<br \/>\nModelis: H 60-290-172 \/ S-50<br \/>\nZvans: <a href=\"tel:+37067607071\">+37067607071<\/a><br \/>\nKontaktpersona: <a href=\"mailto:info@kasima3.bcapps.lt\">sales@kasima3.bcapps.lt<\/a><\/p>\n","protected":false},"featured_media":9817,"template":"","meta":{"_et_pb_use_builder":"","_et_pb_old_content":"","_et_gb_content_width":""},"product_brand":[],"product_cat":[166,168,155,283,185],"product_tag":[],"class_list":{"0":"post-9891","1":"product","2":"type-product","3":"status-publish","4":"has-post-thumbnail","6":"product_cat-5-7-tonnas","7":"product_cat-7-10-tonnas","8":"product_cat-jauns","9":"product_cat-ekskavatoru-atrie-savienotaji","10":"product_cat-ekskavators","12":"first","13":"instock","14":"taxable","15":"shipping-taxable","16":"purchasable","17":"product-type-simple"},"_links":{"self":[{"href":"https:\/\/kasima3.bcapps.lt\/lv\/wp-json\/wp\/v2\/product\/9891","targetHints":{"allow":["GET"]}}],"collection":[{"href":"https:\/\/kasima3.bcapps.lt\/lv\/wp-json\/wp\/v2\/product"}],"about":[{"href":"https:\/\/kasima3.bcapps.lt\/lv\/wp-json\/wp\/v2\/types\/product"}],"wp:featuredmedia":[{"embeddable":true,"href":"https:\/\/kasima3.bcapps.lt\/lv\/wp-json\/wp\/v2\/media\/9817"}],"wp:attachment":[{"href":"https:\/\/kasima3.bcapps.lt\/lv\/wp-json\/wp\/v2\/media?parent=9891"}],"wp:term":[{"taxonomy":"product_brand","embeddable":true,"href":"https:\/\/kasima3.bcapps.lt\/lv\/wp-json\/wp\/v2\/product_brand?post=9891"},{"taxonomy":"product_cat","embeddable":true,"href":"https:\/\/kasima3.bcapps.lt\/lv\/wp-json\/wp\/v2\/product_cat?post=9891"},{"taxonomy":"product_tag","embeddable":true,"href":"https:\/\/kasima3.bcapps.lt\/lv\/wp-json\/wp\/v2\/product_tag?post=9891"}],"curies":[{"name":"wp","href":"https:\/\/api.w.org\/{rel}","templated":true}]}}